{"id":14,"date":"2021-05-14T17:52:59","date_gmt":"2021-05-14T17:52:59","guid":{"rendered":"https:\/\/gfieuropedetranslation.kinsta.cloud\/?page_id=14"},"modified":"2025-06-03T16:30:07","modified_gmt":"2025-06-03T14:30:07","slug":"about","status":"publish","type":"page","link":"https:\/\/gfieurope.org\/de\/about\/","title":{"rendered":"\u00dcber GFI Europe"},"content":{"rendered":"<div class=\"page-header-side-image alignfull has-background has-white-background-color\">\n\t\n\t<div class=\"page-header-side-image__wrap alignsemiwide\">\n\t\t\n\n<div class=\"page-header-side-image__content\">\n<h1 class=\"wp-block-heading\" id=\"about-gfi-europe\">\u00dcber GFI Europe<\/h1>\n\n\n\n<p>Das Good Food Institute Europe ist eine internationale Nichtregierungsorganisation, die sich f\u00fcr ein nachhaltiges, sicheres und gerechtes Ern\u00e4hrungssystem einsetzt, indem sie alternative Proteine voranbringt.&nbsp;<\/p>\n\n\n\n<p>Wir arbeiten mit Wissenschaft, Wirtschaft und Politik zusammen, um pflanzenbasiertes und kultiviertes Fleisch zu f\u00f6rdern und es in ganz Europa schmackhaft, g\u00fcnstig und verf\u00fcgbar zu machen.&nbsp;<\/p>\n\n\n\n<p>Indem wir Fleisch aus Pflanzen herstellen und aus Zellen wachsen lassen, k\u00f6nnen wir die Umweltauswirkungen unseres Ern\u00e4hrungssystems und die Risiken f\u00fcr die \u00f6ffentliche Gesundheit verringern und mehr Menschen mit weniger Ressourcen ern\u00e4hren. <\/p>\n\n\n\n<p>Die Arbeit von GFI Europe wird durch Spenden finanziert.<\/p>\n\n\n\n<div class=\"wp-block-buttons is-layout-flex wp-block-buttons-is-layout-flex\">\n<div class=\"wp-block-button is-style-arrow-link\"><a class=\"wp-block-button__link has-white-color has-text-color wp-element-button\" href=\"https:\/\/www.linkedin.com\/company\/gfi-europe\" target=\"_blank\" rel=\"nofollow noopener\"><img loading=\"lazy\" decoding=\"async\" width=\"92\" height=\"92\" class=\"wp-image-404\" style=\"width: 92px\" src=\"https:\/\/gfieurope.org\/de\/wp-content\/uploads\/2021\/06\/Social_GFI-linkedin-icon.svg\" alt=\"LinkedIn\"><\/a><\/div>\n\n\n\n<div class=\"wp-block-button is-style-arrow-link\"><a class=\"wp-block-button__link has-white-color has-text-color wp-element-button\" href=\"https:\/\/twitter.com\/GoodFoodEurope\" target=\"_blank\" rel=\"nofollow noopener\"><img loading=\"lazy\" decoding=\"async\" width=\"92\" height=\"92\" class=\"wp-image-403\" style=\"width: 92px\" src=\"https:\/\/gfieurope.org\/de\/wp-content\/uploads\/2021\/06\/Social_GFI-twitter-icon.svg\" alt=\"Twitter\"><\/a><\/div>\n<\/div>\n<\/div>\n\n\n\n<div class=\"page-header-side-image__media\">\n<figure class=\"wp-block-image size-large\"><img loading=\"lazy\" decoding=\"async\" width=\"1024\" height=\"804\" src=\"https:\/\/gfieurope.org\/de\/wp-content\/uploads\/2021\/08\/europevector-2-1024x804.jpg\" alt=\"Good Food Institute Europe map\" class=\"wp-image-1018\" srcset=\"https:\/\/gfieurope.org\/de\/wp-content\/uploads\/sites\/2\/2021\/08\/europevector-2-1024x804.jpg 1024w, https:\/\/gfieurope.org\/de\/wp-content\/uploads\/sites\/2\/2021\/08\/europevector-2-300x235.jpg 300w, https:\/\/gfieurope.org\/de\/wp-content\/uploads\/sites\/2\/2021\/08\/europevector-2-768x603.jpg 768w, https:\/\/gfieurope.org\/de\/wp-content\/uploads\/sites\/2\/2021\/08\/europevector-2-437x343.jpg 437w, https:\/\/gfieurope.org\/de\/wp-content\/uploads\/sites\/2\/2021\/08\/europevector-2-214x168.jpg 214w, https:\/\/gfieurope.org\/de\/wp-content\/uploads\/sites\/2\/2021\/08\/europevector-2.jpg 1110w\" sizes=\"(max-width: 1024px) 100vw, 1024px\" \/><\/figure>\n<\/div>\n\n\n\t<\/div>\n<\/div>\n\n\n<div class=\"alignfull in-page\" data-label=\"AUF DIESER SEITE\">\n\t<div class=\"alignwide in-page__content\">\n\t\t<span class=\"in-page__label\"><strong>AUF DIESER SEITE:<\/strong><\/span>\n\t\t<div class=\"in-page__menu\">\n\t\t\t\n\n<ul class=\"wp-block-list\">\n<li><a href=\"https:\/\/gfieurope.org\/de\/about\/#contribution\">Unser Beitrag<\/a>&nbsp; |  <a href=\"#focus\"><\/a><a href=\"https:\/\/gfieurope.org\/de\/about\/#focus\">Schwerpunkte<\/a>  |  <a href=\"#collaboration\"><\/a><a href=\"https:\/\/gfieurope.org\/de\/about\/#collaboration\">Partner<\/a>  |  <a href=\"https:\/\/gfieurope.org\/de\/about\/#funding\">Finanzierung<\/a>&nbsp;  |  <a href=\"#global\"><\/a><a href=\"https:\/\/gfieurope.org\/de\/about\/#global\">Globales Netzwerk<\/a><\/li>\n<\/ul>\n\n\n\t\t<\/div>\n\t<\/div>\n<\/div>\n\n\n\n\n<div class=\"wp-block-group alignfull is-style-vertical-padding has-white-background-color has-background\"><div class=\"wp-block-group__inner-container is-layout-flow wp-block-group-is-layout-flow\">\n<div class=\"wp-block-group alignfull\"><div class=\"wp-block-group__inner-container is-layout-flow wp-block-group-is-layout-flow\">\n<h2 class=\"wp-block-heading has-text-align-center is-style-accent\" id=\"contribution\">Unser Beitrag<\/h2>\n\n\n\n<p>Als internationale Nichtregierungsorganisation leistet das Good Food Institute Europe einen entscheidenden Beitrag f\u00fcr den Erfolg von pflanzenbasierten, kultivierten und fermentationsbasierten Lebensmitteln.<\/p>\n\n\n\n<div class=\"wp-block-columns alignfull has-white-background-color has-background is-layout-flex wp-container-core-columns-is-layout-9d6595d7 wp-block-columns-is-layout-flex\">\n<div class=\"wp-block-column is-layout-flow wp-block-column-is-layout-flow\">\n<figure class=\"wp-block-image size-post_card\"><img loading=\"lazy\" decoding=\"async\" width=\"435\" height=\"297\" src=\"https:\/\/gfieurope.org\/de\/wp-content\/uploads\/2021\/06\/GFC-2019-1126-lo-435x297.jpeg\" alt=\"Sharing knowledge at the Good Food Conference\" class=\"wp-image-291\" \/><\/figure>\n\n\n\n<h3 class=\"wp-block-heading has-medium-font-size\" id=\"we-share-knowledge-freely\"><strong>Wir teilen unser Wissen<\/strong><\/h3>\n\n\n\n<p>Alle Forschungsergebnisse, Daten und Erkenntnisse von GFI Europe sind frei zug\u00e4nglich und tragen zur Weiterentwicklung der gesamten Branche bei.<\/p>\n<\/div>\n\n\n\n<div class=\"wp-block-column is-layout-flow wp-block-column-is-layout-flow\">\n<figure class=\"wp-block-image size-post_card\"><img loading=\"lazy\" decoding=\"async\" width=\"435\" height=\"297\" src=\"https:\/\/gfieurope.org\/de\/wp-content\/uploads\/2021\/06\/shutterstock_569231362-435x297.jpeg\" alt=\"Microscope\" class=\"wp-image-292\" \/><\/figure>\n\n\n\n<h2 class=\"wp-block-heading has-medium-font-size\" id=\"we-focus-where-others-don-t\"><strong>Wir k\u00fcmmern uns um vernachl\u00e4ssigte Themen<\/strong><\/h2>\n\n\n\n<p>Wir f\u00f6rdern L\u00f6sungen in Bereichen, in denen zu wenig Menschen arbeiten und zu wenig Geld investiert wird.<\/p>\n<\/div>\n\n\n\n<div class=\"wp-block-column is-layout-flow wp-block-column-is-layout-flow\">\n<figure class=\"wp-block-image size-post_card\"><img loading=\"lazy\" decoding=\"async\" width=\"435\" height=\"297\" src=\"https:\/\/gfieurope.org\/de\/wp-content\/uploads\/2021\/06\/shutterstock_456467581-435x297.jpeg\" alt=\"Mountains and meadow\" class=\"wp-image-289\" \/><\/figure>\n\n\n\n<h2 class=\"wp-block-heading has-medium-font-size\" id=\"we-look-at-the-big-picture\"><strong>Wir betrachten das Gesamtbild<\/strong><\/h2>\n\n\n\n<p>Wir haben die langfristige Entwicklung im Blick und arbeiten mit Stakeholdern entlang der gesamten Wertsch\u00f6pfungskette zusammen.<\/p>\n<\/div>\n<\/div>\n<\/div><\/div>\n<\/div><\/div>\n\n\n\n<div class=\"wp-block-group alignfull is-style-vertical-padding has-gray-background-color has-background\"><div class=\"wp-block-group__inner-container is-layout-flow wp-block-group-is-layout-flow\">\n<h2 class=\"wp-block-heading has-text-align-center is-style-accent\" id=\"focus\">Unsere Schwerpunkte<\/h2>\n\n\n\n<div class=\"wp-block-columns is-layout-flex wp-container-core-columns-is-layout-9d6595d7 wp-block-columns-is-layout-flex\">\n<div class=\"wp-block-column is-layout-flow wp-block-column-is-layout-flow\"><div class=\"wp-block-image\">\n<figure class=\"aligncenter size-search is-resized\"><img loading=\"lazy\" decoding=\"async\" width=\"300\" height=\"300\" src=\"https:\/\/gfieurope.org\/de\/wp-content\/uploads\/2021\/07\/microscope-duotone.svg\" alt=\"GFI Europe's work on plant-based and cultivated meat science\" class=\"wp-image-701\" style=\"width:200px;height:200px\" \/><\/figure>\n<\/div>\n\n\n<h3 class=\"wp-block-heading has-medium-font-size\" id=\"science\"><a href=\"https:\/\/gfieurope.org\/de\/science\/\">Forschung<\/a><\/h3>\n\n\n\n<p>Wir arbeiten mit Wissenschaftler:innen zusammen, um Open-Access-Forschung zu pflanzenbasiertem und kultiviertem Fleisch durchzuf\u00fchren, zu finanzieren und zu f\u00f6rdern.<\/p>\n<\/div>\n\n\n\n<div class=\"wp-block-column is-layout-flow wp-block-column-is-layout-flow\"><div class=\"wp-block-image\">\n<figure class=\"aligncenter size-search is-resized\"><img loading=\"lazy\" decoding=\"async\" width=\"300\" height=\"300\" src=\"https:\/\/gfieurope.org\/de\/wp-content\/uploads\/2021\/07\/balance-scale-duotone.svg\" alt=\"GFI Europe's work on plant-based and cultivated meat policy\" class=\"wp-image-703\" style=\"width:200px;height:200px\" \/><\/figure>\n<\/div>\n\n\n<h2 class=\"wp-block-heading has-medium-font-size\" id=\"policy\"><a href=\"https:\/\/gfieurope.org\/de\/policy\/\">Politik<\/a><\/h2>\n\n\n\n<p>Wir setzen uns bei der Politik f\u00fcr \u00f6ffentliche Investitionen in Forschung und Infrastruktur f\u00fcr alternative Proteine ein und werben f\u00fcr eine verl\u00e4ssliche und transparente Regulierung.<\/p>\n<\/div>\n\n\n\n<div class=\"wp-block-column is-layout-flow wp-block-column-is-layout-flow\"><div class=\"wp-block-image\">\n<figure class=\"aligncenter size-search is-resized\"><img loading=\"lazy\" decoding=\"async\" width=\"300\" height=\"300\" src=\"https:\/\/gfieurope.org\/de\/wp-content\/uploads\/2021\/07\/burger-soda-duotone.svg\" alt=\"GFI Europe's work with the plant-based and cultivated meat industry\" class=\"wp-image-704\" style=\"width:200px;height:200px\" \/><\/figure>\n<\/div>\n\n\n<h3 class=\"wp-block-heading has-medium-font-size\" id=\"industry\"><a href=\"https:\/\/gfieurope.org\/de\/industry\/\">Wirtschaft<\/a><\/h3>\n\n\n\n<p>Wir unterst\u00fctzen die Lebensmittelwirtschaft dabei, schmackhaftes und g\u00fcnstiges Fleisch auf pflanzlicher Basis in ganz Europa verf\u00fcgbar zu machen, und bereiten die Branche auf den Markteintritt von kultiviertem Fleisch vor.<\/p>\n<\/div>\n<\/div>\n<\/div><\/div>\n\n\n\n<div class=\"wp-block-group alignfull is-style-vertical-padding has-white-background-color has-background\"><div class=\"wp-block-group__inner-container is-layout-flow wp-block-group-is-layout-flow\">\n<h2 class=\"wp-block-heading has-text-align-center is-style-accent\" id=\"collaboration\">Unsere Partner<\/h2>\n\n\n\n<p>Das Good Food Institute Europe arbeitet mit Partnerorganisationen auf dem gesamten Kontinent zusammen, unter anderem mit den folgenden Organisationen:<\/p>\n\n\n\n<div class=\"wp-block-columns alignfull has-white-background-color has-background is-layout-flex wp-container-core-columns-is-layout-9d6595d7 wp-block-columns-is-layout-flex\">\n<div class=\"wp-block-column is-layout-flow wp-block-column-is-layout-flow\">\n<figure class=\"wp-block-image size-search\"><a href=\"https:\/\/www.saveourantibiotics.org\/\" target=\"_blank\" rel=\"nofollow noopener\"><img loading=\"lazy\" decoding=\"async\" width=\"214\" height=\"104\" src=\"https:\/\/gfieurope.org\/de\/wp-content\/uploads\/2021\/07\/ASOA-Logo-hi-res-PNG-214x104.png\" alt=\"Alliance to Save Our Antibiotics\" class=\"wp-image-420\" srcset=\"https:\/\/gfieurope.org\/de\/wp-content\/uploads\/sites\/2\/2021\/07\/ASOA-Logo-hi-res-PNG-214x104.png 214w, https:\/\/gfieurope.org\/de\/wp-content\/uploads\/sites\/2\/2021\/07\/ASOA-Logo-hi-res-PNG-300x145.png 300w, https:\/\/gfieurope.org\/de\/wp-content\/uploads\/sites\/2\/2021\/07\/ASOA-Logo-hi-res-PNG-768x372.png 768w, https:\/\/gfieurope.org\/de\/wp-content\/uploads\/sites\/2\/2021\/07\/ASOA-Logo-hi-res-PNG-437x211.png 437w, https:\/\/gfieurope.org\/de\/wp-content\/uploads\/sites\/2\/2021\/07\/ASOA-Logo-hi-res-PNG.png 986w\" sizes=\"(max-width: 214px) 100vw, 214px\" \/><\/a><\/figure>\n\n\n\n<figure class=\"wp-block-image size-large\"><a href=\"https:\/\/plantbasedfoodalliance.co.uk\/\" target=\"_blank\" rel=\"noreferrer noopener\"><img loading=\"lazy\" decoding=\"async\" width=\"1667\" height=\"1111\" src=\"https:\/\/gfieurope.org\/de\/wp-content\/uploads\/2022\/06\/Plant-Based-Food-Alliance-UK-Logo_TW-LI-edited.png\" alt=\"Plant-based Food Alliance UK logo\" class=\"wp-image-2802\" srcset=\"https:\/\/gfieurope.org\/de\/wp-content\/uploads\/sites\/2\/2022\/06\/Plant-Based-Food-Alliance-UK-Logo_TW-LI-edited.png 1667w, https:\/\/gfieurope.org\/de\/wp-content\/uploads\/sites\/2\/2022\/06\/Plant-Based-Food-Alliance-UK-Logo_TW-LI-edited-300x200.png 300w, https:\/\/gfieurope.org\/de\/wp-content\/uploads\/sites\/2\/2022\/06\/Plant-Based-Food-Alliance-UK-Logo_TW-LI-edited-1024x682.png 1024w, https:\/\/gfieurope.org\/de\/wp-content\/uploads\/sites\/2\/2022\/06\/Plant-Based-Food-Alliance-UK-Logo_TW-LI-edited-768x512.png 768w, https:\/\/gfieurope.org\/de\/wp-content\/uploads\/sites\/2\/2022\/06\/Plant-Based-Food-Alliance-UK-Logo_TW-LI-edited-1536x1024.png 1536w, https:\/\/gfieurope.org\/de\/wp-content\/uploads\/sites\/2\/2022\/06\/Plant-Based-Food-Alliance-UK-Logo_TW-LI-edited-18x12.png 18w, https:\/\/gfieurope.org\/de\/wp-content\/uploads\/sites\/2\/2022\/06\/Plant-Based-Food-Alliance-UK-Logo_TW-LI-edited-1620x1080.png 1620w, https:\/\/gfieurope.org\/de\/wp-content\/uploads\/sites\/2\/2022\/06\/Plant-Based-Food-Alliance-UK-Logo_TW-LI-edited-437x291.png 437w, https:\/\/gfieurope.org\/de\/wp-content\/uploads\/sites\/2\/2022\/06\/Plant-Based-Food-Alliance-UK-Logo_TW-LI-edited-214x143.png 214w\" sizes=\"(max-width: 1667px) 100vw, 1667px\" \/><\/a><\/figure>\n<\/div>\n\n\n\n<div class=\"wp-block-column is-layout-flow wp-block-column-is-layout-flow\">\n<figure class=\"wp-block-image size-search\"><a href=\"https:\/\/www.eating-better.org\/\" target=\"_blank\" rel=\"nofollow noopener\"><img loading=\"lazy\" decoding=\"async\" width=\"214\" height=\"59\" src=\"https:\/\/gfieurope.org\/de\/wp-content\/uploads\/2021\/06\/eb_logo_A-2-3-214x59.png\" alt=\"Eating Better\" class=\"wp-image-359\" srcset=\"https:\/\/gfieurope.org\/de\/wp-content\/uploads\/sites\/2\/2021\/06\/eb_logo_A-2-3-214x59.png 214w, https:\/\/gfieurope.org\/de\/wp-content\/uploads\/sites\/2\/2021\/06\/eb_logo_A-2-3-300x83.png 300w, https:\/\/gfieurope.org\/de\/wp-content\/uploads\/sites\/2\/2021\/06\/eb_logo_A-2-3-437x121.png 437w, https:\/\/gfieurope.org\/de\/wp-content\/uploads\/sites\/2\/2021\/06\/eb_logo_A-2-3.png 511w\" sizes=\"(max-width: 214px) 100vw, 214px\" \/><\/a><\/figure>\n\n\n\n<figure class=\"wp-block-image size-search\"><a href=\"https:\/\/plantbasedfoodalliance.eu\/\" target=\"_blank\" rel=\"nofollow noopener\"><img loading=\"lazy\" decoding=\"async\" width=\"214\" height=\"214\" src=\"https:\/\/gfieurope.org\/de\/wp-content\/uploads\/2021\/06\/eapf-LinkedIn-214x214.jpeg\" alt=\"European Alliance for Plant-based Foods\" class=\"wp-image-325\" srcset=\"https:\/\/gfieurope.org\/de\/wp-content\/uploads\/sites\/2\/2021\/06\/eapf-LinkedIn-214x214.jpeg 214w, https:\/\/gfieurope.org\/de\/wp-content\/uploads\/sites\/2\/2021\/06\/eapf-LinkedIn-300x300.jpeg 300w, https:\/\/gfieurope.org\/de\/wp-content\/uploads\/sites\/2\/2021\/06\/eapf-LinkedIn-150x150.jpeg 150w, https:\/\/gfieurope.org\/de\/wp-content\/uploads\/sites\/2\/2021\/06\/eapf-LinkedIn-437x437.jpeg 437w, https:\/\/gfieurope.org\/de\/wp-content\/uploads\/sites\/2\/2021\/06\/eapf-LinkedIn.jpeg 556w\" sizes=\"(max-width: 214px) 100vw, 214px\" \/><\/a><\/figure>\n<\/div>\n\n\n\n<div class=\"wp-block-column is-layout-flow wp-block-column-is-layout-flow\">\n<figure class=\"wp-block-image size-search\"><a href=\"https:\/\/www.eitfood.eu\/\" target=\"_blank\" rel=\"nofollow noopener\"><img loading=\"lazy\" decoding=\"async\" width=\"214\" height=\"169\" src=\"https:\/\/gfieurope.org\/de\/wp-content\/uploads\/2021\/07\/EIT-Food-EU-Logo-RGB-Portrait-214x169.png\" alt=\"EIT Food\" class=\"wp-image-424\" srcset=\"https:\/\/gfieurope.org\/de\/wp-content\/uploads\/sites\/2\/2021\/07\/EIT-Food-EU-Logo-RGB-Portrait-214x169.png 214w, https:\/\/gfieurope.org\/de\/wp-content\/uploads\/sites\/2\/2021\/07\/EIT-Food-EU-Logo-RGB-Portrait-300x236.png 300w, https:\/\/gfieurope.org\/de\/wp-content\/uploads\/sites\/2\/2021\/07\/EIT-Food-EU-Logo-RGB-Portrait-437x344.png 437w, https:\/\/gfieurope.org\/de\/wp-content\/uploads\/sites\/2\/2021\/07\/EIT-Food-EU-Logo-RGB-Portrait.png 708w\" sizes=\"(max-width: 214px) 100vw, 214px\" \/><\/a><\/figure>\n\n\n\n<figure class=\"wp-block-image size-search\"><a href=\"https:\/\/www.foodforcenetwork.eu\/\" target=\"_blank\" rel=\"nofollow noopener\"><img loading=\"lazy\" decoding=\"async\" width=\"214\" height=\"46\" src=\"https:\/\/gfieurope.org\/de\/wp-content\/uploads\/2021\/06\/foodforce-214x46.png\" alt=\"Food Force\" class=\"wp-image-394\" srcset=\"https:\/\/gfieurope.org\/de\/wp-content\/uploads\/sites\/2\/2021\/06\/foodforce-214x46.png 214w, https:\/\/gfieurope.org\/de\/wp-content\/uploads\/sites\/2\/2021\/06\/foodforce-300x65.png 300w, https:\/\/gfieurope.org\/de\/wp-content\/uploads\/sites\/2\/2021\/06\/foodforce-383x85.png 383w, https:\/\/gfieurope.org\/de\/wp-content\/uploads\/sites\/2\/2021\/06\/foodforce.png 393w\" sizes=\"(max-width: 214px) 100vw, 214px\" \/><\/a><\/figure>\n<\/div>\n<\/div>\n<\/div><\/div>\n\n\n\n<div class=\"wp-block-group alignfull is-style-vertical-padding has-gray-background-color has-background\"><div class=\"wp-block-group__inner-container is-layout-flow wp-block-group-is-layout-flow\">\n<h2 class=\"wp-block-heading has-text-align-center is-style-accent\" id=\"funding\">Unsere Finanzierung<\/h2>\n\n\n\n<div class=\"wp-block-columns is-layout-flex wp-container-core-columns-is-layout-9d6595d7 wp-block-columns-is-layout-flex\">\n<div class=\"wp-block-column is-layout-flow wp-block-column-is-layout-flow\" style=\"flex-basis:100%\"><div class=\"wp-block-image is-style-default\">\n<figure class=\"alignright size-post_card_full\"><img loading=\"lazy\" decoding=\"async\" width=\"435\" height=\"582\" src=\"https:\/\/gfieurope.org\/de\/wp-content\/uploads\/2022\/04\/20220309GFIBournemouth-52-435x582.jpeg\" alt=\"GFI Europe team\" class=\"wp-image-2437\" srcset=\"https:\/\/gfieurope.org\/de\/wp-content\/uploads\/sites\/2\/2022\/04\/20220309GFIBournemouth-52-435x582.jpeg 435w, https:\/\/gfieurope.org\/de\/wp-content\/uploads\/sites\/2\/2022\/04\/20220309GFIBournemouth-52-383x511.jpeg 383w\" sizes=\"(max-width: 435px) 100vw, 435px\" \/><figcaption class=\"wp-element-caption\">Foto: Barbara Evripidou\/FirstAvenuePhotography.com<\/figcaption><\/figure>\n<\/div>\n\n\n<p>Das Good Food Institute wird durch Spenden finanziert. Unsere Arbeit ist nur dank der Zuwendungen unserer weltweiten Familie von Spender:innen m\u00f6glich.<\/p>\n\n\n\n<p>Der \u00fcberwiegende Teil unserer Finanzmittel stammt von privaten Spendern aus mehr als 65 L\u00e4ndern. Weitere Unterst\u00fctzung erhalten wir von philanthropischen Stiftungen wie dem Open Philanthropy Project und der ClimateWorks Foundation.<\/p>\n\n\n\n<p>Wir nehmen keine Spenden aus der konventionellen Lebensmittelwirtschaft oder von Unternehmen f\u00fcr alternative Proteine an, doch diese Unternehmen k\u00f6nnen \u00f6ffentliche Veranstaltungen von GFI sponsern oder das Open-Access-F\u00f6rderprogramm von GFI unterst\u00fctzen.\u00a0<\/p>\n\n\n\n<p>Menschen auf der ganzen Welt unterst\u00fctzen unsere Arbeit und leisten so einen wichtigen Beitrag daf\u00fcr, den Klimawandel einzud\u00e4mmen, Risiken f\u00fcr die \u00f6ffentliche Gesundheit zu minimieren und die Ern\u00e4hrung der wachsenden Weltbev\u00f6lkerung zu sichern.<\/p>\n\n\n\n<p>Unsere Spender:innen tragen dazu bei, dass nachhaltige Lebensmittel f\u00fcr mehr und mehr Menschen zur ersten Wahl werden.&nbsp;<a href=\"https:\/\/gfieurope.org\/de\/support-us\/\">Erfahren Sie mehr<\/a>&nbsp;dar\u00fcber, wie Sie dazu beitragen k\u00f6nnen.<\/p>\n<\/div>\n<\/div>\n<\/div><\/div>\n\n\n\n<div class=\"wp-block-group alignfull is-style-vertical-padding\"><div class=\"wp-block-group__inner-container is-layout-flow wp-block-group-is-layout-flow\">\n<h2 class=\"wp-block-heading has-text-align-center is-style-accent\" id=\"global\">Unser globales Netzwerk<\/h2>\n\n\n\n<p>Globale Probleme brauchen globale L\u00f6sungen. Neben Europa arbeitet GFI in weiteren Regionen, in denen wir den gr\u00f6\u00dftm\u00f6glichen Einfluss auf das weltweite Ern\u00e4hrungssystem haben:&nbsp;<a href=\"https:\/\/www.gfi-apac.org\/\" target=\"_blank\" rel=\"noreferrer noopener\"><\/a><a href=\"https:\/\/www.gfi-apac.org\/\" target=\"_blank\" rel=\"noreferrer noopener\">Asien-Pazifik<\/a>, <a href=\"https:\/\/gfi.org.br\/\" target=\"_blank\" rel=\"noreferrer noopener\">Brasilien<\/a>, <a href=\"https:\/\/www.gfi.org.in\/\" target=\"_blank\" rel=\"noreferrer noopener\">Indien<\/a>, <a href=\"https:\/\/gfi.org.il\/\" target=\"_blank\" rel=\"noreferrer noopener\">Israel<\/a>, <a href=\"https:\/\/gfi.or.jp\/\" target=\"_blank\" rel=\"noreferrer noopener\">Japan<\/a> und <a href=\"http:\/\/gfi.org\/\" target=\"_blank\" rel=\"noreferrer noopener\">USA<\/a>.<\/p>\n\n\n\n<figure class=\"wp-block-image size-large\"><img loading=\"lazy\" decoding=\"async\" width=\"1024\" height=\"576\" src=\"https:\/\/gfieurope.org\/de\/wp-content\/uploads\/sites\/2\/2024\/11\/GFI-affiliate-map3-1024x576.png\" alt=\"\" class=\"wp-image-6446\" srcset=\"https:\/\/gfieurope.org\/de\/wp-content\/uploads\/sites\/2\/2024\/11\/GFI-affiliate-map3-1024x576.png 1024w, https:\/\/gfieurope.org\/de\/wp-content\/uploads\/sites\/2\/2024\/11\/GFI-affiliate-map3-300x169.png 300w, https:\/\/gfieurope.org\/de\/wp-content\/uploads\/sites\/2\/2024\/11\/GFI-affiliate-map3-768x432.png 768w, https:\/\/gfieurope.org\/de\/wp-content\/uploads\/sites\/2\/2024\/11\/GFI-affiliate-map3-1920x1080.png 1920w, https:\/\/gfieurope.org\/de\/wp-content\/uploads\/sites\/2\/2024\/11\/GFI-affiliate-map3-437x246.png 437w, https:\/\/gfieurope.org\/de\/wp-content\/uploads\/sites\/2\/2024\/11\/GFI-affiliate-map3-214x120.png 214w, https:\/\/gfieurope.org\/de\/wp-content\/uploads\/sites\/2\/2024\/11\/GFI-affiliate-map3-1430x804.png 1430w\" sizes=\"(max-width: 1024px) 100vw, 1024px\" \/><\/figure>\n<\/div><\/div>\n\n\n\n<p><\/p>\n","protected":false},"excerpt":{"rendered":"<p>Das Good Food Institute Europe ist eine internationale Nichtregierungsorganisation, die sich f\u00fcr ein nachhaltiges, sicheres und gerechtes Ern\u00e4hrungssystem einsetzt, indem sie alternative Proteine voranbringt.\u00a0<\/p>\n","protected":false},"author":1,"featured_media":5757,"parent":0,"menu_order":0,"comment_status":"closed","ping_status":"closed","template":"","meta":{"_acf_changed":false,"_relevanssi_hide_post":"","_relevanssi_hide_content":"","_relevanssi_pin_for_all":"","_relevanssi_pin_keywords":"","_relevanssi_unpin_keywords":"","_relevanssi_related_keywords":"","_relevanssi_related_include_ids":"","_relevanssi_related_exclude_ids":"","_relevanssi_related_no_append":"","_relevanssi_related_not_related":"","_relevanssi_related_posts":"","_relevanssi_noindex_reason":"","footnotes":""},"production_platform":[],"topic":[88],"class_list":["post-14","page","type-page","status-publish","has-post-thumbnail","hentry","topic-gfi-europe","has-blocks"],"acf":[],"_links":{"self":[{"href":"https:\/\/gfieurope.org\/de\/wp-json\/wp\/v2\/pages\/14","targetHints":{"allow":["GET"]}}],"collection":[{"href":"https:\/\/gfieurope.org\/de\/wp-json\/wp\/v2\/pages"}],"about":[{"href":"https:\/\/gfieurope.org\/de\/wp-json\/wp\/v2\/types\/page"}],"author":[{"embeddable":true,"href":"https:\/\/gfieurope.org\/de\/wp-json\/wp\/v2\/users\/1"}],"replies":[{"embeddable":true,"href":"https:\/\/gfieurope.org\/de\/wp-json\/wp\/v2\/comments?post=14"}],"version-history":[{"count":73,"href":"https:\/\/gfieurope.org\/de\/wp-json\/wp\/v2\/pages\/14\/revisions"}],"predecessor-version":[{"id":6928,"href":"https:\/\/gfieurope.org\/de\/wp-json\/wp\/v2\/pages\/14\/revisions\/6928"}],"wp:featuredmedia":[{"embeddable":true,"href":"https:\/\/gfieurope.org\/de\/wp-json\/wp\/v2\/media\/5757"}],"wp:attachment":[{"href":"https:\/\/gfieurope.org\/de\/wp-json\/wp\/v2\/media?parent=14"}],"wp:term":[{"taxonomy":"production_platform","embeddable":true,"href":"https:\/\/gfieurope.org\/de\/wp-json\/wp\/v2\/production_platform?post=14"},{"taxonomy":"topic","embeddable":true,"href":"https:\/\/gfieurope.org\/de\/wp-json\/wp\/v2\/topic?post=14"}],"curies":[{"name":"wp","href":"https:\/\/api.w.org\/{rel}","templated":true}]}}