{"id":36,"date":"2021-05-14T21:13:30","date_gmt":"2021-05-14T19:13:30","guid":{"rendered":"https:\/\/gfieuropedetranslation.kinsta.cloud\/?page_id=36"},"modified":"2026-04-01T14:55:43","modified_gmt":"2026-04-01T12:55:43","slug":"careers","status":"publish","type":"page","link":"https:\/\/gfieurope.org\/de\/careers\/","title":{"rendered":"Arbeiten bei GFI Europe"},"content":{"rendered":"<div class=\"page-header-side-image alignfull has-background has-white-background-color\">\n\t\n\t<div class=\"page-header-side-image__wrap alignsemiwide\">\n\t\t\n\n<div class=\"page-header-side-image__content\">\n<h1 class=\"wp-block-heading is-style-default\" id=\"careers-at-gfi-europe\">Arbeiten bei GFI Europe<\/h1>\n\n\n\n<p class=\"has-medium-font-size\">Hier k\u00f6nnen Sie sich \u00fcber offene Stellen bei GFI Europe informieren, nach Jobangeboten im Bereich alternative Proteine suchen und sich in unsere Talentdatenbank eintragen, um von neuen Jobangeboten in der Branche zu erfahren. <\/p>\n<\/div>\n\n\n\n<div class=\"page-header-side-image__media\">\n<figure class=\"wp-block-image size-large\"><img loading=\"lazy\" decoding=\"async\" width=\"1024\" height=\"693\" src=\"https:\/\/gfieurope.org\/de\/wp-content\/uploads\/2022\/04\/20220309GFIBournemouth-220-1024x693.jpeg\" alt=\"GFI Europe colleagues working together\" class=\"wp-image-2432\" srcset=\"https:\/\/gfieurope.org\/de\/wp-content\/uploads\/sites\/2\/2022\/04\/20220309GFIBournemouth-220-1024x693.jpeg 1024w, https:\/\/gfieurope.org\/de\/wp-content\/uploads\/sites\/2\/2022\/04\/20220309GFIBournemouth-220-300x203.jpeg 300w, https:\/\/gfieurope.org\/de\/wp-content\/uploads\/sites\/2\/2022\/04\/20220309GFIBournemouth-220-768x520.jpeg 768w, https:\/\/gfieurope.org\/de\/wp-content\/uploads\/sites\/2\/2022\/04\/20220309GFIBournemouth-220-1536x1039.jpeg 1536w, https:\/\/gfieurope.org\/de\/wp-content\/uploads\/sites\/2\/2022\/04\/20220309GFIBournemouth-220-2048x1385.jpeg 2048w, https:\/\/gfieurope.org\/de\/wp-content\/uploads\/sites\/2\/2022\/04\/20220309GFIBournemouth-220-18x12.jpeg 18w, https:\/\/gfieurope.org\/de\/wp-content\/uploads\/sites\/2\/2022\/04\/20220309GFIBournemouth-220-1597x1080.jpeg 1597w, https:\/\/gfieurope.org\/de\/wp-content\/uploads\/sites\/2\/2022\/04\/20220309GFIBournemouth-220-437x296.jpeg 437w, https:\/\/gfieurope.org\/de\/wp-content\/uploads\/sites\/2\/2022\/04\/20220309GFIBournemouth-220-214x145.jpeg 214w\" sizes=\"(max-width: 1024px) 100vw, 1024px\" \/><figcaption class=\"wp-element-caption\">Photo credit: Barbara Evripidou\/FirstAvenuePhotography.com<\/figcaption><\/figure>\n<\/div>\n\n\n\t<\/div>\n<\/div>\n\n\n<div class=\"alignfull in-page\" data-label=\"AUF DIESER SEITE\">\n\t<div class=\"alignwide in-page__content\">\n\t\t<span class=\"in-page__label\"><strong>AUF DIESER SEITE:<\/strong><\/span>\n\t\t<div class=\"in-page__menu\">\n\t\t\t\n\n<ul class=\"wp-block-list in-page__list\">\n<li><a href=\"#openings\"><\/a><a href=\"https:\/\/gfieurope.org\/de\/careers\/#openings\">Offene Stellen bei GFI Europe<\/a>&nbsp;  |  <a href=\"#database\"><\/a><a href=\"https:\/\/gfieurope.org\/de\/careers\/#database\">Talentdatenbank<\/a>  |&nbsp; <a href=\"https:\/\/gfieurope.org\/de\/careers\/#board\">Jobs im Bereich alternative Proteine<\/a> |  <a href=\"https:\/\/gfieurope.org\/de\/careers\/#why\">Warum bei GFI arbeiten<\/a>&nbsp;  |  <a href=\"#hiring-process\" data-type=\"internal\" data-id=\"#hiring-process\">Recruiting-Verfahren<\/a>  |  <a href=\"https:\/\/gfieurope.org\/de\/careers\/#questions\">Ihre Fragen<\/a><\/li>\n<\/ul>\n\n\n\t\t<\/div>\n\t<\/div>\n<\/div>\n\n\n\n\n<h2 class=\"wp-block-heading is-style-accent\" id=\"openings\"><strong>Aktuelle Stellenausschreibungen des Good Food Institute Europe<\/strong><\/h2>\n\n\n\n<p>Wir haben aktuell keine offenen Stellen zu besetzen.<\/p>\n\n\n\n<p>Die Bewerbungsfrist f\u00fcr die folgenden Stellen ist abgelaufen. Die Stellenbeschreibungen sind weiterhin abrufbar:<\/p>\n\n\n\n<p><a href=\"https:\/\/gfieurope.org\/careers\/responsable-des-affaires-publiques-france-18-month-fixed-term-home-based\/\"><strong>Responsable des affaires publiques, France \u2013 Contrat \u00e0 dur\u00e9e d\u00e9termin\u00e9e de 18 mois, poste en t\u00e9l\u00e9travail<\/strong><\/a><\/p>\n\n\n\n<p><a href=\"https:\/\/app.beapplied.com\/apply\/xrbofiud8p\" target=\"_blank\" rel=\"noreferrer noopener\"><strong>Research Fellow \u2013 full-time, home-based (UK, Netherlands or Germany) and temporary (26 weeks)<\/strong><\/a><\/p>\n\n\n\n<p>Viele weitere Stellenangebote auf der ganzen Welt finden Sie auch auf <a href=\"https:\/\/altprotein.jobs\/?s=gfi-eu\" target=\"_blank\" rel=\"noopener\">AltProtein.Jobs<\/a>, einer von T\u00e4list betriebenen Plattform mit Hunderten von Stellenangeboten f\u00fcr alle Karrierestufen.<br><br>Hier finden Sie&nbsp;<a href=\"https:\/\/gfi.org\/global\/#global-careers\" target=\"_blank\" rel=\"noreferrer noopener\">offene Stellen bei den GFI Affiliates<\/a>&nbsp;in der Asien-Pazifik-Region, Brasilien, Indien, Israel und Japan sowie Stellenangebote in der weltweiten Branche f\u00fcr alternative Proteine.<\/p>\n\n\n\n<p>Aktuelle&nbsp;<a href=\"https:\/\/gfi.org\/careers\/\" target=\"_blank\" rel=\"noreferrer noopener\">Stellenausschreibungen in den USA k\u00f6nnen Sie hier einsehen<\/a>.<\/p>\n\n\n\n<p><\/p>\n\n\n\n<div class=\"wp-block-group alignfull is-style-vertical-padding has-gray-background-color has-background\"><div class=\"wp-block-group__inner-container is-layout-flow wp-block-group-is-layout-flow\">\n<h2 class=\"wp-block-heading has-text-align-center is-style-accent\" id=\"questions\"><strong><strong><strong><strong><strong>Unser Recruiting-Verfahren<\/strong><\/strong><\/strong><\/strong><\/strong><\/h2>\n\n\n\n<p>Um die besten Mitglieder f\u00fcr unser Team zu gewinnen, bewerten wir Kandidatinnen und Kandidaten gemeinschaftlich. Dabei gehen wir strikt nach Kompetenz und vermeiden unbewusste Voreingenommenheit. Bitte beachten Sie, dass der nachfolgende Prozess f\u00fcr bestimmte Positionen angepasst werden kann. Eine Beschreibung des Einstellungsverfahrens finden Sie in der jeweiligen Stellenausschreibung.<\/p>\n\n\n\n<div class=\"wp-block-media-text is-stacked-on-mobile\" style=\"grid-template-columns:15% auto\"><figure class=\"wp-block-media-text__media\"><img loading=\"lazy\" decoding=\"async\" width=\"300\" height=\"300\" src=\"https:\/\/gfieurope.org\/wp-content\/uploads\/2021\/07\/file-alt-duotone.svg\" alt=\"Covering letter\" class=\"wp-image-726 size-full\" \/><\/figure><div class=\"wp-block-media-text__content\">\n<h4 class=\"wp-block-heading\">Erste Runde: Online-Bewerbung<\/h4>\n\n\n\n<p>Sie reichen Ihre Bewerbung \u00fcber ein Onlineformular ein, das Fragen zu Ihrer Arbeitserfahrung umfasst, und bearbeiten ein oder zwei Beispielaufgaben.<\/p>\n<\/div><\/div>\n\n\n\n<div class=\"wp-block-media-text is-stacked-on-mobile\" style=\"grid-template-columns:15% auto\"><figure class=\"wp-block-media-text__media\"><img loading=\"lazy\" decoding=\"async\" width=\"300\" height=\"300\" src=\"https:\/\/gfieurope.org\/wp-content\/uploads\/2021\/07\/hourglass-half-duotone.svg\" alt=\"Hourglass\" class=\"wp-image-727 size-full\" \/><\/figure><div class=\"wp-block-media-text__content\">\n<h4 class=\"wp-block-heading\">Zweite Runde: Timed Project oder Written Assignment<\/h4>\n\n\n\n<p>Die zweite Runde besteht entweder aus einem Timed Project oder einem Written Assignment.<\/p>\n\n\n\n<p>Ein Timed Project besteht aus zwei bis vier kurzen Aufgaben, welche die Anforderungen im sp\u00e4teren Arbeitsumfeld simulieren. Diese sind innerhalb einer bestimmten Zeit \u2013 in der Regel zwei Stunden \u2013 zu bearbeiten.<\/p>\n\n\n\n<p>Ein Written Assignment ist eine Ausarbeitung zu strategisch ausgerichteten Fragen. Das Written Assignment erm\u00f6glicht es Ihnen, Ihre F\u00e4higkeiten und Erfahrungen ausf\u00fchrlicher darzustellen, und hilft uns zu verstehen, wie Sie an Kernaufgaben der Stelle herangehen w\u00fcrden.<\/p>\n<\/div><\/div>\n\n\n\n<div class=\"wp-block-media-text is-stacked-on-mobile\" style=\"grid-template-columns:15% auto\"><figure class=\"wp-block-media-text__media\"><img loading=\"lazy\" decoding=\"async\" width=\"300\" height=\"300\" src=\"https:\/\/gfieurope.org\/wp-content\/uploads\/2021\/07\/webcam-duotone.svg\" alt=\"Webcam\" class=\"wp-image-729 size-full\" \/><\/figure><div class=\"wp-block-media-text__content\">\n<h4 class=\"wp-block-heading\">Dritte Runde: Videointerviews<\/h4>\n\n\n\n<p>Die Interviewphase umfasst ein oder zwei Vorstellungsgespr\u00e4che via Videokonferenz. Die jeweilige Zusammensetzung kommt auf die zu besetzende Stelle an. In der Regel haben Sie ein Gespr\u00e4ch mit dem Vorgesetzten der zuk\u00fcnftigen Stelle, einem weiteren Teammitglied und in einigen F\u00e4llen mit einem Mitglied des F\u00fchrungsteams.<\/p>\n<\/div><\/div>\n\n\n\n<div class=\"wp-block-media-text is-stacked-on-mobile\" style=\"grid-template-columns:15% auto\"><figure class=\"wp-block-media-text__media\"><img loading=\"lazy\" decoding=\"async\" width=\"300\" height=\"300\" src=\"https:\/\/gfieurope.org\/wp-content\/uploads\/2021\/07\/envelope-open-text-duotone-1.svg\" alt=\"\" class=\"wp-image-731 size-full\" \/><\/figure><div class=\"wp-block-media-text__content\">\n<h4 class=\"wp-block-heading\">Letzter Schritt: Referenzen<\/h4>\n\n\n\n<p>Am Ende des Recruiting-Prozesses bitten wir Sie um zwei berufliche Referenzen, von denen eine von einem aktuellen oder ehemaligen Vorgesetzten stammen sollte. W\u00e4hrenddessen k\u00f6nnen Sie mit Kolleg:innen aus dem Team von GFI Europe sprechen und sich ein Bild von unserer Arbeit machen.<\/p>\n<\/div><\/div>\n\n\n\n<p><em>Wir m\u00f6chten Ihnen die M\u00f6glichkeit geben, Ihre F\u00e4higkeiten zur Geltung zu bringen. Sollten nachvollziehbare Anpassungen an dem Verfahren n\u00f6tig sein, damit es f\u00fcr Sie machbar ist, versuchen wir gern, dies m\u00f6glich zu machen. Kontaktieren Sie uns gerne hierf\u00fcr unter&nbsp;<a href=\"mailto:europe-hiring@gfi.org\" target=\"_blank\" rel=\"noreferrer noopener\">europe-hiring@gfi.org<\/a><\/em>&nbsp;<em>.<\/em><\/p>\n<\/div><\/div>\n\n\n\n<div class=\"wp-block-group alignfull is-style-vertical-padding\"><div class=\"wp-block-group__inner-container is-layout-flow wp-block-group-is-layout-flow\">\n<h2 class=\"wp-block-heading has-text-align-center is-style-accent\" id=\"questions\"><strong><strong>Ihre Fragen<\/strong><\/strong><\/h2>\n\n\n\n<p>Bewerbungen nehmen wir ausschlie\u00dflich \u00fcber unsere Website entgegen. Um sich zu bewerben, klicken Sie bitte auf die oben angezeigten Links. Wenn Sie Fragen zu offenen Stellen und zum Arbeiten bei GFI Europe haben, nehmen Sie bitte gerne&nbsp;<a href=\"mailto:europe-hiring@gfi.org\" target=\"_blank\" rel=\"noreferrer noopener\">Kontakt mit uns auf<\/a>.<\/p>\n\n\n\n<div style=\"height:45px\" aria-hidden=\"true\" class=\"wp-block-spacer\"><\/div>\n<\/div><\/div>\n","protected":false},"excerpt":{"rendered":"<p>Explore GFI Europe job openings, find opportunities across the sustainable protein sector, and sign up to our talent database to hear about new roles.<\/p>\n","protected":false},"author":1,"featured_media":128,"parent":0,"menu_order":0,"comment_status":"closed","ping_status":"closed","template":"","meta":{"_acf_changed":false,"_relevanssi_hide_post":"","_relevanssi_hide_content":"","_relevanssi_pin_for_all":"","_relevanssi_pin_keywords":"","_relevanssi_unpin_keywords":"","_relevanssi_related_keywords":"","_relevanssi_related_include_ids":"","_relevanssi_related_exclude_ids":"","_relevanssi_related_no_append":"","_relevanssi_related_not_related":"","_relevanssi_related_posts":"6173,5833,3241,6069,4632,4020","_relevanssi_noindex_reason":"","footnotes":""},"production_platform":[],"topic":[88],"class_list":["post-36","page","type-page","status-publish","has-post-thumbnail","hentry","topic-gfi-europe","has-blocks"],"acf":[],"_links":{"self":[{"href":"https:\/\/gfieurope.org\/de\/wp-json\/wp\/v2\/pages\/36","targetHints":{"allow":["GET"]}}],"collection":[{"href":"https:\/\/gfieurope.org\/de\/wp-json\/wp\/v2\/pages"}],"about":[{"href":"https:\/\/gfieurope.org\/de\/wp-json\/wp\/v2\/types\/page"}],"author":[{"embeddable":true,"href":"https:\/\/gfieurope.org\/de\/wp-json\/wp\/v2\/users\/1"}],"replies":[{"embeddable":true,"href":"https:\/\/gfieurope.org\/de\/wp-json\/wp\/v2\/comments?post=36"}],"version-history":[{"count":242,"href":"https:\/\/gfieurope.org\/de\/wp-json\/wp\/v2\/pages\/36\/revisions"}],"predecessor-version":[{"id":7659,"href":"https:\/\/gfieurope.org\/de\/wp-json\/wp\/v2\/pages\/36\/revisions\/7659"}],"wp:featuredmedia":[{"embeddable":true,"href":"https:\/\/gfieurope.org\/de\/wp-json\/wp\/v2\/media\/128"}],"wp:attachment":[{"href":"https:\/\/gfieurope.org\/de\/wp-json\/wp\/v2\/media?parent=36"}],"wp:term":[{"taxonomy":"production_platform","embeddable":true,"href":"https:\/\/gfieurope.org\/de\/wp-json\/wp\/v2\/production_platform?post=36"},{"taxonomy":"topic","embeddable":true,"href":"https:\/\/gfieurope.org\/de\/wp-json\/wp\/v2\/topic?post=36"}],"curies":[{"name":"wp","href":"https:\/\/api.w.org\/{rel}","templated":true}]}}