{"id":38,"date":"2021-05-14T21:13:53","date_gmt":"2021-05-14T19:13:53","guid":{"rendered":"https:\/\/gfieuropedetranslation.kinsta.cloud\/?page_id=38"},"modified":"2026-01-02T09:17:51","modified_gmt":"2026-01-02T08:17:51","slug":"spenden","status":"publish","type":"page","link":"https:\/\/gfieurope.org\/de\/spenden\/","title":{"rendered":"Spenden Sie an GFI Europe"},"content":{"rendered":"\n<div class=\"wp-block-group alignfull is-style-vertical-padding has-white-background-color has-background\"><div class=\"wp-block-group__inner-container is-layout-flow wp-block-group-is-layout-flow\">\n<div class=\"wp-block-columns is-layout-flex wp-container-core-columns-is-layout-9d6595d7 wp-block-columns-is-layout-flex\">\n<div class=\"wp-block-column is-layout-flow wp-block-column-is-layout-flow\">\n<div class=\"wp-block-columns is-layout-flex wp-container-core-columns-is-layout-9d6595d7 wp-block-columns-is-layout-flex\">\n<div class=\"wp-block-column is-layout-flow wp-block-column-is-layout-flow\">\n<h2 class=\"wp-block-heading is-style-accent\"><strong><strong>Unterst\u00fctzen Sie uns dabei, das Ern\u00e4hrungssystem nachhaltig zu transformieren<\/strong>!<\/strong><\/h2>\n\n\n\n<p>Sie k\u00f6nnen aktiv daran mitwirken, die Art zu ver\u00e4ndern, wie wir Lebensmittel in Europa herstellen. Ihre Spende an das Good Food Institute Europe bewirkt, dass wir unsere Ern\u00e4hrung mit alternativen Proteinen besser f\u00fcr den Planeten, die Menschen und die Tiere machen.&nbsp;<\/p>\n\n\n\n<p>Die Zukunft unserer Nahrungsmittel liegt in Ihren H\u00e4nden, und Sie k\u00f6nnen sie zum Guten wenden.<\/p>\n\n\n\n<p>GFI Europe ist der europ\u00e4ische Arm des Good Food Institute, einem weltweiten Netzwerk von gemeinn\u00fctzigen Organisationen.<\/p>\n\n\n\n<p>Wenn Sie aus Deutschland, der Schweiz, den Niederlanden oder aus Tschechien geben, k\u00f6nnen Sie mit einer Spende \u00fcber <a href=\"https:\/\/effektiv-spenden.org\/the-good-food-institute\/?utm_source=good_food_institute&amp;utm_medium=website&amp;utm_campaign=external_links_initiative_nov2024\" target=\"_blank\" rel=\"noopener\">Effektiv Spenden<\/a>, <a href=\"https:\/\/effektiv-spenden.org\/the-good-food-institute?utm_source=good_food_institute&amp;utm_medium=website&amp;utm_campaign=external_links_initiative_nov2024\" target=\"_blank\" rel=\"noreferrer noopener\">Effektiv Spenden Schweiz<\/a>, <a href=\"https:\/\/doneereffectief.nl\/toporganisatie\/the-good-food-institute\/\" target=\"_blank\" rel=\"noreferrer noopener\">Doneer Effectief<\/a> bzw. <a href=\"https:\/\/effektiv-spenden.org\/en\/donate-cz\/?utm_source=good_food_institute&amp;utm_medium=website&amp;utm_campaign=external_links_initiative_nov2024\" target=\"_blank\" rel=\"noopener\">Effektiv Spenden CZ<\/a> steuerwirksam spenden.<\/p>\n\n\n\n<p>Spender in bestimmten L\u00e4ndern k\u00f6nnen \u00fcber <a href=\"https:\/\/donate.transnationalgiving.eu\/landing\/GFIEurope?lang=de_DE\" target=\"_blank\" rel=\"noreferrer noopener\">diesen Link<\/a> steuerlich beg\u00fcnstigt an GFI Europe spenden. Wenn Ihr Land nicht aufgelistet ist, kann es trotzdem m\u00f6glich sein, steuerwirksam zu spenden. F\u00fcr weitere Informationen wenden Sie sich bitte per E-Mail an europe-philanthropy@gfi.org.<\/p>\n<\/div>\n\n\n\n<div class=\"wp-block-column is-layout-flow wp-block-column-is-layout-flow\">\n<a href=\"#XGVTMZER\"><\/a>\n<\/div>\n<\/div>\n<\/div>\n<\/div>\n<\/div><\/div>\n","protected":false},"excerpt":{"rendered":"<p>Donate to the Good Food Institute Europe.<\/p>\n","protected":false},"author":1,"featured_media":382,"parent":0,"menu_order":0,"comment_status":"closed","ping_status":"closed","template":"","meta":{"_acf_changed":false,"_relevanssi_hide_post":"","_relevanssi_hide_content":"","_relevanssi_pin_for_all":"","_relevanssi_pin_keywords":"","_relevanssi_unpin_keywords":"","_relevanssi_related_keywords":"","_relevanssi_related_include_ids":"","_relevanssi_related_exclude_ids":"","_relevanssi_related_no_append":"","_relevanssi_related_not_related":"","_relevanssi_related_posts":"5833,6173,3241,6069,4632,4020","_relevanssi_noindex_reason":"","footnotes":""},"production_platform":[],"topic":[88],"class_list":["post-38","page","type-page","status-publish","has-post-thumbnail","hentry","topic-gfi-europe","has-blocks"],"acf":[],"_links":{"self":[{"href":"https:\/\/gfieurope.org\/de\/wp-json\/wp\/v2\/pages\/38","targetHints":{"allow":["GET"]}}],"collection":[{"href":"https:\/\/gfieurope.org\/de\/wp-json\/wp\/v2\/pages"}],"about":[{"href":"https:\/\/gfieurope.org\/de\/wp-json\/wp\/v2\/types\/page"}],"author":[{"embeddable":true,"href":"https:\/\/gfieurope.org\/de\/wp-json\/wp\/v2\/users\/1"}],"replies":[{"embeddable":true,"href":"https:\/\/gfieurope.org\/de\/wp-json\/wp\/v2\/comments?post=38"}],"version-history":[{"count":31,"href":"https:\/\/gfieurope.org\/de\/wp-json\/wp\/v2\/pages\/38\/revisions"}],"predecessor-version":[{"id":7562,"href":"https:\/\/gfieurope.org\/de\/wp-json\/wp\/v2\/pages\/38\/revisions\/7562"}],"wp:featuredmedia":[{"embeddable":true,"href":"https:\/\/gfieurope.org\/de\/wp-json\/wp\/v2\/media\/382"}],"wp:attachment":[{"href":"https:\/\/gfieurope.org\/de\/wp-json\/wp\/v2\/media?parent=38"}],"wp:term":[{"taxonomy":"production_platform","embeddable":true,"href":"https:\/\/gfieurope.org\/de\/wp-json\/wp\/v2\/production_platform?post=38"},{"taxonomy":"topic","embeddable":true,"href":"https:\/\/gfieurope.org\/de\/wp-json\/wp\/v2\/topic?post=38"}],"curies":[{"name":"wp","href":"https:\/\/api.w.org\/{rel}","templated":true}]}}