{"id":453,"date":"2021-07-21T13:47:14","date_gmt":"2021-07-21T11:47:14","guid":{"rendered":"https:\/\/gfieuropedetranslation.kinsta.cloud\/?page_id=453"},"modified":"2026-03-12T18:17:51","modified_gmt":"2026-03-12T17:17:51","slug":"offentliche-forschungsforderung","status":"publish","type":"page","link":"https:\/\/gfieurope.org\/de\/politik\/offentliche-forschungsforderung\/","title":{"rendered":"\u00d6ffentliche Forschungsf\u00f6rderung"},"content":{"rendered":"<div class=\"page-header-side-image alignfull has-background has-white-background-color\">\n\t\n\t<div class=\"page-header-side-image__wrap alignsemiwide\">\n\t\t\n\n<div class=\"page-header-side-image__content\">\n<h1 class=\"wp-block-heading\">\u00d6ffentliche Forschungsf\u00f6rderung<\/h1>\n\n\n\n<p class=\"has-medium-font-size\">Unser Politikteam setzt sich daf\u00fcr ein, dass \u00f6ffentliche Mittel f\u00fcr Forschung und Entwicklung bereitgestellt werden, damit alternative Proteine schmackhaft, g\u00fcnstig und \u00fcberall in Europa verf\u00fcgbar werden.<\/p>\n<\/div>\n\n\n\n<div class=\"page-header-side-image__media\">\n<figure class=\"wp-block-image size-large\"><img loading=\"lazy\" decoding=\"async\" width=\"1024\" height=\"683\" src=\"https:\/\/gfieurope.org\/de\/wp-content\/uploads\/2021\/07\/shutterstock_1030285444-1024x683.jpeg\" alt=\"Sustainable protein research funding\" class=\"wp-image-494\" srcset=\"https:\/\/gfieurope.org\/de\/wp-content\/uploads\/sites\/2\/2021\/07\/shutterstock_1030285444-1024x683.jpeg 1024w, https:\/\/gfieurope.org\/de\/wp-content\/uploads\/sites\/2\/2021\/07\/shutterstock_1030285444-300x200.jpeg 300w, https:\/\/gfieurope.org\/de\/wp-content\/uploads\/sites\/2\/2021\/07\/shutterstock_1030285444-768x512.jpeg 768w, https:\/\/gfieurope.org\/de\/wp-content\/uploads\/sites\/2\/2021\/07\/shutterstock_1030285444-1536x1025.jpeg 1536w, https:\/\/gfieurope.org\/de\/wp-content\/uploads\/sites\/2\/2021\/07\/shutterstock_1030285444-1619x1080.jpeg 1619w, https:\/\/gfieurope.org\/de\/wp-content\/uploads\/sites\/2\/2021\/07\/shutterstock_1030285444-437x291.jpeg 437w, https:\/\/gfieurope.org\/de\/wp-content\/uploads\/sites\/2\/2021\/07\/shutterstock_1030285444-214x143.jpeg 214w\" sizes=\"(max-width: 1024px) 100vw, 1024px\" \/><\/figure>\n<\/div>\n\n\n\t<\/div>\n<\/div>\n\n\n<div class=\"alignfull in-page\" data-label=\"AUF DIESER SEITE\">\n\t<div class=\"alignwide in-page__content\">\n\t\t<span class=\"in-page__label\"><strong>AUF DIESER SEITE:<\/strong><\/span>\n\t\t<div class=\"in-page__menu\">\n\t\t\t\n\n<ul class=\"wp-block-list\">\n<li><a href=\"#why\" data-type=\"internal\" data-id=\"#why\"><\/a><a href=\"https:\/\/gfieurope.org\/de\/policy\/public-research-funding\/#why\">\u00d6ffentliche Forschungsf\u00f6rderung<\/a> | <a href=\"https:\/\/gfieurope.org\/de\/policy\/public-research-funding\/#governments\">Beispiele f\u00fcr \u00f6ffentliche Investitionen<\/a>  |  <a href=\"#where\"><\/a><a href=\"https:\/\/gfieurope.org\/de\/policy\/public-research-funding\/#where\">Forschungspriorit\u00e4ten<\/a> |  <a href=\"#approach\"><\/a><a href=\"https:\/\/gfieurope.org\/de\/policy\/public-research-funding\/#approach\">Was wir tun<\/a> | <a href=\"#expert\">Unsere Expertin<\/a><\/li>\n<\/ul>\n\n\n\t\t<\/div>\n\t<\/div>\n<\/div>\n\n\n\n\n<div class=\"wp-block-group alignfull is-style-vertical-padding\"><div class=\"wp-block-group__inner-container is-layout-flow wp-block-group-is-layout-flow\">\n<h2 class=\"wp-block-heading is-style-accent\" id=\"why\">Warum es \u00f6ffentliche Investitionen in alternative Proteine braucht<\/h2>\n\n\n<div class=\"wp-block-image\">\n<figure class=\"alignleft size-post_card_full is-resized\"><img loading=\"lazy\" decoding=\"async\" width=\"435\" height=\"582\" src=\"https:\/\/gfieurope.org\/de\/wp-content\/uploads\/2021\/07\/CC-BY-NC_BlueNalu_Frying-yellowtail_credit-BlueNalu-435x582.jpeg\" alt=\"BlueNalu chef cooking cultivated seafood\" class=\"wp-image-579\" style=\"width:326px;height:437px\" srcset=\"https:\/\/gfieurope.org\/de\/wp-content\/uploads\/sites\/2\/2021\/07\/CC-BY-NC_BlueNalu_Frying-yellowtail_credit-BlueNalu-435x582.jpeg 435w, https:\/\/gfieurope.org\/de\/wp-content\/uploads\/sites\/2\/2021\/07\/CC-BY-NC_BlueNalu_Frying-yellowtail_credit-BlueNalu-383x511.jpeg 383w\" sizes=\"(max-width: 435px) 100vw, 435px\" \/><figcaption class=\"wp-element-caption\">Foto: BlueNalu<\/figcaption><\/figure>\n<\/div>\n\n\n<p>So wie die Politik weltweit Forschung und Entwicklung im Bereich der Erneuerbaren Energien finanziert hat, sollte sie auch die Open-Access-Forschung zu pflanzenbasierten und kultivierten Fleisch-, Fisch-, Eier- und Milchprodukten finanzieren.&nbsp;<\/p>\n\n\n\n<p>Auf der ganzen Welt treiben Unternehmen die Entwicklung dieser nachhaltigen Lebensmittel voran, aber es bedarf auch \u00f6ffentlicher Investitionen, um den Fortschritt in diesem Bereich zu beschleunigen, die Produktionskosten zu senken und nachhaltige Optionen \u00fcberall verf\u00fcgbar zu machen.<\/p>\n\n\n\n<p>\u00d6ffentliche Investitionen in die Open-Access-Forschung k\u00f6nnen grundlegende Herausforderungen der Technologie angehen und das Wachstum des ganzen Sektors f\u00f6rdern, statt nur den Erfolg eines einzelnen Unternehmens. Auf diesem Weg kann die Politik den gesellschaftlichen Nutzen von pflanzenbasiertem und kultiviertem Fleisch maximieren.<\/p>\n<\/div><\/div>\n\n\n\n<div class=\"wp-block-group alignfull is-style-vertical-padding has-gray-background-color has-background\"><div class=\"wp-block-group__inner-container is-layout-flow wp-block-group-is-layout-flow\">\n<blockquote class=\"wp-block-quote is-layout-flow wp-block-quote-is-layout-flow\">\n<p><strong>\u201eGeschmack, Preis und Verf\u00fcgbarkeit sind entscheidend daf\u00fcr, was die meisten Menschen zu sich nehmen. Daher sollte sich \u00f6ffentlich finanzierte Forschung darauf konzentrieren, pflanzenbasiertes und kultiviertes Fleisch in dieser Hinsicht wettbewerbsf\u00e4hig zu machen \u2013 so dass sie f\u00fcr die Menschen zur ersten Wahl werden.\u201c<\/strong><\/p>\n<cite><strong>ACACIA SMITH, GFI EUROPE SENIOR POLICY MANAGER<\/strong><\/cite><\/blockquote>\n<\/div><\/div>\n\n\n\n<div class=\"wp-block-group alignfull is-style-vertical-padding\"><div class=\"wp-block-group__inner-container is-layout-flow wp-block-group-is-layout-flow\">\n<h2 class=\"wp-block-heading is-style-accent\" id=\"governments\">Beispiele f\u00fcr \u00f6ffentliche Investitionen in alternative Proteine<\/h2>\n\n\n<div class=\"wp-block-image\">\n<figure class=\"alignright size-headshot is-resized\"><img loading=\"lazy\" decoding=\"async\" width=\"383\" height=\"511\" src=\"https:\/\/gfieurope.org\/de\/wp-content\/uploads\/2021\/08\/shutterstock_1198926103-383x511.jpg\" alt=\"EU flags\" class=\"wp-image-862\" style=\"width:287px;height:383px\" srcset=\"https:\/\/gfieurope.org\/de\/wp-content\/uploads\/sites\/2\/2021\/08\/shutterstock_1198926103-383x511.jpg 383w, https:\/\/gfieurope.org\/de\/wp-content\/uploads\/sites\/2\/2021\/08\/shutterstock_1198926103-435x582.jpg 435w\" sizes=\"(max-width: 383px) 100vw, 383px\" \/><\/figure>\n<\/div>\n\n\n<h3 class=\"wp-block-heading has-large-font-size\">Europ\u00e4ische Union<\/h3>\n\n\n\n<p>Im Juni 2021 hat das wichtigste Forschungsprogramm der EU, Horizon Europe,&nbsp;<a href=\"https:\/\/gfieurope.org\/de\/blog\/horizon-europe-announces-e32-million-for-sustainable-proteins\/https:\/\/gfieurope.org\/\">32 Millionen Euro<\/a>&nbsp;f\u00fcr die Forschung an alternativen Proteinquellen zur Verf\u00fcgung gestellt, nachdem sich GFI Europe daf\u00fcr&nbsp;<a href=\"https:\/\/drive.google.com\/file\/d\/1cyqOyirg5iMKhP-NuNpWtszXAe--3Uh1\/view\" target=\"_blank\" rel=\"noreferrer noopener\">eingesetzt<\/a>&nbsp;hatte. Dies kann wesentlich dazu beitragen, pflanzenbasiertes und kultiviertes Fleisch schmackhafter und g\u00fcnstiger zu machen und Landwirt:innen an der Proteinwende zu beteiligen.<\/p>\n\n\n\n<p>Im Rahmen des EU-Forschungs- und Innovationsprogramms Horizon 2020 wurde zudem das&nbsp;<a href=\"https:\/\/smartproteinproject.eu\/\" target=\"_blank\" rel=\"noopener\">Smart Protein Project<\/a>&nbsp;finanziert, um nachhaltige Rohstoffe und Produkte zu entwickeln. Dies wirkt sich positiv auf wirtschaftliche Perspektiven, auf Klima und Umwelt, auf die Artenvielfalt, auf die Lebensmittelsicherheit und auf die Akzeptanz von Verbraucher:innen f\u00fcr diese nachhaltigen Lebensmittel aus.<\/p>\n\n\n\n<p>Im Jahr 2022 hat die Europ\u00e4ische Union die Mittel f\u00fcr die Erforschung alternativer Proteine im Rahmen von <a href=\"https:\/\/usw2.nyl.as\/t1\/293\/8515nxlwit8od76uh6icmw92s\/6\/46fd74369192c8ba4deb69bd870d7876a7314850c6dfbfc0b6d3f038cb6e39f5\" target=\"_blank\" rel=\"noopener\">Horizon Europe<\/a> weiter aufgestockt. Zudem hat die von der EU finanzierte Plattform EIT Food 1,8 Millionen Euro f\u00fcr Projekte zu Lebensmitteln auf Basis von Pflanzen, Kultivierung und Fermentation bereitgestellt.<\/p>\n\n\n\n<div style=\"height:5px\" aria-hidden=\"true\" class=\"wp-block-spacer\"><\/div>\n\n\n<div class=\"wp-block-image\">\n<figure class=\"alignleft size-post_card_full is-resized\"><img loading=\"lazy\" decoding=\"async\" width=\"435\" height=\"582\" src=\"https:\/\/gfieurope.org\/de\/wp-content\/uploads\/2021\/07\/ethicameat-food-1-edited-435x582.png\" alt=\"Ethica Meat cultivated meatballs\" class=\"wp-image-680\" style=\"width:323px;height:433px\" srcset=\"https:\/\/gfieurope.org\/de\/wp-content\/uploads\/sites\/2\/2021\/07\/ethicameat-food-1-edited-435x582.png 435w, https:\/\/gfieurope.org\/de\/wp-content\/uploads\/sites\/2\/2021\/07\/ethicameat-food-1-edited-383x511.png 383w\" sizes=\"(max-width: 435px) 100vw, 435px\" \/><figcaption class=\"wp-element-caption\">Foto: BioTech Foods<\/figcaption><\/figure>\n<\/div>\n\n\n<h3 class=\"wp-block-heading has-large-font-size\">D\u00e4nemark<\/h3>\n\n\n\n<p>D\u00e4nemark hat Investitionen von 91 Millionen Euro (675 Millionen Kronen) angek\u00fcndigt, um den wachsenden Plantbased-Sektor des Landes weiterzuentwickeln und um Landwirten Anreize f\u00fcr den Anbau von eiwei\u00dfreichen Pflanzen zu bieten.<\/p>\n\n\n\n<h3 class=\"wp-block-heading has-large-font-size\">Niederlande<\/h3>\n\n\n\n<p>Die Niederlande haben das 60 Millionen Euro schwere F\u00f6rderprogramm <a href=\"https:\/\/usw2.nyl.as\/t1\/293\/8515nxlwit8od76uh6icmw92s\/5\/db580fe93c37ee12d2c753f503d0662873ed69dfd0062cdeabf9166a2a494232\" target=\"_blank\" rel=\"noopener\">Cellulaire Agricultuur Nederland<\/a> aufgelegt, um Forschung und Kommerzialisierung von kultiviertem Fleisch und Pr\u00e4zisionsfermentation voranzubringen und um die Aus- und Weiterbildung zu beschleunigen, damit sichergestellt ist, dass gut ausgebildete Fachkr\u00e4fte f\u00fcr die neu entstehenden Arbeitspl\u00e4tze bereitstehen.<\/p>\n\n\n\n<h3 class=\"wp-block-heading has-large-font-size\">Gro\u00dfbritannien<\/h3>\n\n\n\n<p>Gro\u00dfbritannien hat angek\u00fcndigt, \u00fcber seine Innovationsagentur 23 Millionen Euro (20 Millionen Pfund) f\u00fcr Forschung und Kommerzialisierung des Bereichs bereitzustellen, einschlie\u00dflich der Entwicklung von fermentationsbasierten Lebensmitteln.<\/p>\n\n\n\n<h3 class=\"wp-block-heading has-large-font-size\">Spanien<\/h3>\n\n\n\n<p>Die spanische Regierung hat&nbsp;<a href=\"https:\/\/vegconomist.com\/science\/spanish-government-to-invest-e5-2m-in-cultured-meat-project-led-by-biotech-foods\/\" target=\"_blank\" rel=\"noreferrer noopener\">5,2 Millionen Euro<\/a>&nbsp;in ein Projekt zur Entwicklung von kultiviertem Fleisch mit gesunden Fetten investiert, um zwei der gef\u00e4hrlichsten Gesundheitsprobleme in Spanien anzugehen \u2013 hohe Fallzahlen von Darmkrebs und der h\u00e4ufig zu hohe Cholesterinspiegel.<\/p>\n\n\n\n<h3 class=\"wp-block-heading has-large-font-size\">Frankreich<\/h3>\n\n\n\n<p>Frankreich hat bis zu 67 Millionen Euro f\u00fcr die Forschungsf\u00f6rderung im Proteinbereich und f\u00fcr den Aufbau einer Plantbased-Produktionsanlage zur Verf\u00fcgung gestellt.<\/p>\n\n\n\n<p>In Deutschland gab es in den vergangenen Jahren immer wieder einzelne F\u00f6rderma\u00dfnahmen in den Gesch\u00e4ftsbereichen der Bundesministerien f\u00fcr Bildung und Forschung, Ern\u00e4hrung und Landwirtschaft sowie Wirtschaft und Klimaschutz. Dabei handelt es sich jedoch um kleinere, vereinzelte F\u00f6rderma\u00dfnahmen mit eher niedrigen Volumina. Ein gr\u00f6\u00dferes F\u00f6rderprogramm zu alternativen Proteinen wurde Ende 2021 vom Bundesministerium f\u00fcr Ern\u00e4hrung und Landwirtschaft ausgeschrieben, die Bewilligung der F\u00f6rdergelder ist jedoch noch nicht abgeschlossen.&nbsp;<\/p>\n\n\n\n<hr class=\"wp-block-separator has-css-opacity\" \/>\n<\/div><\/div>\n\n\n\n<div class=\"wp-block-group alignfull is-style-vertical-padding has-gray-background-color has-background\"><div class=\"wp-block-group__inner-container is-layout-flow wp-block-group-is-layout-flow\"><div id=\"\" class=\"media-content has-gray-background-color alignfull\">\n\t<div class=\"media-content__wrap\">\n\t\t<div class=\"media-content__media\">\n\t\t\t\t\t\t\t\t<figure class=\"media-content__figure\">\n\t\t<picture>\n\t\t\t\t\t\t\t\t\t<img decoding=\"async\" loading=\"lazy\" src=\"https&#x3A;&#x2F;&#x2F;gfieurope.org&#x2F;de&#x2F;wp-content&#x2F;uploads&#x2F;sites&#x2F;2&#x2F;2021&#x2F;08&#x2F;asap-433x354.jpeg\" srcset=\"\" alt=\"Advancing&#x20;solutions&#x20;for&#x20;alternative&#x20;proteins\" height=\"800\" width=\"2000\" sizes=\"(max-width: 433px) 100vw, 433px\">\n\t\t<\/picture>\n\t\t\t<\/figure>\n\t\t\t\t\t<\/div>\n\t\t<div class=\"media-content__content\">\n\t\t\t\t\t\t\t\n\n<h2 class=\"wp-block-heading\" id=\"where\">Wo besteht gro\u00dfer Forschungsbedarf?<\/h2>\n\n\n\n<p>Die Solutions Database von GFI beschreibt bestehende Wissens- und Marktl\u00fccken sowie technologische Herausforderungen im Bereich alternative Proteine. Die Datenbank definiert f\u00fcr jede Stufe der Wertsch\u00f6pfungskette Innovations- und  Investitionspriorit\u00e4ten.<\/p>\n\n\n\n<div class=\"wp-block-buttons is-layout-flex wp-block-buttons-is-layout-flex\">\n<div class=\"wp-block-button\"><a class=\"wp-block-button__link has-black-color has-yellow-background-color has-text-color has-background wp-element-button\" href=\"https:\/\/gfieurope.org\/resource\/research-priorities-for-alternative-proteins-in-europe\/\" target=\"_blank\" rel=\"noreferrer noopener\">Zur Solutions Database von GFI (Engl.)<\/a><\/div>\n<\/div>\n\n\n\t\t\t\t\t<\/div>\n\t<\/div>\n<\/div>\n<\/div><\/div>\n\n\n\n<div class=\"wp-block-group alignfull is-style-vertical-padding\"><div class=\"wp-block-group__inner-container is-layout-flow wp-block-group-is-layout-flow\">\n<h2 class=\"wp-block-heading is-style-accent\" id=\"approach\">Wie sich GFI Europe f\u00fcr den Ausbau der \u00f6ffentlichen Forschungsf\u00f6rderung einsetzt<\/h2>\n\n\n\n<p>GFI Europe arbeitet mit Wissenschaft, Politik und anderen Stakeholdern zusammen, um f\u00fcr \u00f6ffentlich finanzierte Forschung zu pflanzenbasiertem und kultiviertem Fleisch zu werben und um Wissenschaftler:innen auf vorhandene F\u00f6rderm\u00f6glichkeiten aufmerksam zu machen.&nbsp;<\/p>\n\n\n\n<h4 class=\"wp-block-heading\"><strong>Was wir tun<\/strong><\/h4>\n\n\n\n<ul class=\"wp-block-list\">\n<li>Wir teilen Forschungsergebnisse mit der Politk und anderen Stakeholdern und zeigen, wie pflanzenbasiertes und kultiviertes Fleisch dazu beitragen k\u00f6nnen, wichtige gesellschaftliche Herausforderungen wie den Klimawandel und zoonotische Krankheiten zu bew\u00e4ltigen.&nbsp;<\/li>\n\n\n\n<li>Wir beraten staatliche Institutionen dazu, in welchen Bereichen \u00f6ffentliche Investitionen die gr\u00f6\u00dfte<a href=\"https:\/\/gfi.org\/advancing-solutions-for-alternative-proteins\/\" target=\"_blank\" rel=\"noreferrer noopener\"> Hebelwirkung f\u00fcr den Erfolg von pflanzenbasiertem und kultiviertem Fleisch<\/a>&nbsp;und f\u00fcr die Nachhaltigkeit dieser Produkte h\u00e4tten.<\/li>\n\n\n\n<li>Wir arbeiten mit europ\u00e4ischen Plattformen zusammen, die sich mit Forschung und Entwicklung im Bereich Lebensmittel besch\u00e4ftigen \u2013 darunter&nbsp;<a href=\"https:\/\/www.eitfood.eu\/\" target=\"_blank\" rel=\"noreferrer noopener\">EIT Food<\/a>,&nbsp;<a href=\"https:\/\/www.foodforcenetwork.eu\/\" target=\"_blank\" rel=\"noreferrer noopener\">FOODforce<\/a>, der Climate Innovation Hub und der Verband&nbsp;<a href=\"https:\/\/plantbasedfoodalliance.eu\/\" target=\"_blank\" rel=\"noreferrer noopener\">European Alliance for Plant-based Foods<\/a>.<br><\/li>\n<\/ul>\n\n\n\n<h4 class=\"wp-block-heading\">Wie Sie helfen k\u00f6nnen<\/h4>\n\n\n\n<p>GFI Europe wird zu 100 % durch Spenden finanziert. Unser Einsatz f\u00fcr den Ausbau der \u00f6ffentlichen Forschungsf\u00f6rderung im Bereich alternativer Proteinquellen ist nur dank der Gro\u00dfz\u00fcgigkeit unserer Spender:innen m\u00f6glich.<\/p>\n\n\n\n<div class=\"wp-block-buttons is-horizontal is-content-justification-center is-layout-flex wp-container-core-buttons-is-layout-499968f5 wp-block-buttons-is-layout-flex\">\n<div class=\"wp-block-button\"><a class=\"wp-block-button__link has-yellow-background-color has-background wp-element-button\" href=\"https:\/\/gfieurope.org\/de\/donate\/\">Unterst\u00fctzen Sie unsere Arbeit im Bereich Forschungsf\u00f6rderung<\/a><\/div>\n<\/div>\n<\/div><\/div>\n\n\n<div id=\"\" class=\"media-content has-gray-background-color alignfull\">\n\t<div class=\"media-content__wrap\">\n\t\t<div class=\"media-content__media\">\n\t\t\t\t\t\t\t\t<figure class=\"media-content__figure\">\n\t\t<picture>\n\t\t\t\t\t\t\t\t\t\t<source srcset=\"https&#x3A;&#x2F;&#x2F;gfieurope.org&#x2F;de&#x2F;wp-content&#x2F;uploads&#x2F;sites&#x2F;2&#x2F;2021&#x2F;06&#x2F;AcaciaS-630x612.png&#x20;630w,&#x20;https&#x3A;&#x2F;&#x2F;gfieurope.org&#x2F;de&#x2F;wp-content&#x2F;uploads&#x2F;sites&#x2F;2&#x2F;2021&#x2F;06&#x2F;AcaciaS-13x12.png&#x20;13w\" sizes=\"&#x28;max-width&#x3A;&#x20;630px&#x29;&#x20;100vw,&#x20;630px\" type=\"image\/webp\">\n\t\t\t\t\t\t<img decoding=\"async\" loading=\"lazy\" src=\"https&#x3A;&#x2F;&#x2F;gfieurope.org&#x2F;de&#x2F;wp-content&#x2F;uploads&#x2F;sites&#x2F;2&#x2F;2021&#x2F;06&#x2F;AcaciaS-630x612.png\" srcset=\"https&#x3A;&#x2F;&#x2F;gfieurope.org&#x2F;de&#x2F;wp-content&#x2F;uploads&#x2F;sites&#x2F;2&#x2F;2021&#x2F;06&#x2F;AcaciaS-630x612.png&#x20;630w,&#x20;https&#x3A;&#x2F;&#x2F;gfieurope.org&#x2F;de&#x2F;wp-content&#x2F;uploads&#x2F;sites&#x2F;2&#x2F;2021&#x2F;06&#x2F;AcaciaS-13x12.png&#x20;13w\" alt=\"\" height=\"1142\" width=\"1201\" sizes=\"(max-width: 630px) 100vw, 630px\">\n\t\t<\/picture>\n\t\t\t<\/figure>\n\t\t\t\t\t<\/div>\n\t\t<div class=\"media-content__content\">\n\t\t\t\t\t\t\t\n\n<h2 class=\"wp-block-heading\" id=\"expert\">Unsere Expertin f\u00fcr \u00f6ffentliche Forschungsf\u00f6rderung<\/h2>\n\n\n\n<p>Acacia Smith leitet unsere Arbeit f\u00fcr \u00f6ffentliche Forschungsf\u00f6rderung im Bereich alternative Proteine. Sie arbeitet mit Wissenschaft, Politik und anderen Stakeholdern zusammen, um Innovationen im Bereich pflanzenbasiertes und kultiviertes Fleisch zu beschleunigen.<\/p>\n\n\n\n<div class=\"wp-block-buttons is-layout-flex wp-block-buttons-is-layout-flex\">\n<div class=\"wp-block-button\"><a class=\"wp-block-button__link has-black-color has-yellow-background-color has-text-color has-background wp-element-button\" href=\"https:\/\/gfieurope.org\/de\/team\/acacia-smith\/\">\u00dcber Acacia<\/a><\/div>\n<\/div>\n\n\n\t\t\t\t\t<\/div>\n\t<\/div>\n<\/div>\n","protected":false},"excerpt":{"rendered":"<p>Learn how government investment in plant-based and cultivated meat research can make sustainable proteins delicious and affordable across Europe.<\/p>\n","protected":false},"author":1,"featured_media":494,"parent":30,"menu_order":0,"comment_status":"closed","ping_status":"closed","template":"","meta":{"_acf_changed":false,"_relevanssi_hide_post":"","_relevanssi_hide_content":"","_relevanssi_pin_for_all":"","_relevanssi_pin_keywords":"","_relevanssi_unpin_keywords":"","_relevanssi_related_keywords":"","_relevanssi_related_include_ids":"","_relevanssi_related_exclude_ids":"","_relevanssi_related_no_append":"","_relevanssi_related_not_related":"","_relevanssi_related_posts":"4020,5270,5798,5833,6173,4632","_relevanssi_noindex_reason":"","footnotes":""},"production_platform":[84,83,82],"topic":[86,72,85],"class_list":["post-453","page","type-page","status-publish","has-post-thumbnail","hentry","production_platform-fermentation","production_platform-kultivierung","production_platform-pflanzenbasiert","topic-forschung","topic-forschungsfoerderung","topic-politik","has-blocks"],"acf":[],"_links":{"self":[{"href":"https:\/\/gfieurope.org\/de\/wp-json\/wp\/v2\/pages\/453","targetHints":{"allow":["GET"]}}],"collection":[{"href":"https:\/\/gfieurope.org\/de\/wp-json\/wp\/v2\/pages"}],"about":[{"href":"https:\/\/gfieurope.org\/de\/wp-json\/wp\/v2\/types\/page"}],"author":[{"embeddable":true,"href":"https:\/\/gfieurope.org\/de\/wp-json\/wp\/v2\/users\/1"}],"replies":[{"embeddable":true,"href":"https:\/\/gfieurope.org\/de\/wp-json\/wp\/v2\/comments?post=453"}],"version-history":[{"count":39,"href":"https:\/\/gfieurope.org\/de\/wp-json\/wp\/v2\/pages\/453\/revisions"}],"predecessor-version":[{"id":7658,"href":"https:\/\/gfieurope.org\/de\/wp-json\/wp\/v2\/pages\/453\/revisions\/7658"}],"up":[{"embeddable":true,"href":"https:\/\/gfieurope.org\/de\/wp-json\/wp\/v2\/pages\/30"}],"wp:featuredmedia":[{"embeddable":true,"href":"https:\/\/gfieurope.org\/de\/wp-json\/wp\/v2\/media\/494"}],"wp:attachment":[{"href":"https:\/\/gfieurope.org\/de\/wp-json\/wp\/v2\/media?parent=453"}],"wp:term":[{"taxonomy":"production_platform","embeddable":true,"href":"https:\/\/gfieurope.org\/de\/wp-json\/wp\/v2\/production_platform?post=453"},{"taxonomy":"topic","embeddable":true,"href":"https:\/\/gfieurope.org\/de\/wp-json\/wp\/v2\/topic?post=453"}],"curies":[{"name":"wp","href":"https:\/\/api.w.org\/{rel}","templated":true}]}}