{"id":52,"date":"2021-05-24T13:16:13","date_gmt":"2021-05-24T13:16:13","guid":{"rendered":"https:\/\/gfieuropedetranslation.kinsta.cloud\/?page_id=52"},"modified":"2023-07-17T18:21:43","modified_gmt":"2023-07-17T16:21:43","slug":"blog","status":"publish","type":"page","link":"https:\/\/gfieurope.org\/de\/blog\/","title":{"rendered":"Aktuelles"},"content":{"rendered":"\n<div class=\"wp-block-query is-layout-flow wp-block-query-is-layout-flow\"><ul class=\"wp-block-post-template is-layout-flow wp-block-post-template-is-layout-flow\"><li class=\"wp-block-post post-7635 post type-post status-publish format-standard has-post-thumbnail hentry category-fermentation tag-praezisionsfermentation authors-stella-child production_platform-fermentation topic-gfi-europe has-blocks\">\n<figure class=\"wp-block-post-featured-image\"><a href=\"https:\/\/gfieurope.org\/de\/blog\/die-zukunft-ist-schon-seit-jahrzehnten-auf-unseren-tellern-ein-kurzer-abriss-der-geschichte-der-praezisionsfermentation\/\" target=\"_blank\"  ><img loading=\"lazy\" decoding=\"async\" width=\"1533\" height=\"848\" src=\"https:\/\/gfieurope.org\/de\/wp-content\/uploads\/sites\/2\/2026\/03\/image-3.png\" class=\"attachment-post-thumbnail size-post-thumbnail wp-post-image\" alt=\"Die Zukunft ist schon seit Jahrzehnten auf unseren Tellern: Ein kurzer Abriss der Geschichte der Pr\u00e4zisionsfermentation\u00a0\" style=\"object-fit:cover;\" srcset=\"https:\/\/gfieurope.org\/de\/wp-content\/uploads\/sites\/2\/2026\/03\/image-3.png 1533w, https:\/\/gfieurope.org\/de\/wp-content\/uploads\/sites\/2\/2026\/03\/image-3-300x166.png 300w, https:\/\/gfieurope.org\/de\/wp-content\/uploads\/sites\/2\/2026\/03\/image-3-1024x566.png 1024w, https:\/\/gfieurope.org\/de\/wp-content\/uploads\/sites\/2\/2026\/03\/image-3-768x425.png 768w, https:\/\/gfieurope.org\/de\/wp-content\/uploads\/sites\/2\/2026\/03\/image-3-640x354.png 640w, https:\/\/gfieurope.org\/de\/wp-content\/uploads\/sites\/2\/2026\/03\/image-3-437x242.png 437w, https:\/\/gfieurope.org\/de\/wp-content\/uploads\/sites\/2\/2026\/03\/image-3-214x118.png 214w\" sizes=\"(max-width: 1533px) 100vw, 1533px\" \/><\/a><\/figure>\n\n<div class=\"wp-block-post-date\"><time datetime=\"2026-03-10T12:52:41+01:00\">10. M\u00e4rz 2026<\/time><\/div>\n\n<h2 class=\"wp-block-post-title\"><a href=\"https:\/\/gfieurope.org\/de\/blog\/die-zukunft-ist-schon-seit-jahrzehnten-auf-unseren-tellern-ein-kurzer-abriss-der-geschichte-der-praezisionsfermentation\/\" target=\"_self\" >Die Zukunft ist schon seit Jahrzehnten auf unseren Tellern: Ein kurzer Abriss der Geschichte der Pr\u00e4zisionsfermentation\u00a0<\/a><\/h2>\n<\/li><li class=\"wp-block-post post-7626 post type-post status-publish format-standard has-post-thumbnail hentry category-pflanzenbasiert category-kultiviertes-fleisch tag-deutschland tag-europaeisch-union authors-ivo-rzegotta production_platform-pflanzenbasiert topic-labelling topic-politik has-blocks\">\n<figure class=\"wp-block-post-featured-image\"><a href=\"https:\/\/gfieurope.org\/de\/blog\/burger-und-wurst-bleiben-erlaubt-doch-eine-unnoetige-eu-entscheidung-verbietet-31-alltaegliche-begriffe-fuer-pflanzliche-lebensmittel\/\" target=\"_blank\"  ><img loading=\"lazy\" decoding=\"async\" width=\"2560\" height=\"1707\" src=\"https:\/\/gfieurope.org\/de\/wp-content\/uploads\/sites\/2\/2025\/09\/shutterstock_1058848319-scaled.jpeg\" class=\"attachment-post-thumbnail size-post-thumbnail wp-post-image\" alt=\"\u201eBurger\u201c und \u201eWurst\u201c bleiben erlaubt \u2013 doch eine unn\u00f6tige EU-Entscheidung verbietet 31 allt\u00e4gliche Begriffe f\u00fcr pflanzliche Lebensmittel\" style=\"object-fit:cover;\" srcset=\"https:\/\/gfieurope.org\/de\/wp-content\/uploads\/sites\/2\/2025\/09\/shutterstock_1058848319-scaled.jpeg 2560w, https:\/\/gfieurope.org\/de\/wp-content\/uploads\/sites\/2\/2025\/09\/shutterstock_1058848319-300x200.jpeg 300w, https:\/\/gfieurope.org\/de\/wp-content\/uploads\/sites\/2\/2025\/09\/shutterstock_1058848319-1024x683.jpeg 1024w, https:\/\/gfieurope.org\/de\/wp-content\/uploads\/sites\/2\/2025\/09\/shutterstock_1058848319-768x512.jpeg 768w, https:\/\/gfieurope.org\/de\/wp-content\/uploads\/sites\/2\/2025\/09\/shutterstock_1058848319-1620x1080.jpeg 1620w, https:\/\/gfieurope.org\/de\/wp-content\/uploads\/sites\/2\/2025\/09\/shutterstock_1058848319-437x291.jpeg 437w, https:\/\/gfieurope.org\/de\/wp-content\/uploads\/sites\/2\/2025\/09\/shutterstock_1058848319-214x143.jpeg 214w\" sizes=\"(max-width: 2560px) 100vw, 2560px\" \/><\/a><\/figure>\n\n<div class=\"wp-block-post-date\"><time datetime=\"2026-03-06T17:07:24+01:00\">6. M\u00e4rz 2026<\/time><\/div>\n\n<h2 class=\"wp-block-post-title\"><a href=\"https:\/\/gfieurope.org\/de\/blog\/burger-und-wurst-bleiben-erlaubt-doch-eine-unnoetige-eu-entscheidung-verbietet-31-alltaegliche-begriffe-fuer-pflanzliche-lebensmittel\/\" target=\"_self\" >\u201eBurger\u201c und \u201eWurst\u201c bleiben erlaubt \u2013 doch eine unn\u00f6tige EU-Entscheidung verbietet 31 allt\u00e4gliche Begriffe f\u00fcr pflanzliche Lebensmittel<\/a><\/h2>\n<\/li><li class=\"wp-block-post post-7593 post type-post status-publish format-standard has-post-thumbnail hentry category-forschung category-fermentation category-kultiviertes-fleisch category-pflanzenbasiert authors-stella-child topic-forschung has-blocks\">\n<figure class=\"wp-block-post-featured-image\"><a href=\"https:\/\/gfieurope.org\/de\/blog\/gfi-foerdert-auch-2026-forschungsprojekte-in-europa-die-alternative-proteinquellen-voranbringen\/\" target=\"_blank\"  ><img loading=\"lazy\" decoding=\"async\" width=\"650\" height=\"650\" src=\"https:\/\/gfieurope.org\/de\/wp-content\/uploads\/sites\/2\/2026\/02\/Competitive-Research-Grants-Program-Badge.webp\" class=\"attachment-post-thumbnail size-post-thumbnail wp-post-image\" alt=\"GFI f\u00f6rdert auch 2026 Forschungsprojekte in Europa, die alternative Proteinquellen voranbringen\" style=\"object-fit:cover;\" srcset=\"https:\/\/gfieurope.org\/de\/wp-content\/uploads\/sites\/2\/2026\/02\/Competitive-Research-Grants-Program-Badge.webp 650w, https:\/\/gfieurope.org\/de\/wp-content\/uploads\/sites\/2\/2026\/02\/Competitive-Research-Grants-Program-Badge-300x300.webp 300w, https:\/\/gfieurope.org\/de\/wp-content\/uploads\/sites\/2\/2026\/02\/Competitive-Research-Grants-Program-Badge-150x150.webp 150w, https:\/\/gfieurope.org\/de\/wp-content\/uploads\/sites\/2\/2026\/02\/Competitive-Research-Grants-Program-Badge-437x437.webp 437w, https:\/\/gfieurope.org\/de\/wp-content\/uploads\/sites\/2\/2026\/02\/Competitive-Research-Grants-Program-Badge-214x214.webp 214w\" sizes=\"(max-width: 650px) 100vw, 650px\" \/><\/a><\/figure>\n\n<div class=\"wp-block-post-date\"><time datetime=\"2026-02-11T17:05:59+01:00\">11. Februar 2026<\/time><\/div>\n\n<h2 class=\"wp-block-post-title\"><a href=\"https:\/\/gfieurope.org\/de\/blog\/gfi-foerdert-auch-2026-forschungsprojekte-in-europa-die-alternative-proteinquellen-voranbringen\/\" target=\"_self\" >GFI f\u00f6rdert auch 2026 Forschungsprojekte in Europa, die alternative Proteinquellen voranbringen<\/a><\/h2>\n<\/li><li class=\"wp-block-post post-7502 post type-post status-publish format-standard has-post-thumbnail hentry category-pressemitteilungen category-politik tag-biotech-act tag-biotechnologie tag-deutschland tag-eu tag-europaeisch-union tag-novel-foods tag-pressemitteilung tag-regulierung topic-wirtschaft has-blocks\">\n<figure class=\"wp-block-post-featured-image\"><a href=\"https:\/\/gfieurope.org\/de\/blog\/biotech-act-verpasste-chance-fuer-europa\/\" target=\"_blank\"  ><img loading=\"lazy\" decoding=\"async\" width=\"1024\" height=\"645\" src=\"https:\/\/gfieurope.org\/de\/wp-content\/uploads\/sites\/2\/2025\/12\/Licensed_European-comission-1024x645-1.jpg\" class=\"attachment-post-thumbnail size-post-thumbnail wp-post-image\" alt=\"Biotech Act: EU-Kommission verbessert Beratung im Novel-Food-Verfahren aber verpasst eine wichtige Chance\" style=\"object-fit:cover;\" srcset=\"https:\/\/gfieurope.org\/de\/wp-content\/uploads\/sites\/2\/2025\/12\/Licensed_European-comission-1024x645-1.jpg 1024w, https:\/\/gfieurope.org\/de\/wp-content\/uploads\/sites\/2\/2025\/12\/Licensed_European-comission-1024x645-1-300x189.jpg 300w, https:\/\/gfieurope.org\/de\/wp-content\/uploads\/sites\/2\/2025\/12\/Licensed_European-comission-1024x645-1-768x484.jpg 768w, https:\/\/gfieurope.org\/de\/wp-content\/uploads\/sites\/2\/2025\/12\/Licensed_European-comission-1024x645-1-437x275.jpg 437w, https:\/\/gfieurope.org\/de\/wp-content\/uploads\/sites\/2\/2025\/12\/Licensed_European-comission-1024x645-1-214x135.jpg 214w\" sizes=\"(max-width: 1024px) 100vw, 1024px\" \/><\/a><\/figure>\n\n<div class=\"wp-block-post-date\"><time datetime=\"2025-12-16T12:22:00+01:00\">16. Dezember 2025<\/time><\/div>\n\n<h2 class=\"wp-block-post-title\"><a href=\"https:\/\/gfieurope.org\/de\/blog\/biotech-act-verpasste-chance-fuer-europa\/\" target=\"_self\" >Biotech Act: EU-Kommission verbessert Beratung im Novel-Food-Verfahren aber verpasst eine wichtige Chance<\/a><\/h2>\n<\/li><li class=\"wp-block-post post-7459 post type-post status-publish format-standard has-post-thumbnail hentry category-pressemitteilungen category-pflanzenbasiert category-politik tag-bezeichnungen tag-deutschland tag-eu tag-europaeisch-union tag-handel tag-labelling tag-pressemitteilung topic-politik topic-wirtschaft has-blocks\">\n<figure class=\"wp-block-post-featured-image\"><a href=\"https:\/\/gfieurope.org\/de\/blog\/proteindiversifizierung-als-hebel-fuer-globale-resilienz-wie-wir-2025-die-basis-fuer-die-naechste-phase-der-proteinwende-gelegt-haben\/\" target=\"_blank\"  ><img loading=\"lazy\" decoding=\"async\" width=\"2560\" height=\"2079\" src=\"https:\/\/gfieurope.org\/de\/wp-content\/uploads\/sites\/2\/2025\/12\/Licensed_-petrified-wood-scaled.jpg\" class=\"attachment-post-thumbnail size-post-thumbnail wp-post-image\" alt=\"Proteindiversifizierung als Hebel f\u00fcr globale Resilienz \u2013 wie wir 2025 die Basis f\u00fcr die n\u00e4chste Phase der Proteinwende gelegt haben\" style=\"object-fit:cover;\" srcset=\"https:\/\/gfieurope.org\/de\/wp-content\/uploads\/sites\/2\/2025\/12\/Licensed_-petrified-wood-scaled.jpg 2560w, https:\/\/gfieurope.org\/de\/wp-content\/uploads\/sites\/2\/2025\/12\/Licensed_-petrified-wood-300x244.jpg 300w, https:\/\/gfieurope.org\/de\/wp-content\/uploads\/sites\/2\/2025\/12\/Licensed_-petrified-wood-1024x832.jpg 1024w, https:\/\/gfieurope.org\/de\/wp-content\/uploads\/sites\/2\/2025\/12\/Licensed_-petrified-wood-768x624.jpg 768w, https:\/\/gfieurope.org\/de\/wp-content\/uploads\/sites\/2\/2025\/12\/Licensed_-petrified-wood-1773x1440.jpg 1773w, https:\/\/gfieurope.org\/de\/wp-content\/uploads\/sites\/2\/2025\/12\/Licensed_-petrified-wood-1330x1080.jpg 1330w, https:\/\/gfieurope.org\/de\/wp-content\/uploads\/sites\/2\/2025\/12\/Licensed_-petrified-wood-437x355.jpg 437w, https:\/\/gfieurope.org\/de\/wp-content\/uploads\/sites\/2\/2025\/12\/Licensed_-petrified-wood-214x174.jpg 214w\" sizes=\"(max-width: 2560px) 100vw, 2560px\" \/><\/a><\/figure>\n\n<div class=\"wp-block-post-date\"><time datetime=\"2025-12-09T13:00:56+01:00\">9. Dezember 2025<\/time><\/div>\n\n<h2 class=\"wp-block-post-title\"><a href=\"https:\/\/gfieurope.org\/de\/blog\/proteindiversifizierung-als-hebel-fuer-globale-resilienz-wie-wir-2025-die-basis-fuer-die-naechste-phase-der-proteinwende-gelegt-haben\/\" target=\"_self\" >Proteindiversifizierung als Hebel f\u00fcr globale Resilienz \u2013 wie wir 2025 die Basis f\u00fcr die n\u00e4chste Phase der Proteinwende gelegt haben<\/a><\/h2>\n<\/li><li class=\"wp-block-post post-7408 post type-post status-publish format-standard has-post-thumbnail hentry category-pressemitteilungen category-pflanzenbasiert category-politik tag-bezeichnungen tag-deutschland tag-eu tag-europaeisch-union tag-handel tag-labelling tag-pressemitteilung topic-politik topic-wirtschaft has-blocks\">\n<figure class=\"wp-block-post-featured-image\"><a href=\"https:\/\/gfieurope.org\/de\/blog\/unternehmen-gegen-bezeichnungsverbote\/\" target=\"_blank\"  ><img loading=\"lazy\" decoding=\"async\" width=\"2560\" height=\"1679\" src=\"https:\/\/gfieurope.org\/de\/wp-content\/uploads\/sites\/2\/2025\/09\/shutterstock_585472925-scaled.jpeg\" class=\"attachment-post-thumbnail size-post-thumbnail wp-post-image\" alt=\"Deutsche Wirtschaft stellt sich vor Abstimmung im EU Parlament gegen unfaire Bezeichnungsverbote\u00a0\" style=\"object-fit:cover;\" srcset=\"https:\/\/gfieurope.org\/de\/wp-content\/uploads\/sites\/2\/2025\/09\/shutterstock_585472925-scaled.jpeg 2560w, https:\/\/gfieurope.org\/de\/wp-content\/uploads\/sites\/2\/2025\/09\/shutterstock_585472925-300x197.jpeg 300w, https:\/\/gfieurope.org\/de\/wp-content\/uploads\/sites\/2\/2025\/09\/shutterstock_585472925-1024x672.jpeg 1024w, https:\/\/gfieurope.org\/de\/wp-content\/uploads\/sites\/2\/2025\/09\/shutterstock_585472925-768x504.jpeg 768w, https:\/\/gfieurope.org\/de\/wp-content\/uploads\/sites\/2\/2025\/09\/shutterstock_585472925-1647x1080.jpeg 1647w, https:\/\/gfieurope.org\/de\/wp-content\/uploads\/sites\/2\/2025\/09\/shutterstock_585472925-437x287.jpeg 437w, https:\/\/gfieurope.org\/de\/wp-content\/uploads\/sites\/2\/2025\/09\/shutterstock_585472925-214x140.jpeg 214w\" sizes=\"(max-width: 2560px) 100vw, 2560px\" \/><\/a><\/figure>\n\n<div class=\"wp-block-post-date\"><time datetime=\"2025-09-28T08:59:08+02:00\">28. September 2025<\/time><\/div>\n\n<h2 class=\"wp-block-post-title\"><a href=\"https:\/\/gfieurope.org\/de\/blog\/unternehmen-gegen-bezeichnungsverbote\/\" target=\"_self\" >Deutsche Wirtschaft stellt sich vor Abstimmung im EU Parlament gegen unfaire Bezeichnungsverbote\u00a0<\/a><\/h2>\n<\/li><li class=\"wp-block-post post-7364 post type-post status-publish format-standard has-post-thumbnail hentry category-pflanzenbasiert category-fermentation category-kultiviertes-fleisch tag-deutschland tag-europaeisch-union tag-investitionen production_platform-fermentation production_platform-kultivierung production_platform-pflanzenbasiert topic-wirtschaft has-blocks\">\n<figure class=\"wp-block-post-featured-image\"><a href=\"https:\/\/gfieurope.org\/de\/blog\/neue-berichte-verdreifachung-der-forschungsaktivitaet-zu-alternativen-proteinen-in-europa-seit-2020\/\" target=\"_blank\"  ><img loading=\"lazy\" decoding=\"async\" width=\"1200\" height=\"742\" src=\"https:\/\/gfieurope.org\/de\/wp-content\/uploads\/sites\/2\/2025\/09\/image.png\" class=\"attachment-post-thumbnail size-post-thumbnail wp-post-image\" alt=\"Neue Berichte: Verdreifachung der Forschungsaktivit\u00e4t zu alternativen Proteinen in Europa seit 2020\" style=\"object-fit:cover;\" srcset=\"https:\/\/gfieurope.org\/de\/wp-content\/uploads\/sites\/2\/2025\/09\/image.png 1200w, https:\/\/gfieurope.org\/de\/wp-content\/uploads\/sites\/2\/2025\/09\/image-300x186.png 300w, https:\/\/gfieurope.org\/de\/wp-content\/uploads\/sites\/2\/2025\/09\/image-1024x633.png 1024w, https:\/\/gfieurope.org\/de\/wp-content\/uploads\/sites\/2\/2025\/09\/image-768x475.png 768w, https:\/\/gfieurope.org\/de\/wp-content\/uploads\/sites\/2\/2025\/09\/image-437x270.png 437w, https:\/\/gfieurope.org\/de\/wp-content\/uploads\/sites\/2\/2025\/09\/image-214x132.png 214w\" sizes=\"(max-width: 1200px) 100vw, 1200px\" \/><\/a><\/figure>\n\n<div class=\"wp-block-post-date\"><time datetime=\"2025-09-24T11:33:02+02:00\">24. September 2025<\/time><\/div>\n\n<h2 class=\"wp-block-post-title\"><a href=\"https:\/\/gfieurope.org\/de\/blog\/neue-berichte-verdreifachung-der-forschungsaktivitaet-zu-alternativen-proteinen-in-europa-seit-2020\/\" target=\"_self\" >Neue Berichte: Verdreifachung der Forschungsaktivit\u00e4t zu alternativen Proteinen in Europa seit 2020<\/a><\/h2>\n<\/li><li class=\"wp-block-post post-7382 post type-post status-publish format-standard has-post-thumbnail hentry category-pflanzenbasiert tag-investitionen tag-meet-the-researcher authors-conrad-astley production_platform-pflanzenbasiert topic-forschung has-blocks\">\n<figure class=\"wp-block-post-featured-image\"><a href=\"https:\/\/gfieurope.org\/de\/blog\/meet-the-researcher-patrick-ruehs-erklaert-wie-wir-die-komplexitaet-von-huelsenfruechten-nutzen-koennen\/\" target=\"_blank\"  ><img loading=\"lazy\" decoding=\"async\" width=\"1600\" height=\"968\" src=\"https:\/\/gfieurope.org\/de\/wp-content\/uploads\/sites\/2\/2025\/09\/image-2.png\" class=\"attachment-post-thumbnail size-post-thumbnail wp-post-image\" alt=\"Meet the researcher: Patrick R\u00fchs erkl\u00e4rt, wie wir die Komplexit\u00e4t von H\u00fclsenfr\u00fcchten nutzen k\u00f6nnen\" style=\"object-fit:cover;\" srcset=\"https:\/\/gfieurope.org\/de\/wp-content\/uploads\/sites\/2\/2025\/09\/image-2.png 1600w, https:\/\/gfieurope.org\/de\/wp-content\/uploads\/sites\/2\/2025\/09\/image-2-300x182.png 300w, https:\/\/gfieurope.org\/de\/wp-content\/uploads\/sites\/2\/2025\/09\/image-2-1024x620.png 1024w, https:\/\/gfieurope.org\/de\/wp-content\/uploads\/sites\/2\/2025\/09\/image-2-768x465.png 768w, https:\/\/gfieurope.org\/de\/wp-content\/uploads\/sites\/2\/2025\/09\/image-2-437x264.png 437w, https:\/\/gfieurope.org\/de\/wp-content\/uploads\/sites\/2\/2025\/09\/image-2-214x129.png 214w\" sizes=\"(max-width: 1600px) 100vw, 1600px\" \/><\/a><\/figure>\n\n<div class=\"wp-block-post-date\"><time datetime=\"2025-09-23T13:40:26+02:00\">23. September 2025<\/time><\/div>\n\n<h2 class=\"wp-block-post-title\"><a href=\"https:\/\/gfieurope.org\/de\/blog\/meet-the-researcher-patrick-ruehs-erklaert-wie-wir-die-komplexitaet-von-huelsenfruechten-nutzen-koennen\/\" target=\"_self\" >Meet the researcher: Patrick R\u00fchs erkl\u00e4rt, wie wir die Komplexit\u00e4t von H\u00fclsenfr\u00fcchten nutzen k\u00f6nnen<\/a><\/h2>\n<\/li><li class=\"wp-block-post post-7355 post type-post status-publish format-standard has-post-thumbnail hentry category-politik category-pflanzenbasiert tag-europaeisch-union production_platform-pflanzenbasiert topic-labelling has-blocks\">\n<figure class=\"wp-block-post-featured-image\"><a href=\"https:\/\/gfieurope.org\/de\/blog\/drohende-einschraenkungen-auf-eu-ebene-pflanzliche-fleischalternativen-sollen-keine-fleischbezeichnungen-mehr-tragen-duerfen\/\" target=\"_blank\"  ><img loading=\"lazy\" decoding=\"async\" width=\"2560\" height=\"1707\" src=\"https:\/\/gfieurope.org\/de\/wp-content\/uploads\/sites\/2\/2025\/09\/shutterstock_1058848319-scaled.jpeg\" class=\"attachment-post-thumbnail size-post-thumbnail wp-post-image\" alt=\"Drohende Einschr\u00e4nkungen auf EU-Ebene: Pflanzliche Fleischalternativen sollen keine Fleischbezeichnungen mehr tragen d\u00fcrfen\" style=\"object-fit:cover;\" srcset=\"https:\/\/gfieurope.org\/de\/wp-content\/uploads\/sites\/2\/2025\/09\/shutterstock_1058848319-scaled.jpeg 2560w, https:\/\/gfieurope.org\/de\/wp-content\/uploads\/sites\/2\/2025\/09\/shutterstock_1058848319-300x200.jpeg 300w, https:\/\/gfieurope.org\/de\/wp-content\/uploads\/sites\/2\/2025\/09\/shutterstock_1058848319-1024x683.jpeg 1024w, https:\/\/gfieurope.org\/de\/wp-content\/uploads\/sites\/2\/2025\/09\/shutterstock_1058848319-768x512.jpeg 768w, https:\/\/gfieurope.org\/de\/wp-content\/uploads\/sites\/2\/2025\/09\/shutterstock_1058848319-1620x1080.jpeg 1620w, https:\/\/gfieurope.org\/de\/wp-content\/uploads\/sites\/2\/2025\/09\/shutterstock_1058848319-437x291.jpeg 437w, https:\/\/gfieurope.org\/de\/wp-content\/uploads\/sites\/2\/2025\/09\/shutterstock_1058848319-214x143.jpeg 214w\" sizes=\"(max-width: 2560px) 100vw, 2560px\" \/><\/a><\/figure>\n\n<div class=\"wp-block-post-date\"><time datetime=\"2025-09-17T15:21:07+02:00\">17. September 2025<\/time><\/div>\n\n<h2 class=\"wp-block-post-title\"><a href=\"https:\/\/gfieurope.org\/de\/blog\/drohende-einschraenkungen-auf-eu-ebene-pflanzliche-fleischalternativen-sollen-keine-fleischbezeichnungen-mehr-tragen-duerfen\/\" target=\"_self\" >Drohende Einschr\u00e4nkungen auf EU-Ebene: Pflanzliche Fleischalternativen sollen keine Fleischbezeichnungen mehr tragen d\u00fcrfen<\/a><\/h2>\n<\/li><li class=\"wp-block-post post-7265 post type-post status-publish format-standard has-post-thumbnail hentry category-pressemitteilungen category-fermentation category-kultiviertes-fleisch category-pflanzenbasiert category-politik tag-deutschland tag-landwirtschaft tag-veroeffentlichung topic-forschungsfoerderung has-blocks\">\n<figure class=\"wp-block-post-featured-image\"><a href=\"https:\/\/gfieurope.org\/de\/blog\/wbae-gutachten-zu-alternativen-proteinen\/\" target=\"_blank\"  ><img loading=\"lazy\" decoding=\"async\" width=\"1024\" height=\"683\" src=\"https:\/\/gfieurope.org\/de\/wp-content\/uploads\/sites\/2\/2025\/07\/Uebergabe-WBAE-Gutachten-Alternativprodukte.jpeg\" class=\"attachment-post-thumbnail size-post-thumbnail wp-post-image\" alt=\"Blaupause f\u00fcr die Regierungspolitik: Wissenschaftlicher Beirat des BMLEH empfiehlt politische Unterst\u00fctzung der Proteindiversifizierung\u00a0\" style=\"object-fit:cover;\" srcset=\"https:\/\/gfieurope.org\/de\/wp-content\/uploads\/sites\/2\/2025\/07\/Uebergabe-WBAE-Gutachten-Alternativprodukte.jpeg 1024w, https:\/\/gfieurope.org\/de\/wp-content\/uploads\/sites\/2\/2025\/07\/Uebergabe-WBAE-Gutachten-Alternativprodukte-300x200.jpeg 300w, https:\/\/gfieurope.org\/de\/wp-content\/uploads\/sites\/2\/2025\/07\/Uebergabe-WBAE-Gutachten-Alternativprodukte-768x512.jpeg 768w, https:\/\/gfieurope.org\/de\/wp-content\/uploads\/sites\/2\/2025\/07\/Uebergabe-WBAE-Gutachten-Alternativprodukte-437x291.jpeg 437w, https:\/\/gfieurope.org\/de\/wp-content\/uploads\/sites\/2\/2025\/07\/Uebergabe-WBAE-Gutachten-Alternativprodukte-214x143.jpeg 214w\" sizes=\"(max-width: 1024px) 100vw, 1024px\" \/><\/a><\/figure>\n\n<div class=\"wp-block-post-date\"><time datetime=\"2025-07-22T14:07:14+02:00\">22. Juli 2025<\/time><\/div>\n\n<h2 class=\"wp-block-post-title\"><a href=\"https:\/\/gfieurope.org\/de\/blog\/wbae-gutachten-zu-alternativen-proteinen\/\" target=\"_self\" >Blaupause f\u00fcr die Regierungspolitik: Wissenschaftlicher Beirat des BMLEH empfiehlt politische Unterst\u00fctzung der Proteindiversifizierung\u00a0<\/a><\/h2>\n<\/li><\/ul>\n\n<nav class=\"wp-block-query-pagination is-layout-flex wp-block-query-pagination-is-layout-flex\" aria-label=\"Seitennummerierung\">\n\n\n<div class=\"wp-block-query-pagination-numbers\"><span aria-current=\"page\" class=\"page-numbers current\">1<\/span>\n<a class=\"page-numbers\" href=\"?query-0-page=2\">2<\/a>\n<a class=\"page-numbers\" href=\"?query-0-page=3\">3<\/a>\n<span class=\"page-numbers dots\">&hellip;<\/span>\n<a class=\"page-numbers\" href=\"?query-0-page=6\">6<\/a><\/div>\n\n<a href=\"\/de\/wp-json\/wp\/v2\/pages\/52?query-0-page=2\" class=\"wp-block-query-pagination-next\">N\u00e4chste Seite<\/a>\n<\/nav>\n\n<\/div>\n","protected":false},"excerpt":{"rendered":"","protected":false},"author":1,"featured_media":0,"parent":0,"menu_order":0,"comment_status":"closed","ping_status":"closed","template":"","meta":{"_acf_changed":false,"_relevanssi_hide_post":"","_relevanssi_hide_content":"","_relevanssi_pin_for_all":"","_relevanssi_pin_keywords":"","_relevanssi_unpin_keywords":"","_relevanssi_related_keywords":"","_relevanssi_related_include_ids":"","_relevanssi_related_exclude_ids":"","_relevanssi_related_no_append":"","_relevanssi_related_not_related":"","_relevanssi_related_posts":"","_relevanssi_noindex_reason":"","footnotes":""},"production_platform":[],"topic":[],"class_list":["post-52","page","type-page","status-publish","hentry","has-blocks"],"acf":[],"_links":{"self":[{"href":"https:\/\/gfieurope.org\/de\/wp-json\/wp\/v2\/pages\/52","targetHints":{"allow":["GET"]}}],"collection":[{"href":"https:\/\/gfieurope.org\/de\/wp-json\/wp\/v2\/pages"}],"about":[{"href":"https:\/\/gfieurope.org\/de\/wp-json\/wp\/v2\/types\/page"}],"author":[{"embeddable":true,"href":"https:\/\/gfieurope.org\/de\/wp-json\/wp\/v2\/users\/1"}],"replies":[{"embeddable":true,"href":"https:\/\/gfieurope.org\/de\/wp-json\/wp\/v2\/comments?post=52"}],"version-history":[{"count":16,"href":"https:\/\/gfieurope.org\/de\/wp-json\/wp\/v2\/pages\/52\/revisions"}],"predecessor-version":[{"id":5734,"href":"https:\/\/gfieurope.org\/de\/wp-json\/wp\/v2\/pages\/52\/revisions\/5734"}],"wp:attachment":[{"href":"https:\/\/gfieurope.org\/de\/wp-json\/wp\/v2\/media?parent=52"}],"wp:term":[{"taxonomy":"production_platform","embeddable":true,"href":"https:\/\/gfieurope.org\/de\/wp-json\/wp\/v2\/production_platform?post=52"},{"taxonomy":"topic","embeddable":true,"href":"https:\/\/gfieurope.org\/de\/wp-json\/wp\/v2\/topic?post=52"}],"curies":[{"name":"wp","href":"https:\/\/api.w.org\/{rel}","templated":true}]}}