{"id":6666,"date":"2025-03-10T18:14:08","date_gmt":"2025-03-10T17:14:08","guid":{"rendered":"https:\/\/gfieurope.org\/de\/?page_id=6666"},"modified":"2025-08-18T17:08:55","modified_gmt":"2025-08-18T15:08:55","slug":"junior-public-affairs-specialist-deutschland-remote-befristet","status":"publish","type":"page","link":"https:\/\/gfieurope.org\/de\/junior-public-affairs-specialist-deutschland-remote-befristet\/","title":{"rendered":"Junior Public Affairs Specialist \u2013 Deutschland (remote, befristet)\u00a0"},"content":{"rendered":"\n<p class=\"has-text-align-left\"><\/p>\n\n\n<div class=\"page-header-side-image alignfull has-background has-white-background-color\">\n\t\n\t<div class=\"page-header-side-image__wrap alignsemiwide\">\n\t\t\n\n<div class=\"page-header-side-image__content\">\n<h1 class=\"wp-block-heading\" id=\"science-and-technology-community-coordinator\">Junior Public Affairs Specialist \u2013 Deutschland (remote, befristet)&nbsp;<\/h1>\n\n\n\n<p>Bewerbungsschluss: Sonntag, 30. M\u00e4rz, 23.59 Uhr MESZ.<\/p>\n\n\n\n<p class=\"has-medium-font-size\">The Good Food Institute Europe sucht einen Junior Public Affairs Specialist, um unsere politische Arbeit in Deutschland und im weiteren DACH Raum zu unterst\u00fctzen.<\/p>\n\n\n\n<p>This job listing is also <a href=\"https:\/\/gfieurope.org\/careers\/junior-public-affairs-specialist-germany-remote-fixed-term\/\">available in English<\/a>. <\/p>\n\n\n<div class=\"share\"><ul class=\"share__list\"><li class=\"share__item\"><a href=\"https:\/\/www.facebook.com\/sharer.php?u=https%3A%2F%2Fgfieurope.org%2Fde%2Fjunior-public-affairs-specialist-deutschland-remote-befristet%2F\" class=\"share__link share__link--facebook nls\" target=\"_blank\" rel=\"noopener\">\n\t<span class=\"a11y\">Diese Seite auf Facebook teilen<\/span>\n\t<span class=\"share__icon\" aria-hidden=\"true\"><svg xmlns=\"http:\/\/www.w3.org\/2000\/svg\" width=\"37\" height=\"37\" viewbox=\"0 0 37 37\" role=\"img\" focusable=\"false\" class=\"svg svg--facebook\"><path d=\"M37 18.613C37 8.333 28.717 0 18.5 0S0 8.333 0 18.613C0 27.903 6.765 35.603 15.61 37V23.993h-4.698v-5.38h4.697v-4.1c0-4.666 2.762-7.242 6.988-7.242 2.024 0 4.141.363 4.141.363v4.58h-2.332c-2.299 0-3.015 1.436-3.015 2.908v3.491h5.13l-.82 5.38h-4.31V37C30.235 35.604 37 27.903 37 18.613z\" fill-rule=\"nonzero\"><\/path><\/svg><!-- <svg version=\"1.1\" xmlns=\"http:\/\/www.w3.org\/2000\/svg\" width=\"14\" height=\"24\" viewBox=\"0 0 263 448\"><path d=\"M239.75 3v66h-39.25c-30.75 0-36.5 14.75-36.5 36v47.25h73.25l-9.75 74h-63.5v189.75h-76.5v-189.75h-63.75v-74h63.75v-54.5c0-63.25 38.75-97.75 95.25-97.75 27 0 50.25 2 57 3z\"><\/path><\/svg> --><\/span>\n\t<span class=\"share__tooltip\" aria-hidden=\"true\">Share on Facebook<\/span>\n<\/a>\n<\/li><li class=\"share__item\"><a href=\"https:\/\/twitter.com\/intent\/tweet?url=https%3A%2F%2Fgfieurope.org%2Fde%2Fjunior-public-affairs-specialist-deutschland-remote-befristet%2F\" class=\"share__link share__link--twitter nls\" target=\"_blank\" rel=\"noopener\">\n\t<span class=\"a11y\">Diese Seite auf Twitter teilen<\/span>\n\t<span class=\"share__icon\" aria-hidden=\"true\"><svg xmlns=\"http:\/\/www.w3.org\/2000\/svg\" width=\"32\" height=\"32\" viewBox=\"0 0 512 512\" role=\"img\" focusable=\"false\" class=\"svg svg--twitter\"><path d=\"M389.2 48h70.6L305.6 224.2 487 464H345L233.7 318.6 106.5 464H35.8L200.7 275.5 26.8 48H172.4L272.9 180.9 389.2 48zM364.4 421.8h39.1L151.1 88h-42L364.4 421.8z\"><\/path><\/svg><\/span>\n\t<span class=\"share__tooltip\" aria-hidden=\"true\">Share on X<\/span>\n<\/a>\n<\/li><li class=\"share__item\"><a href=\"https:\/\/www.linkedin.com\/shareArticle?url=https%3A%2F%2Fgfieurope.org%2Fde%2Fjunior-public-affairs-specialist-deutschland-remote-befristet%2F&amp;title=Junior%20Public%20Affairs%20Specialist%20%E2%80%93%20Deutschland%20%28remote%2C%20befristet%29%C2%A0&amp;mini=true\" target=\"_blank\" rel=\"noopener\" class=\"share__link share__link--linkedin nls\">\n\t<span class=\"a11y\">Diese Seite auf LinkedIn teilen<\/span>\n\t<span class=\"share__icon\" aria-hidden=\"true\"><svg xmlns=\"http:\/\/www.w3.org\/2000\/svg\" width=\"32\" height=\"33\" viewbox=\"0 0 32 33\" role=\"img\" focusable=\"false\" class=\"svg svg--linkedin\"><path d=\"M4 8c1.097 0 2.038-.392 2.823-1.177C7.608 6.016 8 5.075 8 4c0-1.086-.392-2.032-1.177-2.839C6.038.387 5.097 0 4 0 2.914 0 1.973.387 1.177 1.161.392 1.968 0 2.914 0 4c0 1.075.392 2.016 1.177 2.823C1.962 7.608 2.903 8 4 8zm13.41 24c.226 0 .42-.082.585-.247a.758.758 0 00.23-.555V20.406c0-1.397.272-2.492.815-3.283.533-.781 1.476-1.172 2.829-1.172 1.045 0 1.768.252 2.168.755.41.525.615 1.316.615 2.375v12.117c0 .216.076.401.23.555a.78.78 0 00.569.247h5.75c.205 0 .389-.082.553-.247a.768.768 0 00.246-.555V17.77c0-2.56-.738-4.496-2.214-5.812C28.321 10.653 26.281 10 23.668 10c-2.327 0-4.197.663-5.612 1.989 0-.113-.005-.231-.015-.355v-.17a2.536 2.536 0 01-.077-.4c-.051-.226-.128-.37-.23-.432-.113-.072-.272-.108-.477-.108h-5.458a.772.772 0 00-.568.231.776.776 0 00-.231.57v19.873c0 .216.077.401.23.555a.78.78 0 00.57.247h5.61zM6.227 33c.198 0 .377-.084.536-.253A.808.808 0 007 32.18V11.82a.826.826 0 00-.238-.584.711.711 0 00-.536-.237H.774a.711.711 0 00-.536.237.826.826 0 00-.238.584V32.18c0 .21.08.4.238.568.16.169.338.253.536.253h5.452z\" fill-rule=\"nonzero\"><\/path><\/svg><!-- <svg xmlns=\"http:\/\/www.w3.org\/2000\/svg\" viewBox=\"0 0 448 512\" width=\"21\" height=\"24\"><path d=\"M100.28 448H7.4V148.9h92.88zM53.79 108.1C24.09 108.1 0 83.5 0 53.8a53.79 53.79 0 0 1 107.58 0c0 29.7-24.1 54.3-53.79 54.3zM447.9 448h-92.68V302.4c0-34.7-.7-79.2-48.29-79.2-48.29 0-55.69 37.7-55.69 76.7V448h-92.78V148.9h89.08v40.8h1.3c12.4-23.5 42.69-48.3 87.88-48.3 94 0 111.28 61.9 111.28 142.3V448z\"\/><\/svg> --><\/span>\n\t<span class=\"share__tooltip\" aria-hidden=\"true\">Share on LinkedIn<\/span>\n<\/a>\n<\/li><\/ul><\/div><\/div>\n\n\n\n<div class=\"page-header-side-image__media\">\n<figure class=\"wp-block-image size-large\"><img decoding=\"async\" src=\"https:\/\/gfieurope.org\/wp-content\/uploads\/2023\/07\/GFI-Leuven-51519-1024x576.jpg\" alt=\"\" class=\"wp-image-5075\"\/><\/figure>\n<\/div>\n\n\n\t<\/div>\n<\/div>\n\n\n<div class=\"alignfull in-page\" data-label=\"AUF DIESER SEITE\">\n\t<div class=\"alignwide in-page__content\">\n\t\t<span class=\"in-page__label\"><strong>AUF DIESER SEITE<\/strong>:<\/span>\n\t\t<div class=\"in-page__menu\">\n\t\t\t\n\n<ul class=\"wp-block-list\">\n<li><a href=\"#difference\">Wie Sie etwas bewirken k\u00f6nnen<\/a>&nbsp; |&nbsp; <a href=\"#who\">Was wir suchen<\/a>&nbsp; |&nbsp; <a href=\"#benefits\">Das Kleingedruckte<\/a>&nbsp; |&nbsp; <a href=\"#apply\">Bewerbungsprozess<\/a>&nbsp; |&nbsp; <a href=\"#questions\">Haben Sie Fragen?<\/a>&nbsp;<\/li>\n<\/ul>\n\n\n\t\t<\/div>\n\t<\/div>\n<\/div>\n\n\n\n\n<h2 class=\"wp-block-heading is-style-default\">Hintergrund der Position<\/h2>\n\n\n\n<p><em>Helfen Sie Menschen, Tieren und dem Planeten, indem Sie pflanzliches und kultiviertes Fleisch in Deutschland und der EU politisch und kommunikativ voranbringen.<\/em><\/p>\n\n\n\n<p>Das Good Food Institute Europe (GFI Europe) setzt sich f\u00fcr nachhaltige Alternativen zu Fleisch und anderen tierischen Produkten ein, um einige der gr\u00f6\u00dften Probleme der Welt zu l\u00f6sen, vom Klimawandel und Welthunger bis hin zu Antibiotikaresistenz und Tierleid.<\/p>\n\n\n\n<p>Wir arbeiten mit Wissenschaft, Wirtschaft und Politik zusammen, um pflanzliches und aus Zellen kultiviertes Fleisch schmackhaft, erschwinglich und \u00fcberall verf\u00fcgbar zu machen. F\u00fcr einen umfassenderen Eindruck unserer Arbeit, besuchen Sie unsere Website, unseren<a href=\"http:\/\/gfi.org\/2023\" target=\"_blank\" rel=\"noopener\"> Jahresr\u00fcckblick 2023<\/a> und unseren<a href=\"https:\/\/gfieurope.org\/blog\/we-cant-do-this-alone-why-coalition-building-is-essential-to-addressing-the-climate-cow-in-the-room\/\"> Blog-Beitrag zu den europ\u00e4ischen Highlights in 2024<\/a>.<\/p>\n\n\n\n<p>Wir suchen eine:n Junior Public Affairs Specialist (m, w, d), um unsere politische Arbeit in Deutschland und im weiteren DACH Raum zu unterst\u00fctzen.<\/p>\n\n\n\n<p><\/p>\n\n\n\n<h2 class=\"wp-block-heading\" id=\"difference\">Wie Sie einen Unterschied machen k\u00f6nnen&nbsp;<\/h2>\n\n\n\n<p>In Ihrer Position haben Sie ein hohes Ma\u00df an Verantwortung und k\u00f6nnen viel bewirken. Sie werden ma\u00dfgeblich beeinflussen, wie schnell sich in Deutschland und Europa ein nachhaltigeres Ern\u00e4hrungssystem herausbilden wird.<\/p>\n\n\n\n<p>Sie berichten an unseren <a href=\"https:\/\/gfieurope.org\/team\/ivo-rzegotta\/\">Senior Public Affairs Manager Deutschland<\/a> und beeinflussen die Politik in Deutschland und in begrenztem Umfang auch in \u00d6sterreich und der Schweiz. Unter anderem werden Sie sich f\u00fcr mehr \u00f6ffentliche Investitionen in Forschung und Infrastruktur f\u00fcr Lebensmittel auf der Basis von Pflanzen, Fermentation und kultiviertem Fleisch, f\u00fcr eine evidenzbasierte Regulierung und f\u00fcr faire Wettbewerbsbedingungen f\u00fcr alternative Proteinquellen einsetzen.<\/p>\n\n\n\n<p>Als Teil unseres Politikteams beeinflussen Sie den politischen Diskurs, um die Unterst\u00fctzung f\u00fcr alternative Proteine in Europa zu maximieren und den Widerstand dagegen zu minimieren. Gemeinsam mit unserem Kommunikationsteam wirken Sie au\u00dferdem daran mit, dass die Medien im DACH-Raum \u00fcber die Vorteile von pflanzlichen Lebensmitteln, fermentierten Lebensmitteln und kultiviertem Fleisch f\u00fcr die Umwelt und die \u00f6ffentliche Gesundheit berichten.&nbsp;<\/p>\n\n\n\n<p>Zu Ihren Aufgaben als wichtiger Teil unseres Deutschland-Teams geh\u00f6ren:<\/p>\n\n\n\n<ul class=\"wp-block-list\">\n<li>Politische Kommunikation gegen\u00fcber Regierungen und Parlamenten in Deutschland und, wo sich M\u00f6glichkeiten ergeben, in der Schweiz und \u00d6sterreich, um positive politische Ver\u00e4nderungen f\u00fcr die Diversifizierung von Proteinen zu unterst\u00fctzen.<\/li>\n\n\n\n<li>Monitoring relevanter politischer Initiativen \u2013 Chancen erkennen und Bedrohungen vorbeugen.<\/li>\n\n\n\n<li>Analyse von politischen Debatten und Stakeholdern im deutschsprachigen Raum und darauf aufbauend Unterst\u00fctzung bei der Ausgestaltung unserer Strategie f\u00fcr die Arbeit im politischen Raum.<\/li>\n\n\n\n<li>Unterst\u00fctzung bei der Beratung von Politiker:innen und Beamt:innen in relevanten \u00f6ffentlichen Institutionen auf Bundesebene, einschlie\u00dflich der Bundesregierung und des Bundestages.<\/li>\n\n\n\n<li>Unterst\u00fctzung unserer Zusammenarbeit mit Medienvertreter:innen, um den Bekanntheitsgrad von alternativen Proteinen in der DACH-Region zu erh\u00f6hen und unsere Positionen sichtbar zu machen.<\/li>\n\n\n\n<li>Planung und Durchf\u00fchrung von politischen Veranstaltungen in Deutschland (z. B. Symposien, Roundtables, Webinare), einschlie\u00dflich der Steuerung von Dienstleistern.<\/li>\n\n\n\n<li>Erstellen von \u00fcberzeugenden Kommunikations- und Informationsmaterialien f\u00fcr unsere Stakeholder-Ansprache, z. B. Briefe, Positionspapiere und Pr\u00e4sentationen.<\/li>\n\n\n\n<li>Zusammenarbeit mit anderen Non-Profit-Organisationen, Think Tanks und Unternehmen \u2014 Aufbau und Pflege von belastbaren Beziehungen.<\/li>\n\n\n\n<li>Erledigung anderer relevanter Aufgaben.<\/li>\n<\/ul>\n\n\n\n<p><\/p>\n\n\n\n<h2 class=\"wp-block-heading\" id=\"who\">Wen wir suchen:<\/h2>\n\n\n\n<p>Das sollten Sie mitbringen:<\/p>\n\n\n\n<ul class=\"wp-block-list\">\n<li>Leidenschaft f\u00fcr die<a href=\"https:\/\/gfieurope.org\/about\/?_gl=1*14hox1a*_up*MQ..*_ga*MjA3MDEwNzM3Ni4xNzI3MTAzMTE1*_ga_L41TG2128L*MTcyNzEwMzExMi4xLjEuMTcyNzEwMzExNi4wLjAuMA..\"> Philosophie und Mission<\/a> von GFI.<\/li>\n<\/ul>\n\n\n\n<ul class=\"wp-block-list\">\n<li>Begeisterung daf\u00fcr, die politischen Rahmenbedingungen f\u00fcr pflanzliches und kultiviertes Fleisch voranzubringen und die Akzeptanz f\u00fcr nachhaltige Alternativen zu f\u00f6rdern.<\/li>\n\n\n\n<li>Erfahrung in politischer Arbeit, z. B. in einer Regierungsinstitution, einem Parlament, einer Beh\u00f6rde, einer politischen Partei, einer Nichtregierungsorganisation, einem Think Tank, einem Verband, einer Public Affairs Agentur oder in einer vergleichbaren Organisation.<\/li>\n\n\n\n<li>Hervorragende schriftliche und m\u00fcndliche Kommunikationsf\u00e4higkeiten in deutscher Sprache \u2014 einschlie\u00dflich der F\u00e4higkeit, komplexe technische und politische Themen in einer verst\u00e4ndlichen und zielgruppengerechten Sprache darzustellen.<\/li>\n\n\n\n<li>Erfahrung im Aufbau und Pflege eines Netzwerkes, ein \u00fcberzeugender und glaubw\u00fcrdiger Auftritt, um GFI gegen\u00fcber politischen Entscheidungstr\u00e4ger:innen, Journalist:innen und anderen Stakeholdern zu vertreten.<\/li>\n\n\n\n<li>Freude am Remote-Arbeiten in einer schnell wachsenden Organisation: F\u00e4higkeit, selbst\u00e4ndig und unter Druck zu arbeiten, Priorit\u00e4ten zu setzen, mehrere Projekte gleichzeitig zu koordinieren und Fristen einzuhalten.<\/li>\n\n\n\n<li>Commitment zu Vielfalt, Gleichberechtigung und Integration sowie zu der integrativen und unterst\u00fctzenden Kultur bei GFI.<\/li>\n\n\n\n<li>Gute IT-Kenntnisse und die Bereitschaft, neue Software und Plattformen zu erlernen.<\/li>\n\n\n\n<li>Sehr gute Englischkenntnisse in Wort und Schrift.<\/li>\n<\/ul>\n\n\n\n<p>Es w\u00e4re von Vorteil, wenn Sie einige oder alle der folgenden Eigenschaften mitbringen, aber keine davon ist eine zwingende Voraussetzung:<\/p>\n\n\n\n<ul class=\"wp-block-list\">\n<li>Erfahrung in einem oder mehreren der folgenden Politikbereiche: Ern\u00e4hrung und Landwirtschaft, Forschung und Innovation, Klimawandel, \u00f6ffentliche Gesundheit.<\/li>\n\n\n\n<li>Erfahrung im Umgang mit Medien und\/oder Erfahrung in der digitalen Kommunikation, einschlie\u00dflich der Erstellung von Inhalten f\u00fcr soziale Medien.&nbsp;<\/li>\n\n\n\n<li>Erfahrung beim Aufbau von Allianzen mit Nichtregierungsorganisationen und Akteuren aus der Wirtschaft.<\/li>\n<\/ul>\n\n\n\n<p>Wir ermutigen Menschen jeder Hautfarbe, Orientierung, jeden Alters, Geschlechts, jeder Herkunft und jeder F\u00e4higkeit, sich zu bewerben. Da wir Vielfalt im Arbeitsumfeld sch\u00e4tzen, legen wir gro\u00dfen Wert auf ein integratives Klima ohne Diskriminierung und Bel\u00e4stigung, sowohl w\u00e4hrend des Bewerbungsverfahrens als auch nachdem Sie die Stelle angetreten haben. Da wir eine europaweite Organisation sind, freuen wir uns \u00fcber Bewerbungen von Menschen aus verschiedenen L\u00e4ndern, Standorten und Kulturen des gesamten Kontinents.&nbsp;<\/p>\n\n\n\n<p><\/p>\n\n\n\n<h2 class=\"wp-block-heading\" id=\"benefits\">Das bieten wir und Konditionen:<\/h2>\n\n\n\n<ul class=\"wp-block-list\">\n<li><strong>Art der Anstellung:<\/strong> Vollzeit (flexible Arbeitszeiten), befristete Stelle bis 28. Februar 2026 (es besteht eventuell die M\u00f6glichkeit, \u00fcber dieses Datum hinaus zu verl\u00e4ngern).<\/li>\n\n\n\n<li><strong>Arbeitsbeginn:<\/strong> Idealerweise vor dem 1. Mai 2025<\/li>\n\n\n\n<li><strong>Arbeitsort:<\/strong> Wir ber\u00fccksichtigen Bewerbungen aus ganz Deutschland. Die Stelle ist remote, d. h. Sie k\u00f6nnen von zu Hause aus arbeiten. Das gesamte GFI Europe-Team strebt an, sich mindestens einmal im Jahr f\u00fcr etwa 3 bis 5 Tage pers\u00f6nlich zu treffen. Reisekosten werden von GFI Europe im Rahmen unserer Reiserichtlinie \u00fcbernommen.<\/li>\n\n\n\n<li><strong>Gehalt und Zusatzleistungen:<\/strong> Das Gehalts- und Leistungspaket f\u00fcr alle unsere Positionen wird auf der Grundlage \u00e4hnlicher gemeinn\u00fctziger Positionen in dem jeweiligen Standort, in dem die Stelle besetzt werden soll, recherchiert und mit anderen verglichen. Das Bruttomonatsgehalt f\u00fcr Deutschland betr\u00e4gt 3.400 \u20ac.<\/li>\n\n\n\n<li><strong>Arbeitserlaubnis:<\/strong> Bei Beginn des Arbeitsverh\u00e4ltnisses muss eine Arbeitserlaubnis f\u00fcr Deutschland vorliegen.<\/li>\n<\/ul>\n\n\n\n<p>Bewerbungsschluss: 30. M\u00e4rz 2025, 23:59 Uhr MESZ. Wir werden uns nach diesem Datum mit allen Bewerber:innen in Verbindung setzen, unabh\u00e4ngig vom Ergebnis der Bewerbung. Wir bem\u00fchen uns, rund eine Woche nach Ablauf der Frist zu antworten.<\/p>\n\n\n\n<p id=\"tw-target-text\">Weitere Informationen zu den Mitarbeitervorteilen bei GFI Europe finden Sie hier: <a href=\"https:\/\/gfieurope.org\/careers\/#our-benefits \">https:\/\/gfieurope.org\/careers\/#our-benefits <\/a><\/p>\n\n\n\n<h2 class=\"wp-block-heading\" id=\"apply\">Der Bewerbungsprozess<\/h2>\n\n\n\n<figure class=\"wp-block-table\"><table class=\"has-fixed-layout\"><tbody><tr><td><strong>Bewerbungsrunde&nbsp;<\/strong><\/td><td><strong>Zeitraum&nbsp;<\/strong><\/td><td><strong>Beschreibung&nbsp;<\/strong><\/td><td><strong>Voraussichtlicher Zeitaufwand<\/strong><\/td><\/tr><tr><td>Bewerbung<\/td><td>Bewerbungs-schluss: Sonntag, 30. M\u00e4rz 2025, 23:59 MESZ<\/td><td>F\u00fcllen Sie das <a href=\"https:\/\/airtable.com\/appxIcWOlfmthXYC8\/pagBAkfUJtltekIfH\/form\" target=\"_blank\" rel=\"noopener\">Bewerbungsformular<\/a> aus, indem Sie einige Fragen beantworten und Ihren Lebenslauf hochladen.<\/td><td>Eine Stunde<\/td><\/tr><tr><td>Schriftliche Bewerbungsaufgabe&nbsp;<\/td><td>Anfang bis Mitte April<\/td><td>Zwei bis drei schriftliche \u00dcbungen, die die Art von Arbeitsszenarien simulieren, mit denen Sie in der Rolle zu tun h\u00e4tten.<\/td><td>Anderthalb Stunden<\/td><\/tr><tr><td>Abschlussinterview<\/td><td>Zweite bis dritte Aprilwoche<\/td><td>Die Interviews werden digital \u00fcber Zoom durchgef\u00fchrt. Wir wissen, dass Vorstellungsgespr\u00e4che f\u00fcr Bewerber:innen besonders stressig sein k\u00f6nnen. Wir haben <a href=\"https:\/\/docs.google.com\/document\/d\/1JfekCqkpEWQBGhPG2aPhJr9mm9ChT_Pre1MUSaH5BxU\/edit\" target=\"_blank\" rel=\"noopener\">diesen Leitfaden <\/a>zusammengestellt, damit Sie genau wissen, was Sie von unserem Verfahren erwarten k\u00f6nnen und hoffentlich entspannter in das Gespr\u00e4ch gehen k\u00f6nnen.<\/td><td>Anderthalb Stunden<\/td><\/tr><tr><td>Abgleich der Referenzen&nbsp;<\/td><td>Nach dem Abschlussinterview, bevor ein offizielles Jobangebot gemacht wird&nbsp;<\/td><td>Wir werden zwei Ihrer professionellen Referenzen kontaktieren (von denen mindestens eine Person Sie zuvor als Vorgesetzte:r betreut hat) und sie nach ihren Erfahrungen in der Zusammenarbeit mit Ihnen fragen. Ohne Ihre vorherige Zustimmung werden wir keine Referenzen kontaktieren.<\/td><td><\/td><\/tr><\/tbody><\/table><\/figure>\n\n\n\n<h6 class=\"wp-block-heading\" id=\"questions\">Termine und Zeiten f\u00fcr Bewerbungsaufgaben und Interviews k\u00f6nnen so vereinbart werden, dass sie zu Ihren sonstigen Terminen und Verpflichtungen passen.<\/h6>\n\n\n\n<p>Wir m\u00f6chten, dass Sie jede Gelegenheit haben, zu gl\u00e4nzen und uns Ihre Talente zu zeigen \u2013 wir sind gerne bereit, angemessene Anpassungen vorzunehmen, um sicherzustellen, dass der Bewertungsprozess f\u00fcr Sie funktioniert. Schreiben Sie uns eine E-Mail an europe-hiring@gfi.org.<\/p>\n\n\n\n<p><\/p>\n","protected":false},"excerpt":{"rendered":"<p>The Good Food Institute Europe sucht einen Junior Public Affairs Specialist, um unsere politische Arbeit in Deutschland und im weiteren DACH Raum zu unterst\u00fctzen.<\/p>\n","protected":false},"author":19,"featured_media":6667,"parent":0,"menu_order":0,"comment_status":"closed","ping_status":"closed","template":"","meta":{"_acf_changed":false,"_relevanssi_hide_post":"","_relevanssi_hide_content":"","_relevanssi_pin_for_all":"","_relevanssi_pin_keywords":"","_relevanssi_unpin_keywords":"","_relevanssi_related_keywords":"","_relevanssi_related_include_ids":"","_relevanssi_related_exclude_ids":"","_relevanssi_related_no_append":"","_relevanssi_related_not_related":"","_relevanssi_related_posts":"6639,3896,5917,5833,3376,2227","_relevanssi_noindex_reason":"","footnotes":""},"production_platform":[],"topic":[88],"class_list":["post-6666","page","type-page","status-publish","has-post-thumbnail","hentry","topic-gfi-europe","has-blocks"],"acf":[],"_links":{"self":[{"href":"https:\/\/gfieurope.org\/de\/wp-json\/wp\/v2\/pages\/6666","targetHints":{"allow":["GET"]}}],"collection":[{"href":"https:\/\/gfieurope.org\/de\/wp-json\/wp\/v2\/pages"}],"about":[{"href":"https:\/\/gfieurope.org\/de\/wp-json\/wp\/v2\/types\/page"}],"author":[{"embeddable":true,"href":"https:\/\/gfieurope.org\/de\/wp-json\/wp\/v2\/users\/19"}],"replies":[{"embeddable":true,"href":"https:\/\/gfieurope.org\/de\/wp-json\/wp\/v2\/comments?post=6666"}],"version-history":[{"count":19,"href":"https:\/\/gfieurope.org\/de\/wp-json\/wp\/v2\/pages\/6666\/revisions"}],"predecessor-version":[{"id":7292,"href":"https:\/\/gfieurope.org\/de\/wp-json\/wp\/v2\/pages\/6666\/revisions\/7292"}],"wp:featuredmedia":[{"embeddable":true,"href":"https:\/\/gfieurope.org\/de\/wp-json\/wp\/v2\/media\/6667"}],"wp:attachment":[{"href":"https:\/\/gfieurope.org\/de\/wp-json\/wp\/v2\/media?parent=6666"}],"wp:term":[{"taxonomy":"production_platform","embeddable":true,"href":"https:\/\/gfieurope.org\/de\/wp-json\/wp\/v2\/production_platform?post=6666"},{"taxonomy":"topic","embeddable":true,"href":"https:\/\/gfieurope.org\/de\/wp-json\/wp\/v2\/topic?post=6666"}],"curies":[{"name":"wp","href":"https:\/\/api.w.org\/{rel}","templated":true}]}}