{"id":14,"date":"2021-05-14T17:52:59","date_gmt":"2021-05-14T17:52:59","guid":{"rendered":"https:\/\/gfieurope.org\/?page_id=14"},"modified":"2025-08-28T10:51:44","modified_gmt":"2025-08-28T08:51:44","slug":"sobre-gfi-europe","status":"publish","type":"page","link":"https:\/\/gfieurope.org\/es\/sobre-gfi-europe\/","title":{"rendered":"Sobre GFI Europe &#8211; Good Food Institute Europe"},"content":{"rendered":"<div class=\"page-header-side-image alignfull has-background has-white-background-color\">\n\t\n\t<div class=\"page-header-side-image__wrap alignsemiwide\">\n\t\t\n\n<div class=\"page-header-side-image__content\">\n<h1 class=\"wp-block-heading\" id=\"about-gfi-europe\">Sobre GFI Europe<\/h1>\n\n\n\n<p>El Good Food Institute Europe (GFI) es un centro de pensamiento sin \u00e1nimo de lucro que aspira a contribuir a un sistema alimentario m\u00e1s sostenible, seguro y justo mediante la diversificaci\u00f3n de la producci\u00f3n de prote\u00ednas.&nbsp;<\/p>\n\n\n\n<p>GFI impulsa la ciencia, las medidas pol\u00edticas y las inversiones necesarias para que las prote\u00ednas alternativas sean atractivas, asequibles y accesibles en toda Europa.&nbsp;<\/p>\n\n\n\n<p>Gracias a los alimentos vegetales, a los ingredientes producidos mediante la fermentaci\u00f3n y el cultivo de c\u00e9lulas, podemos reforzar nuestra seguridad alimentaria, cumplir con nuestros objetivos clim\u00e1ticos y favorecer la actividad agr\u00edcola sostenible. GFI Europe se financia mediante donaciones filantr\u00f3picas.<\/p>\n\n\n\n<div class=\"wp-block-buttons is-layout-flex wp-block-buttons-is-layout-flex\">\n<div class=\"wp-block-button is-style-arrow-link\"><a class=\"wp-block-button__link has-white-color has-text-color wp-element-button\" href=\"https:\/\/www.linkedin.com\/company\/gfi-europe\" target=\"_blank\" rel=\"nofollow noopener\"><img loading=\"lazy\" decoding=\"async\" width=\"92\" height=\"92\" class=\"wp-image-404\" style=\"width: 92px\" src=\"https:\/\/gfieurope.org\/wp-content\/uploads\/2021\/06\/Social_GFI-linkedin-icon.svg\" alt=\"LinkedIn\"><\/a><\/div>\n\n\n\n<div class=\"wp-block-button is-style-arrow-link\"><a class=\"wp-block-button__link has-white-color has-text-color wp-element-button\" href=\"https:\/\/twitter.com\/GoodFoodEurope\" target=\"_blank\" rel=\"nofollow noopener\"><img loading=\"lazy\" decoding=\"async\" width=\"92\" height=\"92\" class=\"wp-image-403\" style=\"width: 92px\" src=\"https:\/\/gfieurope.org\/wp-content\/uploads\/2021\/06\/Social_GFI-twitter-icon.svg\" alt=\"Twitter\"><\/a><\/div>\n<\/div>\n<\/div>\n\n\n\n<div class=\"page-header-side-image__media\">\n<figure class=\"wp-block-image size-large\"><img loading=\"lazy\" decoding=\"async\" width=\"1024\" height=\"804\" src=\"https:\/\/gfieurope.org\/wp-content\/uploads\/2021\/08\/europevector-2-1024x804.jpg\" alt=\"Good Food Institute Europe map\" class=\"wp-image-1018\" srcset=\"https:\/\/gfieurope.org\/es\/wp-content\/uploads\/sites\/4\/2021\/08\/europevector-2-1024x804.jpg 1024w, https:\/\/gfieurope.org\/es\/wp-content\/uploads\/sites\/4\/2021\/08\/europevector-2-300x235.jpg 300w, https:\/\/gfieurope.org\/es\/wp-content\/uploads\/sites\/4\/2021\/08\/europevector-2-768x603.jpg 768w, https:\/\/gfieurope.org\/es\/wp-content\/uploads\/sites\/4\/2021\/08\/europevector-2-437x343.jpg 437w, https:\/\/gfieurope.org\/es\/wp-content\/uploads\/sites\/4\/2021\/08\/europevector-2-214x168.jpg 214w, https:\/\/gfieurope.org\/es\/wp-content\/uploads\/sites\/4\/2021\/08\/europevector-2.jpg 1110w\" sizes=\"(max-width: 1024px) 100vw, 1024px\" \/><\/figure>\n<\/div>\n\n\n\t<\/div>\n<\/div>\n\n\n<div class=\"alignfull in-page\" data-label=\"Explora esta p\u00e1gina\">\n\t<div class=\"alignwide in-page__content\">\n\t\t<span class=\"in-page__label\">Explora esta p\u00e1gina:<\/span>\n\t\t<div class=\"in-page__menu\">\n\t\t\t\n\n<ul class=\"wp-block-list\">\n<li><a href=\"#contribuci\u00f3n\">Nuestra contribuci\u00f3n<\/a> | <a href=\"#trabajo\" data-type=\"internal\" data-id=\"#trabajo\">\u00c1reas de trabajo<\/a> | <a href=\"#collaboration\">Co<\/a><a href=\"#Colaboraci\u00f3n\">laboraci\u00f3<\/a><a href=\"#collaboration\">n<\/a> | <a href=\"#Financiaci\u00f3n\">Financiaci\u00f3n<\/a> | <a href=\"#mundo\">Sedes<\/a><\/li>\n<\/ul>\n\n\n\t\t<\/div>\n\t<\/div>\n<\/div>\n\n\n\n\n<div class=\"wp-block-group alignfull is-style-vertical-padding has-white-background-color has-background\"><div class=\"wp-block-group__inner-container is-layout-flow wp-block-group-is-layout-flow\">\n<div class=\"wp-block-group alignfull\"><div class=\"wp-block-group__inner-container is-layout-flow wp-block-group-is-layout-flow\">\n<h2 class=\"wp-block-heading has-text-align-center is-style-accent\" id=\"contribuci\u00f3n\">Nuestra contribuci\u00f3n<\/h2>\n\n\n\n<p>Como fundaci\u00f3n, Good Food Institute Europe est\u00e1 en una posici\u00f3n \u00fanica para poder acelerar los avances en el sector de la carne de origen vegetal, la carne y los ingredientes cultivados y la fermentaci\u00f3n de precisi\u00f3n.<\/p>\n\n\n\n<div class=\"wp-block-columns alignfull has-white-background-color has-background is-layout-flex wp-container-core-columns-is-layout-9d6595d7 wp-block-columns-is-layout-flex\">\n<div class=\"wp-block-column is-layout-flow wp-block-column-is-layout-flow\">\n<figure class=\"wp-block-image size-post_card\"><img loading=\"lazy\" decoding=\"async\" width=\"435\" height=\"297\" src=\"https:\/\/gfieurope.org\/wp-content\/uploads\/2021\/06\/GFC-2019-1126-lo-435x297.jpeg\" alt=\"Sharing knowledge at the Good Food Conference\" class=\"wp-image-291\" \/><\/figure>\n\n\n\n<h3 class=\"wp-block-heading has-medium-font-size\" id=\"we-share-knowledge-freely\"><strong><strong>Compartimos libremente el conocimiento<\/strong><\/strong><\/h3>\n\n\n\n<p>Las investigaciones, datos y conocimientos de GFI Europe son de acceso libre y contribuyen a los avances de todo el sector.<\/p>\n<\/div>\n\n\n\n<div class=\"wp-block-column is-layout-flow wp-block-column-is-layout-flow\">\n<figure class=\"wp-block-image size-post_card\"><img loading=\"lazy\" decoding=\"async\" width=\"435\" height=\"297\" src=\"https:\/\/gfieurope.org\/wp-content\/uploads\/2021\/06\/shutterstock_569231362-435x297.jpeg\" alt=\"Microscope\" class=\"wp-image-292\" \/><\/figure>\n\n\n\n<h2 class=\"wp-block-heading has-medium-font-size\" id=\"we-focus-where-others-don-t\"><strong><strong>Trabajamos en las \u00e1reas en las que otros no lo hacen<\/strong><\/strong><\/h2>\n\n\n\n<p>Impulsamos soluciones en \u00e1mbitos a los que pocas organizaciones se dedican y donde no se est\u00e1n invirtiendo suficientes recursos.&nbsp;<\/p>\n<\/div>\n\n\n\n<div class=\"wp-block-column is-layout-flow wp-block-column-is-layout-flow\">\n<figure class=\"wp-block-image size-post_card\"><img loading=\"lazy\" decoding=\"async\" width=\"435\" height=\"297\" src=\"https:\/\/gfieurope.org\/wp-content\/uploads\/2021\/06\/shutterstock_456467581-435x297.jpeg\" alt=\"Mountains and meadow\" class=\"wp-image-289\" \/><\/figure>\n\n\n\n<h2 class=\"wp-block-heading has-medium-font-size\" id=\"we-look-at-the-big-picture\"><strong><strong>Utilizamos un enfoque integral<\/strong><\/strong><\/h2>\n\n\n\n<p>Hacemos nuestro trabajo mirando al largo plazo y trabajamos en toda Europa, a lo largo de la cadena de suministro y con los sectores p\u00fablico y privado.<\/p>\n<\/div>\n<\/div>\n<\/div><\/div>\n<\/div><\/div>\n\n\n\n<div class=\"wp-block-group alignfull is-style-vertical-padding has-gray-background-color has-background\"><div class=\"wp-block-group__inner-container is-layout-flow wp-block-group-is-layout-flow\">\n<h2 class=\"wp-block-heading has-text-align-center is-style-accent\" id=\"trabajo\">Nuestras \u00e1reas de trabajo<\/h2>\n\n\n\n<div class=\"wp-block-columns is-layout-flex wp-container-core-columns-is-layout-9d6595d7 wp-block-columns-is-layout-flex\">\n<div class=\"wp-block-column is-layout-flow wp-block-column-is-layout-flow\"><div class=\"wp-block-image\">\n<figure class=\"aligncenter size-search is-resized\"><a class=\"icon-link-no-background\" href=\"https:\/\/gfieurope.org\/science\/\"><img loading=\"lazy\" decoding=\"async\" width=\"300\" height=\"300\" src=\"https:\/\/gfieurope.org\/wp-content\/uploads\/2021\/07\/microscope-duotone.svg\" alt=\"GFI Europe's work on plant-based and cultivated meat science\" class=\"wp-image-701\" style=\"width:200px;height:200px\" \/><\/a><\/figure>\n<\/div>\n\n\n<h3 class=\"wp-block-heading has-medium-font-size\" id=\"science\"><a href=\"https:\/\/gfieurope.org\/science\/\" data-type=\"page\" data-id=\"843\">Ciencia y tecnolog\u00eda<\/a><\/h3>\n\n\n\n<p>Trabajamos con los cient\u00edficos para desarrollar, financiar y promover la investigaci\u00f3n de libre acceso sobre las prote\u00ednas alternativas,<\/p>\n<\/div>\n\n\n\n<div class=\"wp-block-column is-layout-flow wp-block-column-is-layout-flow\"><div class=\"wp-block-image\">\n<figure class=\"aligncenter size-search is-resized\"><a class=\"icon-link-no-background\" href=\"https:\/\/gfieurope.org\/policy\/\"><img loading=\"lazy\" decoding=\"async\" width=\"300\" height=\"300\" src=\"https:\/\/gfieurope.org\/wp-content\/uploads\/2021\/07\/balance-scale-duotone.svg\" alt=\"GFI Europe's work on plant-based and cultivated meat policy\" class=\"wp-image-703\" style=\"width:200px;height:200px\" \/><\/a><\/figure>\n<\/div>\n\n\n<h2 class=\"wp-block-heading has-medium-font-size\" id=\"policy\"><a href=\"https:\/\/gfieurope.org\/policy\/\" data-type=\"page\" data-id=\"30\">Incidencia p\u00fablica<\/a><\/h2>\n\n\n\n<p>Animamos a las administraciones a invertir en la investigaci\u00f3n y el despliegue de infraestructuras necesarias para la producci\u00f3n de prote\u00ednas alternativas y a garantizar una regulaci\u00f3n estable y transparente. &nbsp;<\/p>\n<\/div>\n\n\n\n<div class=\"wp-block-column is-layout-flow wp-block-column-is-layout-flow\"><div class=\"wp-block-image\">\n<figure class=\"aligncenter size-search is-resized\"><a class=\"icon-link-no-background\" href=\"https:\/\/gfieurope.org\/industry\/\"><img loading=\"lazy\" decoding=\"async\" width=\"300\" height=\"300\" src=\"https:\/\/gfieurope.org\/wp-content\/uploads\/2021\/07\/burger-soda-duotone.svg\" alt=\"GFI Europe's work with the plant-based and cultivated meat industry\" class=\"wp-image-704\" style=\"width:200px;height:200px\" \/><\/a><\/figure>\n<\/div>\n\n\n<h3 class=\"wp-block-heading has-medium-font-size\" id=\"industry\"><a href=\"https:\/\/gfieurope.org\/industry\/\" data-type=\"page\" data-id=\"78\">Incidencia corporativa<\/a><\/h3>\n\n\n\n<p>Aportamos informaci\u00f3n a la industria alimentaria para producir carne de origen vegetal que tenga un buen sabor y que sea asequible y accesible en toda Europa, adem\u00e1s de para prepararse para la llegada de la carne cultivada.<\/p>\n<\/div>\n<\/div>\n<\/div><\/div>\n\n\n\n<div class=\"wp-block-group alignfull is-style-vertical-padding has-white-background-color has-background\"><div class=\"wp-block-group__inner-container is-layout-flow wp-block-group-is-layout-flow\">\n<h2 class=\"wp-block-heading has-text-align-center is-style-accent\" id=\"Colaboraci\u00f3n\">Colaboraci\u00f3n<\/h2>\n\n\n\n<p>El Good Food Institute Europe trabaja con organizaciones que tienen el mismo objetivo que nosotros a lo largo de toda Europa, incluyendo:&nbsp;<\/p>\n\n\n\n<div class=\"wp-block-columns alignfull has-white-background-color has-background is-layout-flex wp-container-core-columns-is-layout-9d6595d7 wp-block-columns-is-layout-flex\">\n<div class=\"wp-block-column is-layout-flow wp-block-column-is-layout-flow\">\n<figure class=\"wp-block-image size-full is-resized\"><a href=\"https:\/\/plantbasedfoodalliance.eu\/\" target=\"_blank\" rel=\"nofollow noopener\"><img loading=\"lazy\" decoding=\"async\" width=\"556\" height=\"556\" src=\"https:\/\/gfieurope.org\/es\/wp-content\/uploads\/sites\/4\/2021\/06\/eapf-LinkedIn.jpeg\" alt=\"European Alliance for Plant-based Foods\" class=\"wp-image-325\" style=\"width:309px;height:auto\" srcset=\"https:\/\/gfieurope.org\/es\/wp-content\/uploads\/sites\/4\/2021\/06\/eapf-LinkedIn.jpeg 556w, https:\/\/gfieurope.org\/es\/wp-content\/uploads\/sites\/4\/2021\/06\/eapf-LinkedIn-300x300.jpeg 300w, https:\/\/gfieurope.org\/es\/wp-content\/uploads\/sites\/4\/2021\/06\/eapf-LinkedIn-150x150.jpeg 150w, https:\/\/gfieurope.org\/es\/wp-content\/uploads\/sites\/4\/2021\/06\/eapf-LinkedIn-437x437.jpeg 437w, https:\/\/gfieurope.org\/es\/wp-content\/uploads\/sites\/4\/2021\/06\/eapf-LinkedIn-214x214.jpeg 214w\" sizes=\"(max-width: 556px) 100vw, 556px\" \/><\/a><\/figure>\n<\/div>\n\n\n\n<div class=\"wp-block-column is-layout-flow wp-block-column-is-layout-flow\">\n<figure class=\"wp-block-image size-search is-resized\"><a href=\"https:\/\/www.eitfood.eu\/\" target=\"_blank\" rel=\"nofollow noopener\"><img loading=\"lazy\" decoding=\"async\" width=\"214\" height=\"169\" src=\"https:\/\/gfieurope.org\/wp-content\/uploads\/2021\/07\/EIT-Food-EU-Logo-RGB-Portrait-214x169.png\" alt=\"EIT Food\" class=\"wp-image-424\" style=\"width:375px;height:auto\" srcset=\"https:\/\/gfieurope.org\/es\/wp-content\/uploads\/sites\/4\/2021\/07\/EIT-Food-EU-Logo-RGB-Portrait-214x169.png 214w, https:\/\/gfieurope.org\/es\/wp-content\/uploads\/sites\/4\/2021\/07\/EIT-Food-EU-Logo-RGB-Portrait-300x236.png 300w, https:\/\/gfieurope.org\/es\/wp-content\/uploads\/sites\/4\/2021\/07\/EIT-Food-EU-Logo-RGB-Portrait-437x344.png 437w, https:\/\/gfieurope.org\/es\/wp-content\/uploads\/sites\/4\/2021\/07\/EIT-Food-EU-Logo-RGB-Portrait.png 708w\" sizes=\"(max-width: 214px) 100vw, 214px\" \/><\/a><\/figure>\n<\/div>\n<\/div>\n<\/div><\/div>\n\n\n\n<div class=\"wp-block-group alignfull is-style-vertical-padding has-gray-background-color has-background\"><div class=\"wp-block-group__inner-container is-layout-flow wp-block-group-is-layout-flow\">\n<h2 class=\"wp-block-heading has-text-align-center is-style-accent\" id=\"Financiaci\u00f3n\">C\u00f3mo nos financiamos<\/h2>\n\n\n\n<div class=\"wp-block-columns is-layout-flex wp-container-core-columns-is-layout-9d6595d7 wp-block-columns-is-layout-flex\">\n<div class=\"wp-block-column is-layout-flow wp-block-column-is-layout-flow\" style=\"flex-basis:100%\"><div class=\"wp-block-image is-style-default\">\n<figure class=\"alignright size-post_card_full\"><img loading=\"lazy\" decoding=\"async\" width=\"435\" height=\"582\" src=\"https:\/\/gfieurope.org\/wp-content\/uploads\/2022\/04\/20220309GFIBournemouth-52-435x582.jpeg\" alt=\"GFI Europe team\" class=\"wp-image-2437\" srcset=\"https:\/\/gfieurope.org\/es\/wp-content\/uploads\/sites\/4\/2022\/04\/20220309GFIBournemouth-52-435x582.jpeg 435w, https:\/\/gfieurope.org\/es\/wp-content\/uploads\/sites\/4\/2022\/04\/20220309GFIBournemouth-52-383x511.jpeg 383w\" sizes=\"(max-width: 435px) 100vw, 435px\" \/><figcaption class=\"wp-element-caption\">Photo credit: Barbara Evripidou\/FirstAvenuePhotography.com<\/figcaption><\/figure>\n<\/div>\n\n\n<p>Good Food Institutese financia mediante filantrop\u00eda. Que podamos progresar depende de las contribuciones de nuestra familia global de donantes.&nbsp;<\/p>\n\n\n\n<p>La gran mayor\u00eda de nuestra financiaci\u00f3n proviene de donantes individuales de m\u00e1s de 65 pa\u00edses, con apoyo adicional de fundaciones filantr\u00f3picas como Open Philanthropy Project y ClimateWorks Foundation.&nbsp;<\/p>\n\n\n\n<p>No aceptamos donaciones de empresas involucradas ni en la industria ganadera ni en la industria de prote\u00ednas alternativas, pero estas empresas s\u00ed pueden patrocinar eventos p\u00fablicos de GFI Europe o financiar nuestros programas de investigaci\u00f3n cient\u00edfica de acceso libre. <\/p>\n\n\n\n<p>Aunque nuestro trabajo solo es posible gracias a estas contribuciones, nuestros donantes no deciden en qu\u00e9 direcci\u00f3n va nuestro trabajo. Esta direcci\u00f3n se fija \u00fanicamente por nuestra junta directiva y nuestro equipo de direcci\u00f3n a nivel global en base a qu\u00e9 actuaciones pueden tener un mayor impacto positivo en la sociedad, los animales, en nuestro planeta o en nuestras actividades del d\u00eda a d\u00eda, que se determinan por parte de los miembros de nuestro equipo de acuerdo con nuestros objetivos a nivel de organizaci\u00f3n.<\/p>\n\n\n\n<p>Personas de todo el mundo apoyan nuestro trabajo porque, de forma conjunta, podemos transformar nuestro sistema alimentario para mitigar el cambio clim\u00e1tico y la degradaci\u00f3n del medio natural, para alimentar a una poblaci\u00f3n creciente en nuestro planeta, y para asegurar una oferta alimentaria que reduce el riesgo de enfermedades zoon\u00f3ticas y de resistencia antimicrobiana.<br>Nuestros donantes est\u00e1n marcando la diferencia a la hora de hacer posible que esta decisi\u00f3n sostenible sea la opci\u00f3n por defecto de los consumidores de toda Europa. <\/p>\n\n\n\n<div class=\"wp-block-buttons is-content-justification-center is-layout-flex wp-container-core-buttons-is-layout-16018d1d wp-block-buttons-is-layout-flex\">\n<div class=\"wp-block-button\"><a class=\"wp-block-button__link wp-element-button\">Descubre c\u00f3mo puedes contribuir<\/a><\/div>\n<\/div>\n<\/div>\n<\/div>\n<\/div><\/div>\n\n\n\n<div class=\"wp-block-group alignfull is-style-vertical-padding\"><div class=\"wp-block-group__inner-container is-layout-flow wp-block-group-is-layout-flow\">\n<h2 class=\"wp-block-heading has-text-align-center is-style-accent\" id=\"mundo\">GFI en el mundo<\/h2>\n\n\n\n<p>Proporcionamos soluciones globales a problemas globales. Adem\u00e1s de en Europa, GFI trabaja all\u00ed donde podemos tener el mayor impacto posible en nuestro sistema alimentario: <a href=\"https:\/\/www.gfi-apac.org\/\" target=\"_blank\" rel=\"noreferrer noopener\">Asia Pac\u00edfico<\/a>, <a href=\"https:\/\/gfi.org.br\/\" target=\"_blank\" rel=\"noreferrer noopener\">Brasil<\/a>, <a href=\"http:\/\/gfi.org\/\" target=\"_blank\" rel=\"noreferrer noopener\">Estados Unidos<\/a>, <a href=\"https:\/\/www.gfi.org.in\/\" target=\"_blank\" rel=\"noreferrer noopener\">India<\/a>,  <a href=\"https:\/\/gfi.org.il\/\" target=\"_blank\" rel=\"noreferrer noopener\">Israel<\/a> y <a href=\"https:\/\/gfi.or.jp\/\" target=\"_blank\" rel=\"noreferrer noopener\">Jap\u00f3n<\/a>.<\/p>\n\n\n\n<figure class=\"wp-block-image size-large\"><img loading=\"lazy\" decoding=\"async\" width=\"1024\" height=\"576\" src=\"https:\/\/gfieurope.org\/es\/wp-content\/uploads\/sites\/4\/2024\/11\/GFI-affiliate-map3-1024x576.png\" alt=\"\" class=\"wp-image-8501\" srcset=\"https:\/\/gfieurope.org\/es\/wp-content\/uploads\/sites\/4\/2024\/11\/GFI-affiliate-map3-1024x576.png 1024w, https:\/\/gfieurope.org\/es\/wp-content\/uploads\/sites\/4\/2024\/11\/GFI-affiliate-map3-300x169.png 300w, https:\/\/gfieurope.org\/es\/wp-content\/uploads\/sites\/4\/2024\/11\/GFI-affiliate-map3-768x432.png 768w, https:\/\/gfieurope.org\/es\/wp-content\/uploads\/sites\/4\/2024\/11\/GFI-affiliate-map3-1920x1080.png 1920w, https:\/\/gfieurope.org\/es\/wp-content\/uploads\/sites\/4\/2024\/11\/GFI-affiliate-map3-437x246.png 437w, https:\/\/gfieurope.org\/es\/wp-content\/uploads\/sites\/4\/2024\/11\/GFI-affiliate-map3-214x120.png 214w, https:\/\/gfieurope.org\/es\/wp-content\/uploads\/sites\/4\/2024\/11\/GFI-affiliate-map3-1430x804.png 1430w\" sizes=\"(max-width: 1024px) 100vw, 1024px\" \/><\/figure>\n<\/div><\/div>\n\n\n\n<p><\/p>\n","protected":false},"excerpt":{"rendered":"<p>The Good Food Institute Europe is an international NGO helping to build a more sustainable, secure and just food system by transforming meat production. <\/p>\n","protected":false},"author":1,"featured_media":1018,"parent":0,"menu_order":0,"comment_status":"closed","ping_status":"closed","template":"","meta":{"_acf_changed":false,"_relevanssi_hide_post":"","_relevanssi_hide_content":"","_relevanssi_pin_for_all":"","_relevanssi_pin_keywords":"","_relevanssi_unpin_keywords":"","_relevanssi_related_keywords":"","_relevanssi_related_include_ids":"","_relevanssi_related_exclude_ids":"","_relevanssi_related_no_append":"","_relevanssi_related_not_related":"","_relevanssi_related_posts":"7640,8411,8552,5802,7631,8366","_relevanssi_noindex_reason":"","footnotes":""},"production_platform":[],"topic":[88],"class_list":["post-14","page","type-page","status-publish","has-post-thumbnail","hentry","topic-gfi-europe","has-blocks"],"acf":[],"_links":{"self":[{"href":"https:\/\/gfieurope.org\/es\/wp-json\/wp\/v2\/pages\/14","targetHints":{"allow":["GET"]}}],"collection":[{"href":"https:\/\/gfieurope.org\/es\/wp-json\/wp\/v2\/pages"}],"about":[{"href":"https:\/\/gfieurope.org\/es\/wp-json\/wp\/v2\/types\/page"}],"author":[{"embeddable":true,"href":"https:\/\/gfieurope.org\/es\/wp-json\/wp\/v2\/users\/1"}],"replies":[{"embeddable":true,"href":"https:\/\/gfieurope.org\/es\/wp-json\/wp\/v2\/comments?post=14"}],"version-history":[{"count":87,"href":"https:\/\/gfieurope.org\/es\/wp-json\/wp\/v2\/pages\/14\/revisions"}],"predecessor-version":[{"id":9239,"href":"https:\/\/gfieurope.org\/es\/wp-json\/wp\/v2\/pages\/14\/revisions\/9239"}],"wp:featuredmedia":[{"embeddable":true,"href":"https:\/\/gfieurope.org\/es\/wp-json\/wp\/v2\/media\/1018"}],"wp:attachment":[{"href":"https:\/\/gfieurope.org\/es\/wp-json\/wp\/v2\/media?parent=14"}],"wp:term":[{"taxonomy":"production_platform","embeddable":true,"href":"https:\/\/gfieurope.org\/es\/wp-json\/wp\/v2\/production_platform?post=14"},{"taxonomy":"topic","embeddable":true,"href":"https:\/\/gfieurope.org\/es\/wp-json\/wp\/v2\/topic?post=14"}],"curies":[{"name":"wp","href":"https:\/\/api.w.org\/{rel}","templated":true}]}}