{"id":38,"date":"2021-05-14T21:13:53","date_gmt":"2021-05-14T19:13:53","guid":{"rendered":"https:\/\/gfieurope.org\/?page_id=38"},"modified":"2025-03-02T10:53:25","modified_gmt":"2025-03-02T09:53:25","slug":"donar-a-gfi-europe","status":"publish","type":"page","link":"https:\/\/gfieurope.org\/es\/donar-a-gfi-europe\/","title":{"rendered":"Donar a GFI Europe"},"content":{"rendered":"\n<div class=\"wp-block-group alignfull is-style-vertical-padding has-white-background-color has-background\"><div class=\"wp-block-group__inner-container is-layout-flow wp-block-group-is-layout-flow\">\n<div class=\"wp-block-columns is-layout-flex wp-container-core-columns-is-layout-9d6595d7 wp-block-columns-is-layout-flex\">\n<div class=\"wp-block-column is-layout-flow wp-block-column-is-layout-flow\">\n<div class=\"wp-block-columns is-layout-flex wp-container-core-columns-is-layout-9d6595d7 wp-block-columns-is-layout-flex\">\n<div class=\"wp-block-column is-layout-flow wp-block-column-is-layout-flow\">\n<h2 class=\"wp-block-heading is-style-accent\"><strong>\u00a1Ay\u00fadanos a transformar el futuro de los alimentos!<\/strong><\/h2>\n\n\n\n<p>T\u00fa tambi\u00e9n puedes transformar el sistema alimentario europeo. Tu donaci\u00f3n a Good Food Institute Europe contribuye a responder a la demanda de prote\u00ednas con unos alimentos m\u00e1s respetuosos con el planeta, con las personas y con los animales.<\/p>\n\n\n\n<p>El futuro de alimentaci\u00f3n est\u00e1 en tus manos, y puedes ayudar a hacerlo posible.&nbsp;&nbsp;<\/p>\n\n\n\n<p>GFI Europe es una filial de la familia global de entidades sin \u00e1nimo de lucro de Good Food Institute.<\/p>\n\n\n\n<p>Si realizas una donaci\u00f3n desde Alemania, Suiza, Chequia o los Pa\u00edses Bajos, al hacerlo a trav\u00e9s de <a href=\"https:\/\/effektiv-spenden.org\/en\/the-good-food-institute\/\" target=\"_blank\" rel=\"noopener\">Effektiv Spenden<\/a>, <a href=\"https:\/\/effektiv-spenden.org\/the-good-food-institute\/?utm_source=good_food_institute&amp;utm_medium=website&amp;utm_campaign=external_links_initiative_nov2024\" target=\"_blank\" rel=\"noopener\">Effektiv Spenden Suiza<\/a>,<a href=\"https:\/\/effektiv-spenden.org\/en\/donate-cz\/?utm_source=good_food_institute&amp;utm_medium=website&amp;utm_campaign=external_links_initiative_nov2024\" target=\"_blank\" rel=\"noopener\"> Effektiv Spenden Chequia<\/a>, y <a href=\"https:\/\/doneereffectief.nl\/toporganisatie\/the-good-food-institute\/\" target=\"_blank\" rel=\"noopener\">Doneer Effectief<\/a>, respectivamente, tu donaci\u00f3n estar\u00e1 sujeta a beneficios fiscales.<\/p>\n\n\n\n<p>En algunos pa\u00edses, nuestros donantes pueden hacer donaciones a GFI Europe benefici\u00e1ndose de algunas ventajas fiscales. Puedes hacerlo a trav\u00e9s de <a href=\"https:\/\/donate.transnationalgiving.eu\/landing\/GFIEurope?lang=es_ES\" target=\"_blank\" rel=\"noreferrer noopener\">este enlace<\/a>. Si tu pa\u00eds no aparece en la lista, puede que a\u00fan sea posible hacer donaciones con alguna de estas ventajas. Para m\u00e1s informaci\u00f3n, env\u00edanos un correo electr\u00f3nico a europe-philanthropy@gfi.org.<\/p>\n<\/div>\n\n\n\n<div class=\"wp-block-column is-layout-flow wp-block-column-is-layout-flow\">\n<a href=\"#XXPKFZJF\"><\/a>\n<\/div>\n<\/div>\n<\/div>\n<\/div>\n<\/div><\/div>\n","protected":false},"excerpt":{"rendered":"<p>Donar a GFI Europe.<\/p>\n","protected":false},"author":1,"featured_media":382,"parent":0,"menu_order":0,"comment_status":"closed","ping_status":"closed","template":"","meta":{"_acf_changed":false,"_relevanssi_hide_post":"","_relevanssi_hide_content":"","_relevanssi_pin_for_all":"","_relevanssi_pin_keywords":"","_relevanssi_unpin_keywords":"","_relevanssi_related_keywords":"","_relevanssi_related_include_ids":"","_relevanssi_related_exclude_ids":"","_relevanssi_related_no_append":"","_relevanssi_related_not_related":"","_relevanssi_related_posts":"8552,7640,8623,8366,7634,7631","_relevanssi_noindex_reason":"","footnotes":""},"production_platform":[],"topic":[88],"class_list":["post-38","page","type-page","status-publish","has-post-thumbnail","hentry","topic-gfi-europe","has-blocks"],"acf":[],"_links":{"self":[{"href":"https:\/\/gfieurope.org\/es\/wp-json\/wp\/v2\/pages\/38","targetHints":{"allow":["GET"]}}],"collection":[{"href":"https:\/\/gfieurope.org\/es\/wp-json\/wp\/v2\/pages"}],"about":[{"href":"https:\/\/gfieurope.org\/es\/wp-json\/wp\/v2\/types\/page"}],"author":[{"embeddable":true,"href":"https:\/\/gfieurope.org\/es\/wp-json\/wp\/v2\/users\/1"}],"replies":[{"embeddable":true,"href":"https:\/\/gfieurope.org\/es\/wp-json\/wp\/v2\/comments?post=38"}],"version-history":[{"count":34,"href":"https:\/\/gfieurope.org\/es\/wp-json\/wp\/v2\/pages\/38\/revisions"}],"predecessor-version":[{"id":8952,"href":"https:\/\/gfieurope.org\/es\/wp-json\/wp\/v2\/pages\/38\/revisions\/8952"}],"wp:featuredmedia":[{"embeddable":true,"href":"https:\/\/gfieurope.org\/es\/wp-json\/wp\/v2\/media\/382"}],"wp:attachment":[{"href":"https:\/\/gfieurope.org\/es\/wp-json\/wp\/v2\/media?parent=38"}],"wp:term":[{"taxonomy":"production_platform","embeddable":true,"href":"https:\/\/gfieurope.org\/es\/wp-json\/wp\/v2\/production_platform?post=38"},{"taxonomy":"topic","embeddable":true,"href":"https:\/\/gfieurope.org\/es\/wp-json\/wp\/v2\/topic?post=38"}],"curies":[{"name":"wp","href":"https:\/\/api.w.org\/{rel}","templated":true}]}}