{"id":36,"date":"2021-05-14T21:13:30","date_gmt":"2021-05-14T19:13:30","guid":{"rendered":"https:\/\/gfieurope.org\/?page_id=36"},"modified":"2026-04-20T11:30:43","modified_gmt":"2026-04-20T09:30:43","slug":"opportunita-di-lavoro","status":"publish","type":"page","link":"https:\/\/gfieurope.org\/it\/opportunita-di-lavoro\/","title":{"rendered":"Lavora con GFI Europe"},"content":{"rendered":"<div class=\"page-header-side-image alignfull has-background has-white-background-color\">\n\t\n\t<div class=\"page-header-side-image__wrap alignsemiwide\">\n\t\t\n\n<div class=\"page-header-side-image__content\">\n<h1 class=\"wp-block-heading is-style-default\" id=\"careers-at-gfi-europe\">Lavora con GFI Europe<\/h1>\n\n\n\n<p class=\"has-medium-font-size\">Esplora le offerte di lavoro di GFI Europe e trova opportunit\u00e0 nel settore delle proteine alternative.<\/p>\n<\/div>\n\n\n\n<div class=\"page-header-side-image__media\">\n<figure class=\"wp-block-image size-large\"><img decoding=\"async\" src=\"https:\/\/gfieurope.org\/wp-content\/uploads\/2022\/04\/20220309GFIBournemouth-220-1024x693.jpeg\" alt=\"Two colleagues discussing green jobs in alternative proteins\" class=\"wp-image-2432\" \/><figcaption class=\"wp-element-caption\">Photo credit: Barbara Evripidou\/FirstAvenuePhotography.com<\/figcaption><\/figure>\n<\/div>\n\n\n\t<\/div>\n<\/div>\n\n\n<div class=\"alignfull in-page\" data-label=\"Explore This Page\">\n\t<div class=\"alignwide in-page__content\">\n\t\t<span class=\"in-page__label\">Explore This Page:<\/span>\n\t\t<div class=\"in-page__menu\">\n\t\t\t\n\n<ul class=\"wp-block-list in-page__list\">\n<li><a href=\"#openings\">Offerte di lavoro<\/a> | <a href=\"#database\">Database dei talenti<\/a> | <a href=\"#settore\">posizioni nel settore delle proteine alternative<\/a> | <a href=\"#perch\u00e9\">perch\u00e9 lavorare per noi<\/a> | <a href=\"#processo\" data-type=\"internal\" data-id=\"#hiring-process\">processo<\/a><a href=\"#hiring-process\" data-type=\"internal\" data-id=\"#hiring-process\"> di assunzione<\/a> | <a href=\"#domande\">domande<\/a><\/li>\n<\/ul>\n\n\n\t\t<\/div>\n\t<\/div>\n<\/div>\n\n\n\n\n<h2 class=\"wp-block-heading is-style-accent\" id=\"Offerte\"><strong>Opportunit\u00e0 disponibili presso il Good Food Institute Europe<\/strong><\/h2>\n\n\n\n<p>Al momento stiamo cercando candidati per la seguente posizione: <\/p>\n\n\n\n<p><a href=\"https:\/\/gfieurope.org\/careers\/policy-officer-brussels-remote-hybrid-fixed-term-contract\/\"><strong>Policy Officer, Brussels \u2013 full-time, 12-months fixed-term contract<\/strong><\/a><\/p>\n\n\n\n<p>Le seguenti posizioni sono chiuse, ma la descrizione del lavoro \u00e8 ancora disponibile qui per i candidati:<\/p>\n\n\n\n<p><a href=\"https:\/\/gfieurope.org\/careers\/responsable-des-affaires-publiques-france-18-month-fixed-term-home-based\/\">Responsable des affaires publiques, France \u2013 Contrat \u00e0 dur\u00e9e d\u00e9termin\u00e9e de 18 mois, poste en t\u00e9l\u00e9travail<\/a><\/p>\n\n\n\n<p>Scopri le offerte di lavoro delle <a href=\"https:\/\/gfi.org\/global\/#global-careers\" data-type=\"link\" data-id=\"https:\/\/gfi.org\/global\/#global-careers\" target=\"_blank\" rel=\"noreferrer noopener\">filiali internazionali di GFI<\/a> in Asia-Pacifico, Brasile, India e Israele, oltre a opportunit\u00e0 in tutto il settore globale delle proteine alternative. Trova le offerte di lavoro negli <a href=\"https:\/\/gfi.org\/careers\/\" data-type=\"link\" data-id=\"https:\/\/gfi.org\/careers\/\" target=\"_blank\" rel=\"noreferrer noopener\">Stati Uniti<\/a>.<\/p>\n\n\n\n<p><\/p>\n\n\n\n<div class=\"wp-block-group alignfull is-style-vertical-padding has-gray-background-color has-background\"><div class=\"wp-block-group__inner-container is-layout-flow wp-block-group-is-layout-flow\">\n<h2 class=\"wp-block-heading has-text-align-center is-style-accent\" id=\"settore\">Lavora nel campo delle proteine alternative<\/h2>\n\n\n\n<p>Utilizza questo database per trovare opportunit\u00e0 di lavoro nell&#8217;ecosistema europeo delle proteine alternative, dagli stage presso le startup alle borse di studio accademiche. Puoi anche consultare il sito <a href=\"https:\/\/talist.org\/find-jobs\" target=\"_blank\" rel=\"noopener\">T\u00e4list job board<\/a>, specializzato in carriere nel settore delle proteine alternative.<\/p>\n\n\n\n<iframe loading=\"lazy\" title=\"Sustainable proteins careers board\" class=\"airtable-embed\" src=\"https:\/\/airtable.com\/embed\/shr4nlwoKa5dnJKOM?backgroundColor=greenLight&amp;viewControls=on\" frameborder=\"0\" width=\"100%\" height=\"533\" style=\"background: transparent;border: 1px solid #ccc\"><\/iframe>\n\n\n\n<div class=\"wp-block-buttons is-horizontal is-content-justification-center is-layout-flex wp-container-core-buttons-is-layout-499968f5 wp-block-buttons-is-layout-flex\">\n<div class=\"wp-block-button\"><a class=\"wp-block-button__link has-yellow-background-color has-background wp-element-button\" href=\"https:\/\/gfi.org\/resource\/adding-a-role-to-gfis-careers-board\/\" target=\"_blank\" rel=\"noreferrer noopener\">Invia un annuncio di lavoro<\/a><\/div>\n\n\n\n<div class=\"wp-block-button is-style-outline is-style-outline--1\"><a class=\"wp-block-button__link wp-element-button\" href=\"https:\/\/gfi.org\/vocation\/#h-alt-protein-careers-board\" target=\"_blank\" rel=\"noreferrer noopener\">Offerte globali<\/a><\/div>\n<\/div>\n<\/div><\/div>\n\n\n\n<div class=\"wp-block-group alignfull is-style-vertical-padding\"><div class=\"wp-block-group__inner-container is-layout-flow wp-block-group-is-layout-flow\">\n<h2 class=\"wp-block-heading has-text-align-left is-style-accent\" id=\"perch\u00e9\"><strong>Perch\u00e9 lavorare in GFI Europe?<\/strong><\/h2>\n\n\n\n<p>Se cambiare il mondo non \u00e8 una ragione sufficiente, ecco alcuni altri vantaggi di lavorare in GFI Europe.<\/p>\n\n\n<?xml encoding=\"utf-8\" ?><div class=\"alignfull tabs\"><div class=\"tabs__wrap\"><div class=\"tabs__nav\"><ul class=\"tabs__nav-items\"><li class=\"tabs__nav-item\"><a class=\"tabs__nav-link\" href=\"#team-remoti-ma-connessi\">Team remoti ma connessi<\/a><\/li><li class=\"tabs__nav-item\"><a class=\"tabs__nav-link\" href=\"#orientati-alla-missione\">Orientati alla missione<\/a><\/li><li class=\"tabs__nav-item\"><a class=\"tabs__nav-link\" href=\"#benefit-di-alto-livello\">Benefit di alto livello<\/a><\/li><\/ul><\/div><div class=\"tabs__items\">\n<section class=\"tabs__tab\" id=\"team-remoti-ma-connessi\"><a class=\"tabs__title\" href=\"#team-remoti-ma-connessi\">Team remoti ma connessi<\/a><div class=\"tabs__content\">\n<h3 class=\"wp-block-heading\" id=\"remote-and-connected-teams\"><strong>Team remoti ma connessi<\/strong><\/h3>\n\n\n\n<p>Lavoriamo a distanza in tutta Europa e puntiamo a riunirci in persona circa due volte all&#8217;anno.<\/p>\n\n\n\n<div class=\"wp-block-columns is-layout-flex wp-container-core-columns-is-layout-9d6595d7 wp-block-columns-is-layout-flex\">\n<div class=\"wp-block-column is-layout-flow wp-block-column-is-layout-flow\"><div class=\"wp-block-image\">\n<figure class=\"aligncenter size-search is-resized\"><img loading=\"lazy\" decoding=\"async\" width=\"300\" height=\"300\" src=\"https:\/\/gfieurope.org\/wp-content\/uploads\/2021\/07\/users-duotone.svg\" alt=\"Group of people\" class=\"wp-image-709\" style=\"width:200px;height:undefinedpx\"><\/figure>\n<\/div>\n\n\n<p class=\"has-text-align-center\">Supporto per il co-working<\/p>\n<\/div>\n\n\n\n<div class=\"wp-block-column is-layout-flow wp-block-column-is-layout-flow\"><div class=\"wp-block-image\">\n<figure class=\"aligncenter size-search is-resized\"><img loading=\"lazy\" decoding=\"async\" width=\"300\" height=\"300\" src=\"https:\/\/gfieurope.org\/wp-content\/uploads\/2021\/07\/chair-office-duotone.svg\" alt=\"Office chair\" class=\"wp-image-710\" style=\"width:200px;height:undefinedpx\"><\/figure>\n<\/div>\n\n\n<p class=\"has-text-align-center\">Contributo per l&#8217;allestimento dell&#8217;ufficio a casa<\/p>\n<\/div>\n<\/div>\n\n\n<div class=\"wp-block-image\">\n<figure class=\"aligncenter size-search is-resized\"><img loading=\"lazy\" decoding=\"async\" width=\"300\" height=\"300\" src=\"https:\/\/gfieurope.org\/wp-content\/uploads\/2021\/07\/handshake-duotone.svg\" alt=\"Handshake\" class=\"wp-image-711\" style=\"width:200px;height:undefinedpx\"><\/figure>\n<\/div>\n\n\n<p class=\"has-text-align-center\">Riunioni del team a distanza &ndash; e divertimento!<\/p>\n<\/div><\/section>\n\n\n\n<section class=\"tabs__tab\" id=\"orientati-alla-missione\"><a class=\"tabs__title\" href=\"#orientati-alla-missione\">Orientati alla missione<\/a><div class=\"tabs__content\">\n<h3 class=\"wp-block-heading\" id=\"mission-focused\"><strong>Orientati alla missione<\/strong><\/h3>\n\n\n\n<p>Siamo concentrati sul miglioramento del sistema alimentare europeo per il pianeta, le persone e gli animali.<\/p>\n\n\n\n<p>Poniamo strategicamente l&#8217;accento su ci&ograve; che ha un impatto maggiore, fissiamo obiettivi chiari e valutiamo i nostri progressi.<\/p>\n\n\n\n<div class=\"wp-block-columns is-layout-flex wp-container-core-columns-is-layout-9d6595d7 wp-block-columns-is-layout-flex\">\n<div class=\"wp-block-column is-layout-flow wp-block-column-is-layout-flow\"><div class=\"wp-block-image\">\n<figure class=\"aligncenter size-thumbnail is-resized\"><img loading=\"lazy\" decoding=\"async\" width=\"300\" height=\"300\" src=\"https:\/\/gfieurope.org\/wp-content\/uploads\/2021\/07\/bullseye-pointer-duotone.svg\" alt=\"Target\" class=\"wp-image-712\" style=\"width:200px;height:undefinedpx\"><\/figure>\n<\/div>\n\n\n<p class=\"has-text-align-center\">Obiettivi e finalit&agrave; chiaramente definiti<\/p>\n\n\n<div class=\"wp-block-image\">\n<figure class=\"aligncenter size-search is-resized\"><img loading=\"lazy\" decoding=\"async\" width=\"300\" height=\"300\" src=\"https:\/\/gfieurope.org\/wp-content\/uploads\/2021\/07\/equals-duotone.svg\" alt=\"Equals sign\" class=\"wp-image-716\" style=\"width:200px;height:undefinedpx\"><\/figure>\n<\/div>\n\n\n<p class=\"has-text-align-center\">Valorizziamo la diversit&agrave; e la pluralit&agrave; di opinioni<\/p>\n<\/div>\n\n\n\n<div class=\"wp-block-column is-layout-flow wp-block-column-is-layout-flow\"><div class=\"wp-block-image\">\n<figure class=\"aligncenter size-search is-resized\"><img loading=\"lazy\" decoding=\"async\" width=\"300\" height=\"300\" src=\"https:\/\/gfieurope.org\/wp-content\/uploads\/2021\/07\/hand-holding-seedling-duotone.svg\" alt=\"Hand\" class=\"wp-image-714\" style=\"width:200px;height:undefinedpx\"><\/figure>\n<\/div>\n\n\n<p class=\"has-text-align-center\">Forte sostegno dei donatori<\/p>\n\n\n<div class=\"wp-block-image\">\n<figure class=\"aligncenter size-search is-resized\"><img loading=\"lazy\" decoding=\"async\" width=\"300\" height=\"300\" src=\"https:\/\/gfieurope.org\/wp-content\/uploads\/2021\/07\/phone-laptop-duotone.svg\" alt=\"Laptop and phone\" class=\"wp-image-717\" style=\"width:200px;height:undefinedpx\"><\/figure>\n<\/div>\n\n\n<p class=\"has-text-align-center\">Tecnologia e sistemi professionali e sofisticati<\/p>\n<\/div>\n<\/div>\n<\/div><\/section>\n\n\n\n<section class=\"tabs__tab\" id=\"benefit-di-alto-livello\"><a class=\"tabs__title\" href=\"#benefit-di-alto-livello\">Benefit di alto livello<\/a><div class=\"tabs__content\">\n<h3 class=\"wp-block-heading\" id=\"world-class-benefits\">Benefit di alto livello<\/h3>\n\n\n\n<p>Sosteniamo il nostro team grazie a solidi benefit e all&#8217;enfasi posta sull&#8217;equilibrio tra lavoro e vita privata.<\/p>\n\n\n\n<p>Le nostre priorit&agrave; principali sono attrarre e trattenere i migliori talenti, coltivare una cultura di attenzione e apertura e sostenere la motivazione intrinseca di ciascun dipendente, guidata dall&#8217;allineamento alla nostra missione.<\/p>\n\n\n\n<div class=\"wp-block-columns is-layout-flex wp-container-core-columns-is-layout-9d6595d7 wp-block-columns-is-layout-flex\">\n<div class=\"wp-block-column is-layout-flow wp-block-column-is-layout-flow\">\n<div style=\"height:30px\" aria-hidden=\"true\" class=\"wp-block-spacer\"><\/div>\n\n\n<div class=\"wp-block-image\">\n<figure class=\"aligncenter size-thumbnail\"><img loading=\"lazy\" decoding=\"async\" width=\"150\" height=\"150\" src=\"https:\/\/gfieurope.org\/wp-content\/uploads\/2021\/08\/clock-duotone-1-150x150.png\" alt=\"Clock\" class=\"wp-image-1163\" srcset=\"https:\/\/gfieurope.org\/it\/wp-content\/uploads\/sites\/3\/2021\/08\/clock-duotone-1-150x150.png 150w, https:\/\/gfieurope.org\/it\/wp-content\/uploads\/sites\/3\/2021\/08\/clock-duotone-1-300x300.png 300w, https:\/\/gfieurope.org\/it\/wp-content\/uploads\/sites\/3\/2021\/08\/clock-duotone-1-437x437.png 437w, https:\/\/gfieurope.org\/it\/wp-content\/uploads\/sites\/3\/2021\/08\/clock-duotone-1-214x214.png 214w, https:\/\/gfieurope.org\/it\/wp-content\/uploads\/sites\/3\/2021\/08\/clock-duotone-1.png 512w\" sizes=\"(max-width: 150px) 100vw, 150px\" \/><\/figure>\n<\/div>\n\n\n<p class=\"has-text-align-center\">Orari di lavoro flessibili<\/p>\n\n\n<div class=\"wp-block-image\">\n<figure class=\"aligncenter size-search is-resized\"><img decoding=\"async\" src=\"https:\/\/gfieurope.org\/wp-content\/uploads\/2022\/03\/award-duotone-210x280.png\" alt=\"Award\" class=\"wp-image-2245\" style=\"width:105px;height:140px\"><\/figure>\n<\/div>\n\n\n<p class=\"has-text-align-center\">Riconoscimento dell&#8217;anzianit&agrave; di servizio dopo due anni<\/p>\n<\/div>\n\n\n\n<div class=\"wp-block-column is-layout-flow wp-block-column-is-layout-flow\"><div class=\"wp-block-image\">\n<figure class=\"aligncenter size-search is-resized\"><img loading=\"lazy\" decoding=\"async\" width=\"300\" height=\"300\" src=\"https:\/\/gfieurope.org\/wp-content\/uploads\/2021\/07\/leanpub-brands.svg\" alt=\"Book\" class=\"wp-image-777\" style=\"width:200px;height:undefinedpx\"><\/figure>\n<\/div>\n\n\n<p class=\"has-text-align-center\">Supporto allo sviluppo professionale<\/p>\n\n\n\n<div style=\"height:1px\" aria-hidden=\"true\" class=\"wp-block-spacer\"><\/div>\n\n\n<div class=\"wp-block-image\">\n<figure class=\"aligncenter size-search is-resized\"><img decoding=\"async\" src=\"https:\/\/gfieurope.org\/wp-content\/uploads\/2022\/08\/baby-carriage-duotone-214x214.png\" alt=\"\" class=\"wp-image-2909\" style=\"width:150px;height:150px\"><\/figure>\n<\/div>\n\n\n<p class=\"has-text-align-center\">Minimo 10 settimane di congedo di maternit&agrave; al 100% della retribuzione*.<\/p>\n<\/div>\n<\/div>\n\n\n<div class=\"wp-block-image\">\n<figure class=\"aligncenter size-search is-resized\"><img decoding=\"async\" src=\"https:\/\/gfieurope.org\/wp-content\/uploads\/2022\/08\/comments-duotone-214x171.png\" alt=\"\" class=\"wp-image-2952\" style=\"width:150px;height:128px\"><\/figure>\n<\/div>\n\n\n<p class=\"has-text-align-center\">Accesso 24 ore su 24, 7 giorni su 7, a consulenze gratuite e riservate e supporto al benessere psico-fisico in oltre 40 lingue per tutti i dipendenti e i loro familiari**<\/p>\n\n\n\n<p>*L&#8217;ammissibilit&agrave; esatta dipende dalla legge nazionale sul lavoro, ma faremo del nostro meglio per rispettarla indipendentemente dalle circostanze.<\/p>\n\n\n\n<p>**Membri del nucleo familiare, ad esclusione dei bambini di et&agrave; inferiore ai 16 anni.<\/p>\n<\/div><\/section>\n<\/div><\/div><\/div>\n\n<\/div><\/div>\n\n\n\n<div class=\"wp-block-group alignfull is-style-vertical-padding has-gray-background-color has-background\"><div class=\"wp-block-group__inner-container is-layout-flow wp-block-group-is-layout-flow\">\n<h2 class=\"wp-block-heading has-text-align-center is-style-accent\" id=\"questions\"><strong><strong><strong><strong>Il nostro processo di assunzione<\/strong><\/strong><\/strong><\/strong><\/h2>\n\n\n\n<p>Lavoriamo in modo collaborativo per valutare i candidati, limitare i pregiudizi inconsci e assumere i migliori membri per il nostro team. Si prega di notare che questo processo potrebbe essere adattato a determinati ruoli. Le specifiche del processo di reclutamento sono riportate nel singolo annuncio di lavoro per ogni ruolo.<\/p>\n\n\n\n<div class=\"wp-block-media-text is-stacked-on-mobile\" style=\"grid-template-columns:15% auto\"><figure class=\"wp-block-media-text__media\"><img loading=\"lazy\" decoding=\"async\" width=\"300\" height=\"300\" src=\"https:\/\/gfieurope.org\/wp-content\/uploads\/2021\/07\/file-alt-duotone.svg\" alt=\"Covering letter\" class=\"wp-image-726 size-full\" \/><\/figure><div class=\"wp-block-media-text__content\">\n<h4 class=\"wp-block-heading\"><strong>Prima fase: candidatura online<\/strong><\/h4>\n\n\n\n<p>I candidati presenteranno una prima domanda tramite un modulo online, rispondendo a quesiti relativi alla loro esperienza lavorativa e illustrando uno o due brevi esempi di lavoro.<\/p>\n<\/div><\/div>\n\n\n\n<div class=\"wp-block-media-text is-stacked-on-mobile\" style=\"grid-template-columns:15% auto\"><figure class=\"wp-block-media-text__media\"><img loading=\"lazy\" decoding=\"async\" width=\"300\" height=\"300\" src=\"https:\/\/gfieurope.org\/wp-content\/uploads\/2021\/07\/hourglass-half-duotone.svg\" alt=\"Hourglass\" class=\"wp-image-727 size-full\" \/><\/figure><div class=\"wp-block-media-text__content\">\n<h4 class=\"wp-block-heading\"><strong>Seconda fase: progetto a tempo o prova scritta<\/strong><\/h4>\n\n\n\n<p>Il progetto a tempo consiste in 2-4 brevi domande che simulano il lavoro che vi verrebbe chiesto di svolgere nel ruolo per il quale ci state candidando. Vi verr\u00e0 chiesto di completare questi compiti al meglio delle vostre capacit\u00e0 entro un determinato lasso di tempo (di solito due ore).<\/p>\n\n\n\n<p>La prova scritta consiste in due o tre domande pi\u00f9 strategiche che vi permettono di dimostrare le vostre competenze ed esperienze in modo pi\u00f9 approfondito e ci aiutano a capire come affrontereste le dinamiche del ruolo in questione.<\/p>\n<\/div><\/div>\n\n\n\n<div class=\"wp-block-media-text is-stacked-on-mobile\" style=\"grid-template-columns:15% auto\"><figure class=\"wp-block-media-text__media\"><img loading=\"lazy\" decoding=\"async\" width=\"300\" height=\"300\" src=\"https:\/\/gfieurope.org\/wp-content\/uploads\/2021\/07\/webcam-duotone.svg\" alt=\"Webcam\" class=\"wp-image-729 size-full\" \/><\/figure><div class=\"wp-block-media-text__content\">\n<h4 class=\"wp-block-heading\"><strong>Terza fase: colloquio video<\/strong><\/h4>\n\n\n\n<p>La fase finale comprende uno o due colloqui video. I colloqui variano per ogni ruolo, ma in genere vengono condotti con il supervisore di competenza per la posizione aperta, un altro membro del team pertinente e\/o potenzialmente, in alcuni casi, un membro senior della dirigenza.<\/p>\n<\/div><\/div>\n\n\n\n<div class=\"wp-block-media-text is-stacked-on-mobile\" style=\"grid-template-columns:15% auto\"><figure class=\"wp-block-media-text__media\"><img loading=\"lazy\" decoding=\"async\" width=\"300\" height=\"300\" src=\"https:\/\/gfieurope.org\/wp-content\/uploads\/2021\/07\/envelope-open-text-duotone-1.svg\" alt=\"\" class=\"wp-image-731 size-full\" \/><\/figure><div class=\"wp-block-media-text__content\">\n<h4 class=\"wp-block-heading\"><strong>Fase finale: referenze<\/strong><\/h4>\n\n\n\n<p>Chiederemo due referenze professionali, una delle quali deve essere un supervisore attuale o precedente. Durante questa fase, vi incoraggiamo anche a contattare i membri del team di GFI Europe per le vostre eventuali domande.<\/p>\n<\/div><\/div>\n\n\n\n<p><em>Vogliamo darti ogni opportunit\u00e0 per brillare e mostrare i tuoi talenti. Siamo felici di apportare tutte le modifiche ragionevoli che possiamo per assicurarci che il processo di valutazione funzioni per te. Per informazioni non esitare a contattarci all&#8217;indirizzo europe-hiring@gfi.org.<\/em><\/p>\n<\/div><\/div>\n\n\n\n<div class=\"wp-block-group alignfull is-style-vertical-padding\"><div class=\"wp-block-group__inner-container is-layout-flow wp-block-group-is-layout-flow\">\n<h2 class=\"wp-block-heading has-text-align-center is-style-accent\" id=\"questions\"><strong><strong>Domande<\/strong><\/strong><\/h2>\n\n\n\n<p>Per candidarsi, cliccare sui link qui sopra. Accettiamo solo candidature tramite il nostro sito web, ma saremo lieti di rispondere alle vostre domande sul lavoro in GFI Europe e sulle posizioni aperte. Non esitate a contattarci europe-hiring@gfi.org.<\/p>\n<\/div><\/div>\n","protected":false},"excerpt":{"rendered":"<p>Esplora le offerte di lavoro di GFI Europe e trova opportunit\u00e0 nel settore delle proteine alternative.<\/p>\n","protected":false},"author":1,"featured_media":4858,"parent":0,"menu_order":0,"comment_status":"closed","ping_status":"closed","template":"","meta":{"_acf_changed":false,"_relevanssi_hide_post":"","_relevanssi_hide_content":"","_relevanssi_pin_for_all":"","_relevanssi_pin_keywords":"","_relevanssi_unpin_keywords":"","_relevanssi_related_keywords":"","_relevanssi_related_include_ids":"","_relevanssi_related_exclude_ids":"","_relevanssi_related_no_append":"","_relevanssi_related_not_related":"","_relevanssi_related_posts":"6493,6575,5623,6472,5982,5861","_relevanssi_noindex_reason":"","footnotes":""},"production_platform":[],"topic":[88],"class_list":["post-36","page","type-page","status-publish","has-post-thumbnail","hentry","topic-gfi-europe","has-blocks"],"acf":[],"_links":{"self":[{"href":"https:\/\/gfieurope.org\/it\/wp-json\/wp\/v2\/pages\/36","targetHints":{"allow":["GET"]}}],"collection":[{"href":"https:\/\/gfieurope.org\/it\/wp-json\/wp\/v2\/pages"}],"about":[{"href":"https:\/\/gfieurope.org\/it\/wp-json\/wp\/v2\/types\/page"}],"author":[{"embeddable":true,"href":"https:\/\/gfieurope.org\/it\/wp-json\/wp\/v2\/users\/1"}],"replies":[{"embeddable":true,"href":"https:\/\/gfieurope.org\/it\/wp-json\/wp\/v2\/comments?post=36"}],"version-history":[{"count":236,"href":"https:\/\/gfieurope.org\/it\/wp-json\/wp\/v2\/pages\/36\/revisions"}],"predecessor-version":[{"id":7384,"href":"https:\/\/gfieurope.org\/it\/wp-json\/wp\/v2\/pages\/36\/revisions\/7384"}],"wp:featuredmedia":[{"embeddable":true,"href":"https:\/\/gfieurope.org\/it\/wp-json\/wp\/v2\/media\/4858"}],"wp:attachment":[{"href":"https:\/\/gfieurope.org\/it\/wp-json\/wp\/v2\/media?parent=36"}],"wp:term":[{"taxonomy":"production_platform","embeddable":true,"href":"https:\/\/gfieurope.org\/it\/wp-json\/wp\/v2\/production_platform?post=36"},{"taxonomy":"topic","embeddable":true,"href":"https:\/\/gfieurope.org\/it\/wp-json\/wp\/v2\/topic?post=36"}],"curies":[{"name":"wp","href":"https:\/\/api.w.org\/{rel}","templated":true}]}}