{"id":6873,"date":"2025-01-17T18:10:45","date_gmt":"2025-01-17T17:10:45","guid":{"rendered":"https:\/\/gfieurope.org\/it\/?page_id=6873"},"modified":"2026-02-04T11:24:54","modified_gmt":"2026-02-04T10:24:54","slug":"fermentazione-di-precisione","status":"publish","type":"page","link":"https:\/\/gfieurope.org\/it\/fermentazione-di-precisione\/","title":{"rendered":"Fermentazione di precisione"},"content":{"rendered":"<div class=\"page-header-side-image alignfull has-background has-white-background-color\">\n\t\n\t<div class=\"page-header-side-image__wrap alignsemiwide\">\n\t\t\n\n<div class=\"page-header-side-image__content\">\n<h1 class=\"wp-block-heading\"><strong><strong>Fermentazione di precisione<\/strong><\/strong><\/h1>\n\n\n\n<p class=\"has-medium-font-size\">Tutto quello che c&#8217;\u00e8 da sapere sul ruolo della fermentazione di precisione nello sviluppo delle proteine alternative.<\/p>\n<\/div>\n\n\n\n<div class=\"page-header-side-image__media\">\n<figure class=\"wp-block-image size-large\"><img decoding=\"async\" src=\"https:\/\/gfieurope.org\/wp-content\/uploads\/2024\/12\/Credit-Perfect-Day_-PF-Yoghurt-1024x683.jpg\" alt=\"\" class=\"wp-image-10163\" \/><figcaption class=\"wp-element-caption\">Foto da: Perfect Day<\/figcaption><\/figure>\n<\/div>\n\n\n\t<\/div>\n<\/div>\n\n\n<div class=\"alignfull in-page\" data-label=\"Esplora questa pagina\">\n\t<div class=\"alignwide in-page__content\">\n\t\t<span class=\"in-page__label\"><strong><strong>Esplora questa pagina:<\/strong><\/strong><\/span>\n\t\t<div class=\"in-page__menu\">\n\t\t\t\n\n<ul class=\"wp-block-list in-page__list\">\n<li><a href=\"#Qu\u00e9\">Che cos&#8217;\u00e8 la fermentazione di precisione?<\/a><\/li>\n\n\n\n<li><a href=\"#come funziona\">Come funziona la fermentazione di precisione?<\/a><\/li>\n\n\n\n<li><a href=\"#ambientale\">L&#8217;impatto ambientale<\/a><\/li>\n\n\n\n<li><a href=\"#europa\">Fermentazione di precisione in Europa<\/a><\/li>\n\n\n\n<li><\/li>\n<\/ul>\n\n\n\t\t<\/div>\n\t<\/div>\n<\/div>\n\n\n\n\n<p class=\"rank-math-command\">Diversificare l&#8217;approvvigionamento proteico dell&#8217;Europa sar\u00e0 essenziale per raggiungere i nostri obiettivi climatici, aumentare la sicurezza alimentare ed espandere un&#8217;agricoltura rispettosa della natura. Gli alimenti a base vegetale svolgeranno un ruolo centrale in un sistema alimentare diversificato, ma per sfruttare il loro potenziale, i prodotti plant-based dovranno soddisfare le aspettative dei consumatori in termini di gusto e consistenza. La fermentazione di precisione ha un potenziale incredibile per sbloccare il sapore, il profilo nutrizionale e la funzionalit\u00e0 tipici dei prodotti animali, producendo proteine e ingredienti chiave in modo efficiente e sostenibile.<\/p>\n\n\n\n<p id=\"che\"><\/p>\n\n\n<div id=\"rank-math-faq\" class=\"rank-math-block What\">\n<div class=\"rank-math-list \">\n<div id=\"faq-question-1735661423892\" class=\"rank-math-list-item\">\n<h5 class=\"rank-math-question \"><strong><strong><strong>Che cos&#8217;\u00e8 la fermentazione di precisione?<\/strong><\/strong><\/strong><\/h5>\n<div class=\"rank-math-answer \">\n\n<p>La fermentazione di precisione \u00e8 un processo utilizzato da anni nel settore alimentare per produrre ingredienti comuni come il caglio &#8211; utilizzato nella produzione di formaggi &#8211; e l&#8217;acido citrico &#8211; un conservante comunemente usato in molti prodotti come confetture, cibi pronti e carni conservate. In termini scientifici, si tratta di una branca della biologia ingegneristica che cerca di sfruttare le capacit\u00e0 naturali di alcuni microrganismi come il lievito per produrre ingredienti utili in modo sostenibile, rapido e a basso costo.<\/p>\n<p>Scienziati, startup e aziende stanno iniziando a utilizzare la fermentazione di precisione per produrre ingredienti come l&#8217;eme, una fonte di ferro facilmente digeribile che pu\u00f2 conferire un sapore &#8220;carnoso&#8221; agli alimenti a base vegetale, le proteine delle uova e dei latticini che possono migliorare i prodotti da forno e i formaggi a base vegetale, l&#8217;olio di palma sostenibile e altri ingredienti.<\/p>\n\n<\/div>\n<\/div>\n<\/div>\n<\/div>\n\n\n<p id=\"C\u00f3mo-funciona\"><\/p>\n\n\n<div id=\"rank-math-faq\" class=\"rank-math-block environment\">\n<div class=\"rank-math-list \">\n<div id=\"faq-question-1735661451884\" class=\"rank-math-list-item\">\n<h5 class=\"rank-math-question \"><strong><strong><strong>Come funziona la fermentazione di precisione?<\/strong><\/strong><\/strong><\/h5>\n<div class=\"rank-math-answer \">\n\n<p>\u00c8 un processo che viene utilizzato da decenni per produrre ingredienti come il caglio per i formaggi e viene ora utilizzato per produrre la prossima generazione di ingredienti per le proteine alternative. Ma come funziona?<\/p>\n<p>1. In modo simile a come la fermentazione tradizionale viene usata per produrre vino o birra, la fermentazione di precisione utilizza i microorganismi, come i lieviti, per produrre ingredienti che spaziano dall\u2019olio di palma alle proteine del latte.<\/p>\n<p>2. In primo luogo, ai microorganismi vengono fornite le \u2018istruzioni\u2019 sulla composizione dell\u2019ingrediente desiderato e su come replicarla. Nel caso delle proteine alternative si tratta tipicamente di una molecola come l\u2019eme o di una proteina come il siero del latte.<\/p>\n<p>3. Vengono poi trasferiti in un fermentatore a temperatura controllata e nutriti con zuccheri che vengono successivamente convertiti nell\u2019ingrediente desiderato.<\/p>\n<p>4. L\u2019acqua in eccesso viene rimossa e l\u2019ingrediente cos\u00ec ottenuto viene filtrato e usato nei prodotti plant-based, per esempio per dare un sapore \u2018carnoso\u2019 ai burger o per creare formaggi vegetali filanti.<br \/><img decoding=\"async\" src=\"https:\/\/gfieurope.org\/it\/wp-content\/uploads\/sites\/3\/2025\/01\/IT_Che-cose-la-fermentazione-di-precisione@2x-1024x782.png\" alt=\"Che cos\u2019\u00e8 la fermentazione di precisione?\n\n\u00c8 un processo che viene utilizzato da decenni per produrre ingredienti come il caglio per i formaggi e viene ora utilizzato per produrre la prossima generazione di ingredienti per le proteine alternative. Ma come funziona?\n\nIn modo simile a come la fermentazione tradizionale viene usata per produrre vino o birra, la fermentazione di precisione utilizza i microorganismi, come i lieviti, per produrre ingredienti che spaziano dall\u2019olio di palma alle proteine del latte.\nIn primo luogo, ai microorganismi vengono fornite le \u2018istruzioni\u2019 sulla composizione dell\u2019ingrediente desiderato e su come replicarla. Nel caso delle proteine alternative si tratta tipicamente di una molecola come l\u2019eme o di una proteina come il siero del latte.\nVengono poi trasferiti in un fermentatore a temperatura controllata e nutriti con zuccheri che vengono successivamente convertiti nell\u2019ingrediente desiderato.\nL\u2019acqua in eccesso viene rimossa e l\u2019ingrediente cos\u00ec ottenuto viene filtrato e usato nei prodotti plant-based, per esempio per dare un sapore \u2018carnoso\u2019 ai burger o per creare formaggi vegetali filanti.\n\"><\/p>\n\n<\/div>\n<\/div>\n<\/div>\n<\/div>\n\n\n<p id=\"impacto-ambiental\"><\/p>\n\n\n<div id=\"rank-math-faq\" class=\"rank-math-block environment\">\n<div class=\"rank-math-list \">\n<div id=\"faq-question-1735661975754\" class=\"rank-math-list-item\">\n<h5 class=\"rank-math-question \"><strong><strong><strong>Qual \u00e8 l&#8217;impatto ambientale della fermentazione di precisione?<\/strong><\/strong><\/strong><\/h5>\n<div class=\"rank-math-answer \">\n\n<p>L&#8217;uso della fermentazione di precisione per produrre ingredienti proteici alternativi \u00e8 ancora in fase iniziale e avviene su piccola scala, quindi saranno necessarie ulteriori ricerche per determinare l&#8217;esatto impatto ambientale della produzione commerciale, ma il processo si \u00e8 finora rivelato incredibilmente efficiente. Gli studi esistenti suggeriscono che le proteine delle uova e dei latticini ottenute con la fermentazione di precisione causerebbero il 70% in meno di emissioni di gas serra, utilizzando il 95% in meno di suolo e l&#8217;80% in meno di acqua rispetto agli equivalenti animali. La fermentazione di precisione contribuisce anche a una riduzione dell&#8217;inquinamento da nutrienti e dell&#8217;eutrofizzazione, poich\u00e9 i rifiuti prodotti dall\u2019allevamento industriale sono responsabili di <a href=\"https:\/\/www.eea.europa.eu\/publications\/zero-pollution\/cross-cutting-stories\/nutrients\" target=\"_blank\" rel=\"noopener\">una significativa perdita di biodiversit\u00e0<\/a> in diversi Paesi europei, colpendo in particolare gli ecosistemi acquatici.\u00a0<\/p>\n\n<\/div>\n<\/div>\n<\/div>\n<\/div>\n\n\n<p><strong><strong><strong>Impatto ambientale delle proteine di latte e uova prodotte con la fermentazione di precisione rispetto alla produzione convenzionale<\/strong><\/strong><\/strong><\/p>\n\n\n\n<figure class=\"wp-block-image size-large\"><img loading=\"lazy\" decoding=\"async\" width=\"1024\" height=\"723\" src=\"https:\/\/gfieurope.org\/it\/wp-content\/uploads\/sites\/3\/2026\/02\/image-1024x723.png\" alt=\"L\u2019impatto ambientale delle proteine prodotte dalla fermentazione di precisione e convenzionali a confronto.\" class=\"wp-image-7350\" srcset=\"https:\/\/gfieurope.org\/it\/wp-content\/uploads\/sites\/3\/2026\/02\/image-1024x723.png 1024w, https:\/\/gfieurope.org\/it\/wp-content\/uploads\/sites\/3\/2026\/02\/image-300x212.png 300w, https:\/\/gfieurope.org\/it\/wp-content\/uploads\/sites\/3\/2026\/02\/image-768x542.png 768w, https:\/\/gfieurope.org\/it\/wp-content\/uploads\/sites\/3\/2026\/02\/image-1530x1080.png 1530w, https:\/\/gfieurope.org\/it\/wp-content\/uploads\/sites\/3\/2026\/02\/image-437x309.png 437w, https:\/\/gfieurope.org\/it\/wp-content\/uploads\/sites\/3\/2026\/02\/image-214x151.png 214w, https:\/\/gfieurope.org\/it\/wp-content\/uploads\/sites\/3\/2026\/02\/image.png 2000w\" sizes=\"(max-width: 1024px) 100vw, 1024px\" \/><\/figure>\n\n\n\n<h2 class=\"wp-block-heading has-large-font-size\" id=\"europa\"><strong><strong><strong>Fermentazione di precisione in Europa<\/strong><\/strong><\/strong><\/h2>\n\n\n\n<p>L&#8217;Europa ospita ricercatori e startup leader nel campo della fermentazione di precisione e i finanziamenti pubblici stanno iniziando a crescere sia a livello nazionale che europeo. Tuttavia, \u00e8 necessario aumentare gli investimenti pubblici per la ricerca e l&#8217;innovazione e costruire l&#8217;infrastruttura necessaria per portare la produzione di ingredienti derivati della fermentazione di precisione su scala.<\/p>\n\n\n\n<div class=\"wp-block-columns are-vertically-aligned-center is-layout-flex wp-container-core-columns-is-layout-9d6595d7 wp-block-columns-is-layout-flex\">\n<div class=\"wp-block-column is-vertically-aligned-center is-layout-flow wp-block-column-is-layout-flow\">\n<div class=\"wp-block-group is-nowrap is-layout-flex wp-container-core-group-is-layout-ad2f72ca wp-block-group-is-layout-flex\"><div class=\"wp-block-image\">\n<figure class=\"aligncenter size-full is-resized\"><img decoding=\"async\" src=\"https:\/\/gfieurope.org\/wp-content\/uploads\/2024\/12\/Flag_of_the_Netherlands-1.png\" alt=\"\" class=\"wp-image-10193\" style=\"object-fit:cover;width:150px;height:150px\" \/><\/figure>\n<\/div>\n\n\n<p class=\"wp-container-content-29dca9c1\">Nel 2022, il governo olandese <a href=\"https:\/\/gfieurope.org\/blog\/netherlands-to-make-biggest-ever-public-investment-in-cellular-agriculture\/\">ha annunciato<\/a> 60 milioni di euro di finanziamenti pubblici per sostenere la formazione di un ecosistema di ricerca e sviluppo su fermentazione di precisione e carne coltivata. Si tratta del pi\u00f9 grande investimento pubblico al mondo nell&#8217;agricoltura cellulare.<\/p>\n<\/div>\n<\/div>\n\n\n\n<div class=\"wp-block-column is-vertically-aligned-center is-layout-flow wp-block-column-is-layout-flow\">\n<div class=\"wp-block-group is-nowrap is-layout-flex wp-container-core-group-is-layout-ad2f72ca wp-block-group-is-layout-flex\"><div class=\"wp-block-image\">\n<figure class=\"aligncenter size-full is-resized\"><img decoding=\"async\" src=\"https:\/\/gfieurope.org\/wp-content\/uploads\/2024\/12\/Flag_of_the_United_Kingdom.png\" alt=\"\" class=\"wp-image-10195\" style=\"object-fit:cover;width:150px;height:150px\" \/><\/figure>\n<\/div>\n\n\n<p class=\"wp-container-content-29dca9c1\">Nel 2023, il governo britannico <a href=\"https:\/\/gfieurope.org\/blog\/12-million-cultivated-meat-investment-a-seismic-move-for-uk\/\">ha investito 12 milioni di sterline<\/a> in un nuovo centro di ricerca sulle proteine alternative, che svilupper\u00e0 alimenti come l&#8217;olio di palma attraverso la fermentazione di precisione.<\/p>\n<\/div>\n<\/div>\n<\/div>\n\n\n\n<div class=\"wp-block-columns are-vertically-aligned-center is-layout-flex wp-container-core-columns-is-layout-9d6595d7 wp-block-columns-is-layout-flex\">\n<div class=\"wp-block-column is-vertically-aligned-center is-layout-flow wp-block-column-is-layout-flow\">\n<div class=\"wp-block-group is-nowrap is-layout-flex wp-container-core-group-is-layout-ad2f72ca wp-block-group-is-layout-flex\"><div class=\"wp-block-image\">\n<figure class=\"aligncenter size-full is-resized\"><img decoding=\"async\" src=\"https:\/\/gfieurope.org\/wp-content\/uploads\/2024\/12\/Flag_of_Catalonia.png\" alt=\"\" class=\"wp-image-10200\" style=\"object-fit:cover;width:150px;height:150px\" \/><\/figure>\n<\/div>\n\n\n<p class=\"wp-container-content-29dca9c1\">Nel 2024, il governo regionale della Catalogna (Spagna) <a href=\"https:\/\/www.businessinsider.es\/cataluna-invierte-12-millones-euros-proteina-alternativa-1369011\" target=\"_blank\" rel=\"noopener\">ha stanziato 12 milioni di euro<\/a> per una struttura che svilupper\u00e0 e produrr\u00e0 proteine alternative, compresa la fermentazione di precisione.<\/p>\n<\/div>\n<\/div>\n\n\n\n<div class=\"wp-block-column is-vertically-aligned-center is-layout-flow wp-block-column-is-layout-flow\">\n<div class=\"wp-block-group is-nowrap is-layout-flex wp-container-core-group-is-layout-ad2f72ca wp-block-group-is-layout-flex\"><div class=\"wp-block-image\">\n<figure class=\"aligncenter size-full is-resized\"><img decoding=\"async\" src=\"https:\/\/gfieurope.org\/wp-content\/uploads\/2024\/12\/Flag_of_Europe.png\" alt=\"\" class=\"wp-image-10203\" style=\"object-fit:cover;width:150px;height:150px\" \/><\/figure>\n<\/div>\n\n\n<p class=\"wp-container-content-29dca9c1\">L&#8217;acceleratore EIC della Commissione europea <a href=\"https:\/\/eic.ec.europa.eu\/eic-funding-opportunities\/eic-accelerator\/eic-accelerator-challenges_en#ref-2024-challenges\" target=\"_blank\" rel=\"noopener\">ha investito 50 milioni di euro<\/a> nel 2024 in alimenti prodotti con fermentazione di precisione e dalle alghe.<\/p>\n<\/div>\n<\/div>\n<\/div>\n\n\n<div id=\"rank-math-faq\" class=\"rank-math-block\">\n<div class=\"rank-math-list \">\n<div id=\"faq-question-1735663892999\" class=\"rank-math-list-item\">\n<h5 class=\"rank-math-question \"><strong><strong><strong>\u00c8 possibile acquistare alimenti prodotti tramite fermentazione di precisione in Europa?<\/strong><\/strong><\/strong><\/h5>\n<div class=\"rank-math-answer \">\n\n<p>Anche se questo processo \u00e8 stato utilizzato per produrre ingredienti di uso comune per decenni, l&#8217;uso della fermentazione di precisione per produrre proteine e ingredienti alimentari per migliorare gli alimentii a base vegetale \u00e8 relativamente nuovo, il che significa che i prodotti devono passare attraverso il quadro normativo dell&#8217;UE sui nuovi alimenti prima di poter essere venduti. Una volta che le autorit\u00e0 di regolamentazione dell&#8217;UE approvano un nuovo alimento prodotto tramite fermentazione, questo pu\u00f2 essere venduto in tutti i 27 Stati membri. Il processo di approvazione comprender\u00e0 una valutazione approfondita e basata su prove della sicurezza e del valore nutrizionale dell&#8217;alimento e dovrebbe richiedere almeno 18 mesi.<\/p>\n<p>Altri governi europei al di fuori dell&#8217;UE (Regno Unito, Svizzera) dispongono di quadri normativi simili per la valutazione e l&#8217;autorizzazione di nuovi alimenti. Allo stesso tempo, alcune aziende europee di fermentazione di precisione hanno gi\u00e0 ottenuto l&#8217;approvazione normativa in altri mercati globali, tra cui Singapore.<\/p>\n\n<\/div>\n<\/div>\n<\/div>\n<\/div>\n\n<div id=\"\" class=\"media-content has-gray-background-color alignfull\">\n\t<div class=\"media-content__wrap\">\n\t\t<div class=\"media-content__media\">\n\t\t\t\t\t\t\t\t<figure class=\"media-content__figure\">\n\t\t<picture>\n\t\t\t\t\t\t\t\t\t<img decoding=\"async\" loading=\"lazy\" src=\"https&#x3A;&#x2F;&#x2F;gfieurope.org&#x2F;it&#x2F;wp-content&#x2F;uploads&#x2F;sites&#x2F;3&#x2F;2025&#x2F;01&#x2F;CC-BY-NC_Formo_-Mozzarella_credit-Formo-433x354.jpg\" srcset=\"\" alt=\"\" height=\"2560\" width=\"1709\" sizes=\"(max-width: 433px) 100vw, 433px\">\n\t\t<\/picture>\n\t\t\t\t\t<figcaption>Foto da: Formo<\/figcaption>\n\t\t\t<\/figure>\n\t\t\t\t\t<\/div>\n\t\t<div class=\"media-content__content\">\n\t\t\t\t\t\t\t\n\n<h2 class=\"wp-block-heading\"><strong>Per saperne di pi\u00f9<\/strong><\/h2>\n\n\n\n<p><\/p>\n\n\n\n<div class=\"wp-block-buttons is-layout-flex wp-block-buttons-is-layout-flex\">\n<div class=\"wp-block-button\"><a class=\"wp-block-button__link has-black-color has-yellow-background-color has-text-color has-background wp-element-button\" href=\"https:\/\/gfieurope.org\/it\/fermentazione\/\">Fermentazione<\/a><\/div>\n\n\n\n<div class=\"wp-block-button is-style-outline is-style-outline--1\"><a class=\"wp-block-button__link has-black-color has-black-background-color has-text-color has-background wp-element-button\" href=\"https:\/\/gfieurope.org\/it\/dona-ora\/\" target=\"_blank\" rel=\"noreferrer noopener\">Dona ora<\/a><\/div>\n<\/div>\n\n\n\t\t\t\t\t<\/div>\n\t<\/div>\n<\/div>\n\n\n\n<p class=\"rank-math-command\"><\/p>\n","protected":false},"excerpt":{"rendered":"<p>Diversificare l&#8217;approvvigionamento proteico dell&#8217;Europa sar\u00e0 essenziale per raggiungere i nostri obiettivi climatici, aumentare la sicurezza alimentare ed espandere un&#8217;agricoltura rispettosa della natura. Gli alimenti a base vegetale svolgeranno un ruolo centrale in un sistema alimentare diversificato, ma per sfruttare il loro potenziale, i prodotti plant-based dovranno soddisfare le aspettative dei consumatori in termini di gusto [&hellip;]<\/p>\n","protected":false},"author":7,"featured_media":0,"parent":0,"menu_order":0,"comment_status":"closed","ping_status":"closed","template":"","meta":{"_acf_changed":false,"_relevanssi_hide_post":"","_relevanssi_hide_content":"","_relevanssi_pin_for_all":"","_relevanssi_pin_keywords":"","_relevanssi_unpin_keywords":"","_relevanssi_related_keywords":"","_relevanssi_related_include_ids":"","_relevanssi_related_exclude_ids":"","_relevanssi_related_no_append":"","_relevanssi_related_not_related":"","_relevanssi_related_posts":"6493,5984,6326,6834,6552,6568","_relevanssi_noindex_reason":"","footnotes":""},"production_platform":[],"topic":[],"class_list":["post-6873","page","type-page","status-publish","hentry","has-blocks"],"acf":[],"_links":{"self":[{"href":"https:\/\/gfieurope.org\/it\/wp-json\/wp\/v2\/pages\/6873","targetHints":{"allow":["GET"]}}],"collection":[{"href":"https:\/\/gfieurope.org\/it\/wp-json\/wp\/v2\/pages"}],"about":[{"href":"https:\/\/gfieurope.org\/it\/wp-json\/wp\/v2\/types\/page"}],"author":[{"embeddable":true,"href":"https:\/\/gfieurope.org\/it\/wp-json\/wp\/v2\/users\/7"}],"replies":[{"embeddable":true,"href":"https:\/\/gfieurope.org\/it\/wp-json\/wp\/v2\/comments?post=6873"}],"version-history":[{"count":23,"href":"https:\/\/gfieurope.org\/it\/wp-json\/wp\/v2\/pages\/6873\/revisions"}],"predecessor-version":[{"id":7351,"href":"https:\/\/gfieurope.org\/it\/wp-json\/wp\/v2\/pages\/6873\/revisions\/7351"}],"wp:attachment":[{"href":"https:\/\/gfieurope.org\/it\/wp-json\/wp\/v2\/media?parent=6873"}],"wp:term":[{"taxonomy":"production_platform","embeddable":true,"href":"https:\/\/gfieurope.org\/it\/wp-json\/wp\/v2\/production_platform?post=6873"},{"taxonomy":"topic","embeddable":true,"href":"https:\/\/gfieurope.org\/it\/wp-json\/wp\/v2\/topic?post=6873"}],"curies":[{"name":"wp","href":"https:\/\/api.w.org\/{rel}","templated":true}]}}